{"id":58,"date":"2015-02-03T18:51:26","date_gmt":"2015-02-03T16:51:26","guid":{"rendered":"http:\/\/tinerimearomana.ro\/orchestra-sinfonietta\/?page_id=58"},"modified":"2023-03-07T16:12:40","modified_gmt":"2023-03-07T14:12:40","slug":"dirijor-principal","status":"publish","type":"page","link":"https:\/\/tinerimearomana.ro\/orchestra-sinfonietta\/despre-noi\/dirijor-principal\/","title":{"rendered":"DIRIJOR PRINCIPAL"},"content":{"rendered":"<div class=\"su-box su-box-style-default\" id=\"\" style=\"border-color:#cbbc79;border-radius:3px;\"><div class=\"su-box-title\" style=\"background-color:#feefac;color:#ab0000;border-top-left-radius:1px;border-top-right-radius:1px\"><strong>HORIA ANDREESCU<\/strong><\/div><div class=\"su-box-content su-u-clearfix su-u-trim\" style=\"border-bottom-left-radius:1px;border-bottom-right-radius:1px\">\n<div class=\"su-row\">\n<div class=\"su-animate\" style=\"opacity:0;-webkit-animation-duration:1.5s;-webkit-animation-delay:0.3s;animation-duration:1.5s;animation-delay:0.3s;\" data-animation=\"fadeInLeft\" data-duration=\"1.5\" data-delay=\"0.3\">\n<div class=\"su-column su-column-size-1-3\"><div class=\"su-column-inner su-u-clearfix su-u-trim\">\n<a href=\"http:\/\/tinerimearomana.ro\/orchestra-sinfonietta\/wp-content\/uploads\/sites\/5\/2014\/11\/Horia-Andreescu.jpg\"><img fetchpriority=\"high\" decoding=\"async\" class=\"alignnone size-full wp-image-34\" src=\"http:\/\/tinerimearomana.ro\/orchestra-sinfonietta\/wp-content\/uploads\/sites\/5\/2014\/11\/Horia-Andreescu.jpg\" alt=\"Horia-Andreescu\" width=\"400\" height=\"430\" \/><\/a><\/p>\n<\/div><\/div>\n<div class=\"su-column su-column-size-3-5\"><div class=\"su-column-inner su-u-clearfix su-u-trim\"><div class=\"su-spacer\" style=\"height:40px\"><\/div>\n<p style=\"text-indent: 50px;\">Horia Andreescu este ast\u0103zi dirijor principal al Filarmonicii \u201eGeorge Enescu\u201d. Fondator al orchestrei de camer\u0103 Virtuozii din Bucure\u015fti, profesor dr. al Universit\u0103\u0163ii Na\u0163ionale de Muzic\u0103 Bucure\u015fti, Horia Andreescu a fost mul\u0163i ani director artistic \u015fi dirijor \u015fef al forma\u0163iilor muzicale Radio.<\/p>\n<p style=\"text-indent: 50px;\">Studiile sale la Universitatea de Muzic\u0103 din Bucure\u015fti (compozi\u0163ie \u015fi dirijat cu profesori excep\u0163ionali), la Academia de Muzic\u0103 de la Viena (cu Hans Swarowski \u015fi Karl Osterreicher), precum \u015fi cursurile cu Sergiu Celibidache sunt o baz\u0103 solid\u0103 a devenirii sale dirijorale. \u00cen ultimii ani s-a ocupat de formarea artistic\u0103 a orchestrei Romanian Simfonietta Orchestra, proiect ini\u021biat de violoncelistul \u0219i profesorul Marin Cazacu, ca laborator artistic de formare a viitorilor membri ai Orchestrei Rom\u00e2ne de Tineret.<\/p>\n<p style=\"text-indent: 50px;\">Din colabor\u0103rile lui Horia Andreescu cu orchestre din Rom\u00e2nia \u015fi str\u0103in\u0103tate \u2013 mai cu seam\u0103 din Germania, unde num\u0103ra 13 ani \u201edirijor oaspete permanent\u201d la Rundfunk Sinfonieorchester Berlin, 10 ani cu aceea\u015fi func\u0163ie la Dresdner Philharmonie \u015fi 21 de ani la Staatskapelle Schwerin \u2013 exist\u0103 peste 60 de \u00eenregistr\u0103ri pe pia\u0163a discografic\u0103, dintre care 16 cu orchestre din Europa.<\/p>\n<\/div><\/div>\n<\/div>\n<\/div><\/div><\/div><div class=\"su-row\">\n<div class=\"su-column su-column-size-1-1\"><div class=\"su-column-inner su-u-clearfix su-u-trim\">\n<div class=\"su-animate\" style=\"opacity:0;-webkit-animation-duration:1.5s;-webkit-animation-delay:0.3s;animation-duration:1.5s;animation-delay:0.3s;\" data-animation=\"fadeInLeft\" data-duration=\"1.5\" data-delay=\"0.3\"> <div class=\"su-box su-box-style-default\" id=\"\" style=\"border-color:#cbbc79;border-radius:3px;\"><div class=\"su-box-title\" style=\"background-color:#feefac;color:#ab0000;border-top-left-radius:1px;border-top-right-radius:1px\"><strong>HORIA ANDREESCU<\/strong><\/div><div class=\"su-box-content su-u-clearfix su-u-trim\" style=\"border-bottom-left-radius:1px;border-bottom-right-radius:1px\">\n<p><a href=\"http:\/\/tinerimearomana.ro\/orchestra-sinfonietta\/wp-content\/uploads\/sites\/5\/2014\/11\/Horia-Andreescu.jpg\"><img decoding=\"async\" class=\"alignnone size-full wp-image-34\" src=\"http:\/\/tinerimearomana.ro\/orchestra-sinfonietta\/wp-content\/uploads\/sites\/5\/2014\/11\/Horia-Andreescu.jpg\" alt=\"Horia-Andreescu\" width=\"600\" height=\"650\" srcset=\"https:\/\/tinerimearomana.ro\/orchestra-sinfonietta\/wp-content\/uploads\/sites\/5\/2014\/11\/Horia-Andreescu.jpg 600w, https:\/\/tinerimearomana.ro\/orchestra-sinfonietta\/wp-content\/uploads\/sites\/5\/2014\/11\/Horia-Andreescu-276x300.jpg 276w\" sizes=\"(max-width: 600px) 100vw, 600px\" \/><\/a><\/p>\n<div class=\"su-spacer\" style=\"height:20px\"><\/div>\n<p style=\"text-indent: 50px;\">Horia Andreescu is now the main conductor of the &#8222;George Enescu&#8221; Philharmonic. Founder of Virtuosi Chamber Orchestra in Bucharest, Professor Phd of the National University of Music Bucharest, Horia Andreescu was artistic director and conductor for many years of Radio music bands.<\/p>\n<p style=\"text-indent: 50px;\">His studies at the University of Music in Bucharest (composition and conducting with exceptional teachers), at the Academy of Music in Vienna (with Hans Swarowski and Karl Osterreicher) as well as courses with Sergiu Celibidache, are a solid basis of his conducting experience. In recent years he dealt with the artistic shaping of the Simfonietta Romanian Orchestra, a project initiated by Marin Cazacu cellist and teacher as an artistic laboratory training future members of the Romanian Youth Orchestra.<\/p>\n<p style=\"text-indent: 50px;\">Out of Horia Andreescu\u2019s collaboration with orchestras from Romania and abroad \u2013 especially in Germany where he was \u201cpermanent guest conductor\u201d at Rundfunk Sinfonieorchester Berlin, 10 years holding the same position at Dresdner Philharmonie and 21 years at Staatskapelle Schwerin \u2013 there are over 60 recordings, out of which 16 with European orchestras.<\/p>\n<\/div><\/div> <\/div>\n<\/div><\/div>\n<\/div>\n","protected":false},"excerpt":{"rendered":"","protected":false},"author":1,"featured_media":0,"parent":8,"menu_order":0,"comment_status":"closed","ping_status":"closed","template":"","meta":{"_kadence_starter_templates_imported_post":false,"_kad_post_transparent":"default","_kad_post_title":"default","_kad_post_layout":"default","_kad_post_sidebar_id":"","_kad_post_content_style":"default","_kad_post_vertical_padding":"default","_kad_post_feature":"","_kad_post_feature_position":"","_kad_post_header":false,"_kad_post_footer":false,"_kad_post_classname":"","footnotes":""},"class_list":["post-58","page","type-page","status-publish","hentry"],"_links":{"self":[{"href":"https:\/\/tinerimearomana.ro\/orchestra-sinfonietta\/wp-json\/wp\/v2\/pages\/58"}],"collection":[{"href":"https:\/\/tinerimearomana.ro\/orchestra-sinfonietta\/wp-json\/wp\/v2\/pages"}],"about":[{"href":"https:\/\/tinerimearomana.ro\/orchestra-sinfonietta\/wp-json\/wp\/v2\/types\/page"}],"author":[{"embeddable":true,"href":"https:\/\/tinerimearomana.ro\/orchestra-sinfonietta\/wp-json\/wp\/v2\/users\/1"}],"replies":[{"embeddable":true,"href":"https:\/\/tinerimearomana.ro\/orchestra-sinfonietta\/wp-json\/wp\/v2\/comments?post=58"}],"version-history":[{"count":14,"href":"https:\/\/tinerimearomana.ro\/orchestra-sinfonietta\/wp-json\/wp\/v2\/pages\/58\/revisions"}],"predecessor-version":[{"id":395,"href":"https:\/\/tinerimearomana.ro\/orchestra-sinfonietta\/wp-json\/wp\/v2\/pages\/58\/revisions\/395"}],"up":[{"embeddable":true,"href":"https:\/\/tinerimearomana.ro\/orchestra-sinfonietta\/wp-json\/wp\/v2\/pages\/8"}],"wp:attachment":[{"href":"https:\/\/tinerimearomana.ro\/orchestra-sinfonietta\/wp-json\/wp\/v2\/media?parent=58"}],"curies":[{"name":"wp","href":"https:\/\/api.w.org\/{rel}","templated":true}]}}