{"id":53,"date":"2015-02-03T17:23:22","date_gmt":"2015-02-03T17:23:22","guid":{"rendered":"http:\/\/tinerimearomana.ro\/orchestra-sinfonietta\/?page_id=53"},"modified":"2023-03-07T16:10:10","modified_gmt":"2023-03-07T14:10:10","slug":"manager-artistic","status":"publish","type":"page","link":"https:\/\/tinerimearomana.ro\/orchestra-sinfonietta\/despre-noi\/manager-artistic\/","title":{"rendered":"MANAGER"},"content":{"rendered":"<div class=\"su-box su-box-style-default\" id=\"\" style=\"border-color:#cbbc79;border-radius:3px;\"><div class=\"su-box-title\" style=\"background-color:#feefac;color:#ab0000;border-top-left-radius:1px;border-top-right-radius:1px\"><strong>MARIN CAZACU<\/strong><\/div><div class=\"su-box-content su-u-clearfix su-u-trim\" style=\"border-bottom-left-radius:1px;border-bottom-right-radius:1px\">\n<div class=\"su-animate\" style=\"opacity:0;-webkit-animation-duration:1.5s;-webkit-animation-delay:0.3s;animation-duration:1.5s;animation-delay:0.3s;\" data-animation=\"fadeInLeft\" data-duration=\"1.5\" data-delay=\"0.3\">\n<div class=\"su-row\">\n<div class=\"su-column su-column-size-1-4\"><div class=\"su-column-inner su-u-clearfix su-u-trim\">\n<p><a href=\"http:\/\/tinerimearomana.ro\/orchestra-romana-tineret\/wp-content\/uploads\/sites\/4\/2014\/11\/mcazacu-casino-sinaia.jpg\"><img fetchpriority=\"high\" decoding=\"async\" class=\"alignnone size-medium wp-image-147\" src=\"http:\/\/tinerimearomana.ro\/orchestra-romana-tineret\/wp-content\/uploads\/sites\/4\/2015\/01\/Marin-Cazacu2.jpg\" alt=\"mcazacu-casino-sinaia\" width=\"265\" height=\"265\" \/><\/a><br \/>\n<\/div><\/div>\n<div class=\"su-column su-column-size-2-3\"><div class=\"su-column-inner su-u-clearfix su-u-trim\">\nMarin Cazacu a studiat violoncelul la Liceul de Muzic\u0103 din Bucure\u015fti cu profesorul Ion Urcan, apoi la Universitatea Na\u0163ional\u0103 de Muzic\u0103 din Bucure\u015fti,cu renumi\u0163ii profesori Serafim Antropov \u015fi Aurel Niculescu. S-a perfec\u0163ionat la Weimar cu profesorul Mez\u00f6 L\u00e1szlo \u015fi a fost asistentul maestrului Radu Aldulescu la cursuri de m\u0103iestrie. Marin Cazacu este laureat al concursurilor interna\u0163ionale de la Geneva, Markneukirchen, Leipzig, Bologna, Belgrad.<\/p>\n<p>Din 1983 este solist al Filarmonicii \u201eGeorge Enescu\u201c din Bucure\u015fti \u015fi desf\u0103\u015foar\u0103 o activitate intens\u0103 at\u00e2t \u00een Rom\u00e2nia, c\u00e2t \u015fi \u00een str\u0103in\u0103tate, sub bagheta unor mari dirijori: Ghenadi Rojdestvenski, Sergiu Comissiona, Lu Jin, Nanse Gum, Cristian Mandeal, Horia Andreescu, Antoni Ros Marba, Mendi Rodan, Misha Katz, Jean P\u00e9risson.<\/p>\n<p>A c\u00e2ntat al\u0103turi de arti\u015fti prestigio\u015fi ca Vladimir Orlov, Valentin Gheorghiu, Radu Aldulescu, Mihaela Martin, Mirel Iancovici, Ilia Grubert, Jeremy Menuhin \u015fi ca membru al forma\u0163iei \u201ePro Arte\u201c \u015fi colaborator al cvartetului \u201eVoces\u201c, precum \u015fi la mari festivaluri europene (M\u00fcnchen, Berlin, Milano, Vene\u0163ia, Valencia, Bratislava, Sofia).<\/p>\n<p>Din anul 1992 pred\u0103 violoncelul la Universitatea Na\u0163ional\u0103 de Muzic\u0103 din Bucure\u015fti. \u00cen 1998 a fondat cvartetul \u201eCellissimo\u201c \u2013 \u00eempreun\u0103 cu Alexandra Gu\u0163u, R\u0103zvan Suma \u015fi Olga M\u0103nescu \u2013 forma\u0163ie cu care a concertat la festivalurile de la Vene\u0163ia, Mateus (Portugalia), Macao, Singapore, Istanbul, Madrid \u015fi Rom\u00e2nia, iar cu studen\u0163ii s\u0103i sus\u0163ine recitaluri de la 8 la 12 violoncele \u00een forma\u0163ia \u201eVioloncellissimo\u201c. A \u00eenregistrat pentru \u201eElectrecord\u201c \u015fi \u201eOlympia\u201c.<br \/>\nIn anul 2006, Marin Cazacu a ob\u0163inut titlul de Doctor \u00een muzic\u0103 sub \u00eendrumarea prof. doctor Octavian Laz\u0103r Cosma.<\/p>\n<\/div><\/div>\n<\/div>\n<\/div>\n<\/div><\/div><div class=\"su-row\"><\/div>\n<div class=\"su-column su-column-size-1-1\"><div class=\"su-column-inner su-u-clearfix su-u-trim\"><\/div><\/div>\n<div class=\"su-animate\" style=\"opacity:0;-webkit-animation-duration:1.5s;-webkit-animation-delay:0.3s;animation-duration:1.5s;animation-delay:0.3s;\" data-animation=\"fadeInLeft\" data-duration=\"1.5\" data-delay=\"0.3\"> <div class=\"su-box su-box-style-default\" id=\"\" style=\"border-color:#cbbc79;border-radius:3px;\"><div class=\"su-box-title\" style=\"background-color:#feefac;color:#ab0000;border-top-left-radius:1px;border-top-right-radius:1px\"><strong>MARIN CAZACU<\/strong><\/div><div class=\"su-box-content su-u-clearfix su-u-trim\" style=\"border-bottom-left-radius:1px;border-bottom-right-radius:1px\">\n<p><a href=\"http:\/\/tinerimearomana.ro\/orchestra-romana-tineret\/wp-content\/uploads\/sites\/4\/2014\/11\/mcazacu-casino-sinaia.jpg\"><img decoding=\"async\" class=\"alignnone size-medium wp-image-147\" src=\"http:\/\/tinerimearomana.ro\/orchestra-romana-tineret\/wp-content\/uploads\/sites\/4\/2015\/01\/Marin-Cazacu2.jpg\" alt=\"mcazacu-casino-sinaia\" width=\"300\" height=\"300\" \/><\/a><\/p>\n<p>Marin Cazacu studied cello at the Liceul de Muzic\u0103 in Bucharest with Professor Ion Urcan, then at the National University of Music in Bucharest, with renowned teachers Serafim Antropov and Aurel Niculescu. He perfected in Weimar with Professor L\u00e1szlo Mezo and he was Radu Aldulescu\u2019s assistance at master classes. Marin Cazacu is a recipient of international competitions in Geneva, Markneukirchen, Leipzig, Bologna, Belgrade.<\/p>\n<p>He has been a soloist of the Philharmonic &#8222;George Enescu&#8221; Bucharest since 1983 and has done extensive work both in Romania and abroad, under the baton of great conductors: Gennady Rojdestvenski, Sergiu Comissiona, Lu Jin, Nanse Gum Cristian Mandel, Horia Andreescu, Antoni Ros Marba, Mendi Rodan, Misha Katz, Jean P\u00e9risson.<\/p>\n<p>He sang together with prestigious artists such as Vladimir Orlov, Valentin Gheorghiu, Radu Aldulescu, Mihaela Martin, Mirel Iancovici, Ilia Grubert, Jeremy Menuhin and as a member of \u201cPro Arte\u201d band and collaborator of \u201cVoces\u201d quartet, as well as for great European festivals (Munich, Berlin, Milan, Venice, Valencia, Bratislava, Sofia).<\/p>\n<p>Since 1992 he has been teaching cello at Universitatea Na\u0163ional\u0103 de Muzic\u0103 from Bucharest. In 1998 he founded \u201cCellissimo\u201d quartet \u2013 together with Alexandra Gu\u0163u, R\u0103zvan Suma and Olga M\u0103nescu \u2013 a group with which he performed at festivals in Venice, Mateus (Portugal), Macao, Singapore, Istanbul, Madrid and Romania and he performs recitals with his students from 8 to 12 cellos in the \u201eVioloncellissimo\u201c band. He recorded for \u201eElectrecord\u201c and \u201eOlympia\u201c.<\/p>\n<\/div><\/div> <\/div>\n","protected":false},"excerpt":{"rendered":"","protected":false},"author":1,"featured_media":54,"parent":8,"menu_order":0,"comment_status":"closed","ping_status":"open","template":"","meta":{"_kadence_starter_templates_imported_post":false,"_kad_post_transparent":"default","_kad_post_title":"default","_kad_post_layout":"default","_kad_post_sidebar_id":"","_kad_post_content_style":"default","_kad_post_vertical_padding":"default","_kad_post_feature":"","_kad_post_feature_position":"","_kad_post_header":false,"_kad_post_footer":false,"_kad_post_classname":"","footnotes":""},"class_list":["post-53","page","type-page","status-publish","has-post-thumbnail","hentry"],"_links":{"self":[{"href":"https:\/\/tinerimearomana.ro\/orchestra-sinfonietta\/wp-json\/wp\/v2\/pages\/53"}],"collection":[{"href":"https:\/\/tinerimearomana.ro\/orchestra-sinfonietta\/wp-json\/wp\/v2\/pages"}],"about":[{"href":"https:\/\/tinerimearomana.ro\/orchestra-sinfonietta\/wp-json\/wp\/v2\/types\/page"}],"author":[{"embeddable":true,"href":"https:\/\/tinerimearomana.ro\/orchestra-sinfonietta\/wp-json\/wp\/v2\/users\/1"}],"replies":[{"embeddable":true,"href":"https:\/\/tinerimearomana.ro\/orchestra-sinfonietta\/wp-json\/wp\/v2\/comments?post=53"}],"version-history":[{"count":7,"href":"https:\/\/tinerimearomana.ro\/orchestra-sinfonietta\/wp-json\/wp\/v2\/pages\/53\/revisions"}],"predecessor-version":[{"id":391,"href":"https:\/\/tinerimearomana.ro\/orchestra-sinfonietta\/wp-json\/wp\/v2\/pages\/53\/revisions\/391"}],"up":[{"embeddable":true,"href":"https:\/\/tinerimearomana.ro\/orchestra-sinfonietta\/wp-json\/wp\/v2\/pages\/8"}],"wp:featuredmedia":[{"embeddable":true,"href":"https:\/\/tinerimearomana.ro\/orchestra-sinfonietta\/wp-json\/wp\/v2\/media\/54"}],"wp:attachment":[{"href":"https:\/\/tinerimearomana.ro\/orchestra-sinfonietta\/wp-json\/wp\/v2\/media?parent=53"}],"curies":[{"name":"wp","href":"https:\/\/api.w.org\/{rel}","templated":true}]}}