{"id":4,"date":"2014-11-10T19:01:54","date_gmt":"2014-11-10T17:01:54","guid":{"rendered":"http:\/\/tinerimearomana.ro\/orchestra-sinfonietta\/?page_id=4"},"modified":"2022-11-10T23:49:53","modified_gmt":"2022-11-10T21:49:53","slug":"prima-pagina","status":"publish","type":"page","link":"https:\/\/tinerimearomana.ro\/orchestra-sinfonietta\/","title":{"rendered":"PRIMA PAGINA"},"content":{"rendered":"\t\t<div data-elementor-type=\"wp-page\" data-elementor-id=\"4\" class=\"elementor elementor-4\">\n\t\t\t\t\t\t<section class=\"elementor-section elementor-top-section elementor-element elementor-element-947bebf elementor-section-full_width elementor-section-height-default elementor-section-height-default\" data-id=\"947bebf\" data-element_type=\"section\" data-settings=\"{&quot;background_background&quot;:&quot;classic&quot;}\">\n\t\t\t\t\t\t<div class=\"elementor-container elementor-column-gap-default\">\n\t\t\t\t\t<div class=\"elementor-column elementor-col-100 elementor-top-column elementor-element elementor-element-66dddc8f\" data-id=\"66dddc8f\" data-element_type=\"column\">\n\t\t\t<div class=\"elementor-widget-wrap elementor-element-populated\">\n\t\t\t\t\t\t<div class=\"elementor-element elementor-element-75b1af23 elementor-widget elementor-widget-text-editor\" data-id=\"75b1af23\" data-element_type=\"widget\" data-widget_type=\"text-editor.default\">\n\t\t\t\t<div class=\"elementor-widget-container\">\n\t\t\t\t\t\t\t\t\t<p>    <video-js id=\"videojs69e344c805bfb\" class=\"vjs-big-play-centered\" preload=\"auto\" autoplay loop muted playsinline data-setup='{\"fluid\": true}'>\r\n        <source src=\"http:\/\/tinerimearomana.ro\/wp-content\/uploads\/orchestra-simfonietta.mp4\" type=\"video\/mp4\" \/>\r\n    <\/video-js>\r\n            <style>\r\n        #videojs69e344c805bfb {\r\n            max-width:1200px;   \r\n        }\r\n        <\/style>       <\/p>\t\t\t\t\t\t\t\t<\/div>\n\t\t\t\t<\/div>\n\t\t\t\t\t<\/div>\n\t\t<\/div>\n\t\t\t\t\t<\/div>\n\t\t<\/section>\n\t\t\t\t<section class=\"elementor-section elementor-top-section elementor-element elementor-element-521b71e elementor-section-full_width elementor-section-height-default elementor-section-height-default\" data-id=\"521b71e\" data-element_type=\"section\">\n\t\t\t\t\t\t<div class=\"elementor-container elementor-column-gap-default\">\n\t\t\t\t\t<div class=\"elementor-column elementor-col-100 elementor-top-column elementor-element elementor-element-34b26da\" data-id=\"34b26da\" data-element_type=\"column\">\n\t\t\t<div class=\"elementor-widget-wrap elementor-element-populated\">\n\t\t\t\t\t\t<div class=\"elementor-element elementor-element-5992660 elementor-widget elementor-widget-text-editor\" data-id=\"5992660\" data-element_type=\"widget\" data-widget_type=\"text-editor.default\">\n\t\t\t\t<div class=\"elementor-widget-container\">\n\t\t\t\t\t\t\t\t\tOrchestra <strong>Romanian Sinfonietta<\/strong>, a debutat \u00een anul 2010 \u00een cadrul Festivalului Interna\u0163ional &#8222;Enescu \u015fi muzica lumii&#8221; de la Sinaia. Orchestra este preg\u0103tit\u0103 de maestrul Horia Andreescu \u015fi a fost \u00eenfiin\u0163at\u0103, al\u0103turi de Orchestra Junior \u0219i Orchestra Rom\u00e2n\u0103 de Tineret, la ini\u0163iativa violoncelistului \u0219i profesorului Marin Cazacu.\n\nAbordarea unor capodopere din repertoriul clasic \u0219i romantic a pornit din necesitatea apropierii tinerilor muzicieni rom\u00e2ni de marea muzic\u0103 simfonic\u0103 \u015fi de la ideea de a-i uni \u00een cea mai impresionant\u0103 munc\u0103 de crea\u0163ie \u015fi responsabilitate individual\u0103 \u015fi colectiv\u0103.\n\n<\/div>\t\t\t\t\t\t\t\t<\/div>\n\t\t\t\t<\/div>\n\t\t\t\t\t<\/div>\n\t\t<\/div>\n\t\t\t\t\t<\/div>\n\t\t<\/section>\n\t\t\t\t<section class=\"elementor-section elementor-top-section elementor-element elementor-element-3e116d1 elementor-section-full_width elementor-section-height-default elementor-section-height-default\" data-id=\"3e116d1\" data-element_type=\"section\">\n\t\t\t\t\t\t<div class=\"elementor-container elementor-column-gap-default\">\n\t\t\t\t\t<div class=\"elementor-column elementor-col-50 elementor-top-column elementor-element elementor-element-0e83363\" data-id=\"0e83363\" data-element_type=\"column\">\n\t\t\t<div class=\"elementor-widget-wrap elementor-element-populated\">\n\t\t\t\t\t\t<div class=\"elementor-element elementor-element-74379a9 elementor-widget elementor-widget-text-editor\" data-id=\"74379a9\" data-element_type=\"widget\" data-widget_type=\"text-editor.default\">\n\t\t\t\t<div class=\"elementor-widget-container\">\n\t\t\t\t\t\t\t\t\t<p>Orchestra este \u00a0alc\u0103tuit\u0103 din tineri muzicieni cu v\u00e2rste cuprinse \u00eentre 16 si 20 ani, selectati la nivel na\u021bional \u0219i a fost invitat\u0103 s\u0103 concerteze la Sinaia, Bu\u0219teni, C\u00e2mpina, Bra\u0219ov, Sibiu \u0219i Bucure\u0219ti<\/p><p>Primele performan\u021be nu au \u00eent\u00e2rziat s\u0103 apar\u0103. Astfel, dup\u0103 preg\u0103tirile \u00a0de la Sinaia din luna august,\u00a0<strong>Orchestra Romanian Sinfonietta<\/strong>\u00a0\u00a0a \u00a0concertat la Ateneul Roman, in cadrul Festivalului \u201c<strong>Magic Summer<\/strong>\u201c \u00een 2012 si 2013. \u00cen anul 2012 \u0219i 2014 orchestra a avut onoarea de a concerta al\u0103turi de marea pianist\u0103 \u00a0Elisabeth Leonskaja.<\/p>\t\t\t\t\t\t\t\t<\/div>\n\t\t\t\t<\/div>\n\t\t\t\t\t<\/div>\n\t\t<\/div>\n\t\t\t\t<div class=\"elementor-column elementor-col-50 elementor-top-column elementor-element elementor-element-45c702e\" data-id=\"45c702e\" data-element_type=\"column\">\n\t\t\t<div class=\"elementor-widget-wrap elementor-element-populated\">\n\t\t\t\t\t\t<div class=\"elementor-element elementor-element-d2de117 elementor-widget elementor-widget-text-editor\" data-id=\"d2de117\" data-element_type=\"widget\" data-widget_type=\"text-editor.default\">\n\t\t\t\t<div class=\"elementor-widget-container\">\n\t\t\t\t\t\t\t\t\t<p><div id=\"metaslider-id-194\" style=\"width: 100%;\" class=\"ml-slider-3-106-0 metaslider metaslider-flex metaslider-194 ml-slider has-dots-nav ms-theme-default\" role=\"region\" aria-label=\"New Slideshow\" data-height=\"500\" data-width=\"800\">\n    <div id=\"metaslider_container_194\">\n        <div id=\"metaslider_194\">\n            <ul class='slides'>\n                <li style=\"display: block; width: 100%;\" class=\"slide-195 ms-image \" aria-roledescription=\"slide\" data-date=\"2019-12-18 16:20:29\" data-filename=\"simfonietta1-800x500.jpg\" data-slide-type=\"image\"><img fetchpriority=\"high\" decoding=\"async\" src=\"https:\/\/tinerimearomana.ro\/orchestra-sinfonietta\/wp-content\/uploads\/sites\/5\/2015\/01\/simfonietta1-800x500.jpg\" height=\"500\" width=\"800\" alt=\"\" class=\"slider-194 slide-195 msDefaultImage\" title=\"simfonietta1\" \/><\/li>\n                <li style=\"display: none; width: 100%;\" class=\"slide-196 ms-image \" aria-roledescription=\"slide\" data-date=\"2019-12-18 16:20:29\" data-filename=\"simfonietta2-800x500.jpg\" data-slide-type=\"image\"><img decoding=\"async\" src=\"https:\/\/tinerimearomana.ro\/orchestra-sinfonietta\/wp-content\/uploads\/sites\/5\/2015\/01\/simfonietta2-800x500.jpg\" height=\"500\" width=\"800\" alt=\"\" class=\"slider-194 slide-196 msDefaultImage\" title=\"simfonietta2\" \/><\/li>\n                <li style=\"display: none; width: 100%;\" class=\"slide-197 ms-image \" aria-roledescription=\"slide\" data-date=\"2019-12-18 16:20:29\" data-filename=\"simfonietta3-800x500.jpg\" data-slide-type=\"image\"><img decoding=\"async\" src=\"https:\/\/tinerimearomana.ro\/orchestra-sinfonietta\/wp-content\/uploads\/sites\/5\/2015\/01\/simfonietta3-800x500.jpg\" height=\"500\" width=\"800\" alt=\"\" class=\"slider-194 slide-197 msDefaultImage\" title=\"simfonietta3\" \/><\/li>\n                <li style=\"display: none; width: 100%;\" class=\"slide-198 ms-image \" aria-roledescription=\"slide\" data-date=\"2019-12-18 16:20:29\" data-filename=\"simfonietta4-800x500.jpg\" data-slide-type=\"image\"><img loading=\"lazy\" decoding=\"async\" src=\"https:\/\/tinerimearomana.ro\/orchestra-sinfonietta\/wp-content\/uploads\/sites\/5\/2015\/01\/simfonietta4-800x500.jpg\" height=\"500\" width=\"800\" alt=\"\" class=\"slider-194 slide-198 msDefaultImage\" title=\"simfonietta4\" \/><\/li>\n                <li style=\"display: none; width: 100%;\" class=\"slide-199 ms-image \" aria-roledescription=\"slide\" data-date=\"2019-12-18 16:20:29\" data-filename=\"simfonietta5-800x500.jpg\" data-slide-type=\"image\"><img loading=\"lazy\" decoding=\"async\" src=\"https:\/\/tinerimearomana.ro\/orchestra-sinfonietta\/wp-content\/uploads\/sites\/5\/2015\/08\/simfonietta5-800x500.jpg\" height=\"500\" width=\"800\" alt=\"\" class=\"slider-194 slide-199 msDefaultImage\" title=\"simfonietta5\" \/><\/li>\n                <li style=\"display: none; width: 100%;\" class=\"slide-200 ms-image \" aria-roledescription=\"slide\" data-date=\"2019-12-18 16:20:29\" data-filename=\"simfonietta6-800x500.jpg\" data-slide-type=\"image\"><img loading=\"lazy\" decoding=\"async\" src=\"https:\/\/tinerimearomana.ro\/orchestra-sinfonietta\/wp-content\/uploads\/sites\/5\/2015\/08\/simfonietta6-800x500.jpg\" height=\"500\" width=\"800\" alt=\"\" class=\"slider-194 slide-200 msDefaultImage\" title=\"simfonietta6\" \/><\/li>\n                <li style=\"display: none; width: 100%;\" class=\"slide-201 ms-image \" aria-roledescription=\"slide\" data-date=\"2019-12-18 16:20:29\" data-filename=\"simfonietta8-800x500.jpg\" data-slide-type=\"image\"><img loading=\"lazy\" decoding=\"async\" src=\"https:\/\/tinerimearomana.ro\/orchestra-sinfonietta\/wp-content\/uploads\/sites\/5\/2015\/08\/simfonietta8-800x500.jpg\" height=\"500\" width=\"800\" alt=\"\" class=\"slider-194 slide-201 msDefaultImage\" title=\"simfonietta8\" \/><\/li>\n                <li style=\"display: none; width: 100%;\" class=\"slide-202 ms-image \" aria-roledescription=\"slide\" data-date=\"2019-12-18 16:20:29\" data-filename=\"simfonietta78-800x500.jpg\" data-slide-type=\"image\"><img loading=\"lazy\" decoding=\"async\" src=\"https:\/\/tinerimearomana.ro\/orchestra-sinfonietta\/wp-content\/uploads\/sites\/5\/2015\/08\/simfonietta78-800x500.jpg\" height=\"500\" width=\"800\" alt=\"\" class=\"slider-194 slide-202 msDefaultImage\" title=\"simfonietta78\" \/><\/li>\n            <\/ul>\n        <\/div>\n        \n    <\/div>\n<\/div><\/p>\t\t\t\t\t\t\t\t<\/div>\n\t\t\t\t<\/div>\n\t\t\t\t\t<\/div>\n\t\t<\/div>\n\t\t\t\t\t<\/div>\n\t\t<\/section>\n\t\t\t\t<\/div>\n\t\t","protected":false},"excerpt":{"rendered":"<p>Orchestra Romanian Sinfonietta, a debutat \u00een anul 2010 \u00een cadrul Festivalului Interna\u0163ional &#8222;Enescu \u015fi muzica lumii&#8221; de la Sinaia. Orchestra este preg\u0103tit\u0103 de maestrul Horia Andreescu \u015fi a fost \u00eenfiin\u0163at\u0103, al\u0103turi de Orchestra Junior \u0219i Orchestra Rom\u00e2n\u0103 de Tineret, la ini\u0163iativa violoncelistului \u0219i profesorului Marin Cazacu. Abordarea unor capodopere din repertoriul clasic \u0219i romantic a&#8230;<\/p>\n","protected":false},"author":1,"featured_media":0,"parent":0,"menu_order":0,"comment_status":"closed","ping_status":"closed","template":"","meta":{"_kadence_starter_templates_imported_post":false,"_kad_post_transparent":"default","_kad_post_title":"hide","_kad_post_layout":"normal","_kad_post_sidebar_id":"","_kad_post_content_style":"default","_kad_post_vertical_padding":"hide","_kad_post_feature":"","_kad_post_feature_position":"","_kad_post_header":false,"_kad_post_footer":false,"_kad_post_classname":"","footnotes":""},"class_list":["post-4","page","type-page","status-publish","hentry"],"_links":{"self":[{"href":"https:\/\/tinerimearomana.ro\/orchestra-sinfonietta\/wp-json\/wp\/v2\/pages\/4"}],"collection":[{"href":"https:\/\/tinerimearomana.ro\/orchestra-sinfonietta\/wp-json\/wp\/v2\/pages"}],"about":[{"href":"https:\/\/tinerimearomana.ro\/orchestra-sinfonietta\/wp-json\/wp\/v2\/types\/page"}],"author":[{"embeddable":true,"href":"https:\/\/tinerimearomana.ro\/orchestra-sinfonietta\/wp-json\/wp\/v2\/users\/1"}],"replies":[{"embeddable":true,"href":"https:\/\/tinerimearomana.ro\/orchestra-sinfonietta\/wp-json\/wp\/v2\/comments?post=4"}],"version-history":[{"count":44,"href":"https:\/\/tinerimearomana.ro\/orchestra-sinfonietta\/wp-json\/wp\/v2\/pages\/4\/revisions"}],"predecessor-version":[{"id":372,"href":"https:\/\/tinerimearomana.ro\/orchestra-sinfonietta\/wp-json\/wp\/v2\/pages\/4\/revisions\/372"}],"wp:attachment":[{"href":"https:\/\/tinerimearomana.ro\/orchestra-sinfonietta\/wp-json\/wp\/v2\/media?parent=4"}],"curies":[{"name":"wp","href":"https:\/\/api.w.org\/{rel}","templated":true}]}}