{"id":2741,"date":"2023-03-18T11:03:14","date_gmt":"2023-03-18T11:03:14","guid":{"rendered":"https:\/\/tinerimearomana.ro\/orchestra-romana-tineret\/?page_id=2741"},"modified":"2023-03-21T18:22:10","modified_gmt":"2023-03-21T18:22:10","slug":"home","status":"publish","type":"page","link":"https:\/\/tinerimearomana.ro\/orchestra-romana-tineret\/en\/home\/","title":{"rendered":"Home"},"content":{"rendered":"\t\t<div data-elementor-type=\"wp-page\" data-elementor-id=\"2741\" class=\"elementor elementor-2741\">\n\t\t\t\t\t\t<section class=\"elementor-section elementor-top-section elementor-element elementor-element-ce9f12b elementor-section-boxed elementor-section-height-default elementor-section-height-default\" data-id=\"ce9f12b\" data-element_type=\"section\">\n\t\t\t\t\t\t<div class=\"elementor-container elementor-column-gap-default\">\n\t\t\t\t\t<div class=\"elementor-column elementor-col-100 elementor-top-column elementor-element elementor-element-d57ebff\" data-id=\"d57ebff\" data-element_type=\"column\">\n\t\t\t<div class=\"elementor-widget-wrap elementor-element-populated\">\n\t\t\t\t\t\t<div class=\"elementor-element elementor-element-b42bea2 elementor-widget elementor-widget-text-editor\" data-id=\"b42bea2\" data-element_type=\"widget\" data-widget_type=\"text-editor.default\">\n\t\t\t\t<div class=\"elementor-widget-container\">\n\t\t\t\t\t\t\t\t\t<p>    <video-js id=\"videojs69efafbca5d4b\" class=\"vjs-big-play-centered\" preload=\"auto\" autoplay loop muted playsinline data-setup='{\"fluid\": true}'>\r\n        <source src=\"http:\/\/tinerimearomana.ro\/wp-content\/uploads\/2014\/11\/orchestra-romana-tineret3.mp4\" type=\"video\/mp4\" \/>\r\n    <\/video-js>\r\n            <style>\r\n        #videojs69efafbca5d4b {\r\n            max-width:1200px;   \r\n        }\r\n        <\/style>       <\/p>\t\t\t\t\t\t\t\t<\/div>\n\t\t\t\t<\/div>\n\t\t\t\t\t<\/div>\n\t\t<\/div>\n\t\t\t\t\t<\/div>\n\t\t<\/section>\n\t\t\t\t<section class=\"elementor-section elementor-top-section elementor-element elementor-element-4a308b02 elementor-section-boxed elementor-section-height-default elementor-section-height-default\" data-id=\"4a308b02\" data-element_type=\"section\">\n\t\t\t\t\t\t<div class=\"elementor-container elementor-column-gap-default\">\n\t\t\t\t\t<div class=\"elementor-column elementor-col-100 elementor-top-column elementor-element elementor-element-63cb6605\" data-id=\"63cb6605\" data-element_type=\"column\">\n\t\t\t<div class=\"elementor-widget-wrap elementor-element-populated\">\n\t\t\t\t\t\t<div class=\"elementor-element elementor-element-36822825 elementor-widget elementor-widget-text-editor\" data-id=\"36822825\" data-element_type=\"widget\" data-widget_type=\"text-editor.default\">\n\t\t\t\t<div class=\"elementor-widget-container\">\n\t\t\t\t\t\t\t\t\t<p><b>A SHORT PRESENTATION<\/b><\/p>\n<p>The Romanian Youth Orchestra was founded in 2008 by cellist Marin Cazacu as part of an arts and education programme supported by the Serafim Antropov Friends of Music Foundation and Lanto Communication. The orchestra brings together Romania\u2019s best young musicians, providing them with a unique experience whose aim is to enable them to achieve their best. In recent years, the Romanian Youth Orchestra has been regarded as the country\u2019s best, and in just a short period of time it has made an international name for itself, with European critics hailing it as one of the world\u2019s leading orchestras.<\/p>\n<p>From the very beginning, Cristian Mandeal has taken charge of training the orchestra. Under his leadership, the orchestra has become a Romanian success story. Able to turn every concert into a memorable event, Cristian Mandeal has given the country an orchestra of international caliber, setting a new standard of excellence.<\/p>\n<p>At present, the Romanian Youth Orchestra: Spirit of Enesco and European Tradition project encompasses various directions for musical development. The aim of the programme is to enable musicians to train within the orchestra, to assimilate a rich repertoire through attendance of masterclasses, and, most importantly of all, to cultivate the pleasure of performing as part of an ensemble alongside internationally renowned conductors and soloists, such as Bogdan B\u0103canu, Sarah Chang, Amanda Forsyth, David Garrett, Stefan Geiger, Andrei Ioni\u021b\u0103, Kristjan J\u00e4rvi, Cristian M\u0103celaru, Roman Kim, Elizabeth Leonskaja, Ivan Ludlow, Plamena Mangova, Valentina Naforni\u021b\u0103, Olga Pasichnyk, Wave Quartet, Peter Sadlo, Olga Scheps, Emmanuel S\u00e9journ\u00e9, Aleksey Semenenko \u0219i Pinchas Zukerman.<\/p>\n<p><\/p>\t\t\t\t\t\t\t\t<\/div>\n\t\t\t\t<\/div>\n\t\t\t\t\t<\/div>\n\t\t<\/div>\n\t\t\t\t\t<\/div>\n\t\t<\/section>\n\t\t\t\t<section class=\"elementor-section elementor-top-section elementor-element elementor-element-df6556d elementor-section-boxed elementor-section-height-default elementor-section-height-default\" data-id=\"df6556d\" data-element_type=\"section\">\n\t\t\t\t\t\t<div class=\"elementor-container elementor-column-gap-default\">\n\t\t\t\t\t<div class=\"elementor-column elementor-col-50 elementor-top-column elementor-element elementor-element-1fcf1b9\" data-id=\"1fcf1b9\" data-element_type=\"column\">\n\t\t\t<div class=\"elementor-widget-wrap elementor-element-populated\">\n\t\t\t\t\t\t<div class=\"elementor-element elementor-element-1d4a046 elementor-widget elementor-widget-text-editor\" data-id=\"1d4a046\" data-element_type=\"widget\" data-widget_type=\"text-editor.default\">\n\t\t\t\t<div class=\"elementor-widget-container\">\n\t\t\t\t\t\t\t\t\t<p>The result is a unique orchestra applauded in packed concert halls and venues that have included the Romanian Athenaeum, Sala Radio, the Georges Enesco International Festival, l\u2019Auditorium Parco della Musica in Rome, the Ravello Festival, the Mahler Festival in Toblach, March Music Day in Ruse, the Youth Orchestras Festival in Milan, the Aix-en-Provence Festival, the Berlin Konzerthaus, and the Berlin Philharmonic, Konzerhaus and Musikverein in Vienna, Grande Salle Pierre Boulez in Paris, Bozar in Bruxelles, and more.<\/p>\t\t\t\t\t\t\t\t<\/div>\n\t\t\t\t<\/div>\n\t\t\t\t<div class=\"elementor-element elementor-element-2935337 elementor-widget elementor-widget-text-editor\" data-id=\"2935337\" data-element_type=\"widget\" data-widget_type=\"text-editor.default\">\n\t\t\t\t<div class=\"elementor-widget-container\">\n\t\t\t\t\t\t\t\t\t<p>Since November 2011, the orchestra has been a member of the European Federation of National Youth Orchestras (EFNYO). As a member of EFNYO, the Romanian Youth Orchestra has taken an active part in the MusXchange programme, which is aimed at helping talented young musicians to take part in youth orchestra exchange programmes throughout Europe.<\/p>\t\t\t\t\t\t\t\t<\/div>\n\t\t\t\t<\/div>\n\t\t\t\t<div class=\"elementor-element elementor-element-73a824a elementor-widget elementor-widget-text-editor\" data-id=\"73a824a\" data-element_type=\"widget\" data-widget_type=\"text-editor.default\">\n\t\t\t\t<div class=\"elementor-widget-container\">\n\t\t\t\t\t\t\t\t\t<p>In 2019 the Romanian young musicians will continue their international presences on new stages from Bulgaria, North Macedonia, Serbia, Germany, Italy and Luxemburg.<\/p><p>Seen as a project that has reached full maturity, the Romanian Youth Orchestra continues its journey through the world of quality music, garnering international recognition, and is an ensemble educated in a spirit of professionalism within an exceptional musical setting.<\/p>\t\t\t\t\t\t\t\t<\/div>\n\t\t\t\t<\/div>\n\t\t\t\t\t<\/div>\n\t\t<\/div>\n\t\t\t\t<div class=\"elementor-column elementor-col-50 elementor-top-column elementor-element elementor-element-62369ae\" data-id=\"62369ae\" data-element_type=\"column\">\n\t\t\t<div class=\"elementor-widget-wrap elementor-element-populated\">\n\t\t\t\t\t\t<section class=\"elementor-section elementor-inner-section elementor-element elementor-element-63c957d elementor-section-boxed elementor-section-height-default elementor-section-height-default\" data-id=\"63c957d\" data-element_type=\"section\">\n\t\t\t\t\t\t<div class=\"elementor-container elementor-column-gap-default\">\n\t\t\t\t\t<div class=\"elementor-column elementor-col-100 elementor-inner-column elementor-element elementor-element-a992708\" data-id=\"a992708\" data-element_type=\"column\">\n\t\t\t<div class=\"elementor-widget-wrap elementor-element-populated\">\n\t\t\t\t\t\t<div class=\"elementor-element elementor-element-40cea40 elementor-widget elementor-widget-text-editor\" data-id=\"40cea40\" data-element_type=\"widget\" data-widget_type=\"text-editor.default\">\n\t\t\t\t<div class=\"elementor-widget-container\">\n\t\t\t\t\t\t\t\t\t<p><div id=\"metaslider-id-2272\" style=\"max-width: 800px;\" class=\"ml-slider-3-106-0 metaslider metaslider-flex metaslider-2272 ml-slider has-dots-nav ms-theme-default\" role=\"region\" aria-label=\"front-page\" data-height=\"500\" data-width=\"800\">\n    <div id=\"metaslider_container_2272\">\n        <div id=\"metaslider_2272\">\n            <ul class='slides'>\n                <li style=\"display: block; width: 100%;\" class=\"slide-2273 ms-image \" aria-roledescription=\"slide\" data-date=\"2021-03-17 09:34:30\" data-filename=\"banner-ORT1-672x420.jpg\" data-slide-type=\"image\"><img fetchpriority=\"high\" decoding=\"async\" src=\"https:\/\/tinerimearomana.ro\/orchestra-romana-tineret\/wp-content\/uploads\/sites\/4\/2015\/01\/banner-ORT1-672x420.jpg\" height=\"500\" width=\"800\" alt=\"\" class=\"slider-2272 slide-2273 msDefaultImage\" title=\"banner-ORT1\" \/><\/li>\n                <li style=\"display: none; width: 100%;\" class=\"slide-2274 ms-image \" aria-roledescription=\"slide\" data-date=\"2021-03-17 09:34:30\" data-filename=\"banner-ORT4-672x420.jpg\" data-slide-type=\"image\"><img decoding=\"async\" src=\"https:\/\/tinerimearomana.ro\/orchestra-romana-tineret\/wp-content\/uploads\/sites\/4\/2015\/01\/banner-ORT4-672x420.jpg\" height=\"500\" width=\"800\" alt=\"\" class=\"slider-2272 slide-2274 msDefaultImage\" title=\"banner-ORT4\" \/><\/li>\n                <li style=\"display: none; width: 100%;\" class=\"slide-2275 ms-image \" aria-roledescription=\"slide\" data-date=\"2021-03-17 09:34:30\" data-filename=\"banner-ORT3-672x420.jpg\" data-slide-type=\"image\"><img decoding=\"async\" src=\"https:\/\/tinerimearomana.ro\/orchestra-romana-tineret\/wp-content\/uploads\/sites\/4\/2015\/01\/banner-ORT3-672x420.jpg\" height=\"500\" width=\"800\" alt=\"\" class=\"slider-2272 slide-2275 msDefaultImage\" title=\"banner-ORT3\" \/><\/li>\n                <li style=\"display: none; width: 100%;\" class=\"slide-2276 ms-image \" aria-roledescription=\"slide\" data-date=\"2021-03-17 09:34:30\" data-filename=\"banner-ORT2-672x420.jpg\" data-slide-type=\"image\"><img loading=\"lazy\" decoding=\"async\" src=\"https:\/\/tinerimearomana.ro\/orchestra-romana-tineret\/wp-content\/uploads\/sites\/4\/2015\/01\/banner-ORT2-672x420.jpg\" height=\"500\" width=\"800\" alt=\"\" class=\"slider-2272 slide-2276 msDefaultImage\" title=\"banner-ORT2\" \/><\/li>\n            <\/ul>\n        <\/div>\n        \n    <\/div>\n<\/div><\/p>\t\t\t\t\t\t\t\t<\/div>\n\t\t\t\t<\/div>\n\t\t\t\t\t<\/div>\n\t\t<\/div>\n\t\t\t\t\t<\/div>\n\t\t<\/section>\n\t\t\t\t<section class=\"elementor-section elementor-inner-section elementor-element elementor-element-acaf521 elementor-section-boxed elementor-section-height-default elementor-section-height-default\" data-id=\"acaf521\" data-element_type=\"section\">\n\t\t\t\t\t\t<div class=\"elementor-container elementor-column-gap-default\">\n\t\t\t\t\t<div class=\"elementor-column elementor-col-50 elementor-inner-column elementor-element elementor-element-1116760\" data-id=\"1116760\" data-element_type=\"column\">\n\t\t\t<div class=\"elementor-widget-wrap elementor-element-populated\">\n\t\t\t\t\t\t<div class=\"elementor-element elementor-element-17137b9 elementor-widget elementor-widget-image\" data-id=\"17137b9\" data-element_type=\"widget\" data-widget_type=\"image.default\">\n\t\t\t\t<div class=\"elementor-widget-container\">\n\t\t\t\t\t\t\t\t\t\t\t\t\t\t\t<img loading=\"lazy\" decoding=\"async\" width=\"300\" height=\"300\" src=\"https:\/\/tinerimearomana.ro\/orchestra-romana-tineret\/wp-content\/uploads\/sites\/4\/2014\/11\/efnyo.jpg\" class=\"attachment-large size-large wp-image-1281\" alt=\"\" srcset=\"https:\/\/tinerimearomana.ro\/orchestra-romana-tineret\/wp-content\/uploads\/sites\/4\/2014\/11\/efnyo.jpg 300w, https:\/\/tinerimearomana.ro\/orchestra-romana-tineret\/wp-content\/uploads\/sites\/4\/2014\/11\/efnyo-150x150.jpg 150w\" sizes=\"(max-width: 300px) 100vw, 300px\" \/>\t\t\t\t\t\t\t\t\t\t\t\t\t\t\t<\/div>\n\t\t\t\t<\/div>\n\t\t\t\t\t<\/div>\n\t\t<\/div>\n\t\t\t\t<div class=\"elementor-column elementor-col-50 elementor-inner-column elementor-element elementor-element-143af55\" data-id=\"143af55\" data-element_type=\"column\">\n\t\t\t<div class=\"elementor-widget-wrap elementor-element-populated\">\n\t\t\t\t\t\t<div class=\"elementor-element elementor-element-a7eb7f4 elementor-widget elementor-widget-image\" data-id=\"a7eb7f4\" data-element_type=\"widget\" data-widget_type=\"image.default\">\n\t\t\t\t<div class=\"elementor-widget-container\">\n\t\t\t\t\t\t\t\t\t\t\t\t\t\t\t<img loading=\"lazy\" decoding=\"async\" width=\"300\" height=\"300\" src=\"https:\/\/tinerimearomana.ro\/orchestra-romana-tineret\/wp-content\/uploads\/sites\/4\/2014\/11\/musxchange.jpg\" class=\"attachment-large size-large wp-image-1282\" alt=\"\" srcset=\"https:\/\/tinerimearomana.ro\/orchestra-romana-tineret\/wp-content\/uploads\/sites\/4\/2014\/11\/musxchange.jpg 300w, https:\/\/tinerimearomana.ro\/orchestra-romana-tineret\/wp-content\/uploads\/sites\/4\/2014\/11\/musxchange-150x150.jpg 150w\" sizes=\"(max-width: 300px) 100vw, 300px\" \/>\t\t\t\t\t\t\t\t\t\t\t\t\t\t\t<\/div>\n\t\t\t\t<\/div>\n\t\t\t\t\t<\/div>\n\t\t<\/div>\n\t\t\t\t\t<\/div>\n\t\t<\/section>\n\t\t\t\t<section class=\"elementor-section elementor-inner-section elementor-element elementor-element-538d8c1 elementor-section-boxed elementor-section-height-default elementor-section-height-default\" data-id=\"538d8c1\" data-element_type=\"section\">\n\t\t\t\t\t\t<div class=\"elementor-container elementor-column-gap-default\">\n\t\t\t\t\t<div class=\"elementor-column elementor-col-100 elementor-inner-column elementor-element elementor-element-59b50c8\" data-id=\"59b50c8\" data-element_type=\"column\">\n\t\t\t<div class=\"elementor-widget-wrap elementor-element-populated\">\n\t\t\t\t\t\t<div class=\"elementor-element elementor-element-8bd0481 elementor-widget elementor-widget-image\" data-id=\"8bd0481\" data-element_type=\"widget\" data-widget_type=\"image.default\">\n\t\t\t\t<div class=\"elementor-widget-container\">\n\t\t\t\t\t\t\t\t\t\t\t\t\t\t\t<img loading=\"lazy\" decoding=\"async\" width=\"600\" height=\"151\" src=\"https:\/\/tinerimearomana.ro\/orchestra-romana-tineret\/wp-content\/uploads\/sites\/4\/2014\/11\/creative_europe_co_funded.jpg\" class=\"attachment-large size-large wp-image-1687\" alt=\"\" srcset=\"https:\/\/tinerimearomana.ro\/orchestra-romana-tineret\/wp-content\/uploads\/sites\/4\/2014\/11\/creative_europe_co_funded.jpg 600w, https:\/\/tinerimearomana.ro\/orchestra-romana-tineret\/wp-content\/uploads\/sites\/4\/2014\/11\/creative_europe_co_funded-300x76.jpg 300w\" sizes=\"(max-width: 600px) 100vw, 600px\" \/>\t\t\t\t\t\t\t\t\t\t\t\t\t\t\t<\/div>\n\t\t\t\t<\/div>\n\t\t\t\t\t<\/div>\n\t\t<\/div>\n\t\t\t\t\t<\/div>\n\t\t<\/section>\n\t\t\t\t\t<\/div>\n\t\t<\/div>\n\t\t\t\t\t<\/div>\n\t\t<\/section>\n\t\t\t\t<\/div>\n\t\t","protected":false},"excerpt":{"rendered":"<p>A SHORT PRESENTATION The Romanian Youth Orchestra was founded in 2008 by cellist Marin Cazacu as part of an arts and education programme supported by the Serafim Antropov Friends of Music Foundation and Lanto Communication. The orchestra brings together Romania\u2019s best young musicians, providing them with a unique experience whose aim is to enable them&#8230;<\/p>\n","protected":false},"author":1,"featured_media":0,"parent":0,"menu_order":0,"comment_status":"closed","ping_status":"closed","template":"elementor_header_footer","meta":{"_kad_post_transparent":"default","_kad_post_title":"hide","_kad_post_layout":"fullwidth","_kad_post_sidebar_id":"","_kad_post_content_style":"unboxed","_kad_post_vertical_padding":"hide","_kad_post_feature":"hide","_kad_post_feature_position":"","_kad_post_header":false,"_kad_post_footer":false,"_kad_post_classname":"","footnotes":""},"class_list":["post-2741","page","type-page","status-publish","hentry"],"_links":{"self":[{"href":"https:\/\/tinerimearomana.ro\/orchestra-romana-tineret\/wp-json\/wp\/v2\/pages\/2741"}],"collection":[{"href":"https:\/\/tinerimearomana.ro\/orchestra-romana-tineret\/wp-json\/wp\/v2\/pages"}],"about":[{"href":"https:\/\/tinerimearomana.ro\/orchestra-romana-tineret\/wp-json\/wp\/v2\/types\/page"}],"author":[{"embeddable":true,"href":"https:\/\/tinerimearomana.ro\/orchestra-romana-tineret\/wp-json\/wp\/v2\/users\/1"}],"replies":[{"embeddable":true,"href":"https:\/\/tinerimearomana.ro\/orchestra-romana-tineret\/wp-json\/wp\/v2\/comments?post=2741"}],"version-history":[{"count":17,"href":"https:\/\/tinerimearomana.ro\/orchestra-romana-tineret\/wp-json\/wp\/v2\/pages\/2741\/revisions"}],"predecessor-version":[{"id":2802,"href":"https:\/\/tinerimearomana.ro\/orchestra-romana-tineret\/wp-json\/wp\/v2\/pages\/2741\/revisions\/2802"}],"wp:attachment":[{"href":"https:\/\/tinerimearomana.ro\/orchestra-romana-tineret\/wp-json\/wp\/v2\/media?parent=2741"}],"curies":[{"name":"wp","href":"https:\/\/api.w.org\/{rel}","templated":true}]}}