{"id":135,"date":"2014-11-13T15:08:57","date_gmt":"2014-11-13T15:08:57","guid":{"rendered":"http:\/\/tinerimearomana.ro\/orchestra-romana-tineret\/?page_id=135"},"modified":"2024-08-06T09:46:38","modified_gmt":"2024-08-06T09:46:38","slug":"director-artistic","status":"publish","type":"page","link":"https:\/\/tinerimearomana.ro\/orchestra-romana-tineret\/despre-noi\/director-artistic\/","title":{"rendered":"MANAGER"},"content":{"rendered":"<div class=\"su-animate\" style=\"opacity:0;-webkit-animation-duration:1.5s;-webkit-animation-delay:0.3s;animation-duration:1.5s;animation-delay:0.3s;\" data-animation=\"fadeInLeft\" data-duration=\"1.5\" data-delay=\"0.3\"><\/div> <div class=\"su-box su-box-style-default\" id=\"\" style=\"border-color:#cbbc79;border-radius:3px;\"><div class=\"su-box-title\" style=\"background-color:#feefac;color:#ab0000;border-top-left-radius:1px;border-top-right-radius:1px\">MARIN CAZACU<\/div><div class=\"su-box-content su-u-clearfix su-u-trim\" style=\"border-bottom-left-radius:1px;border-bottom-right-radius:1px\">\n<div class=\"su-row\">\n<div class=\"su-column su-column-size-1-4\"><div class=\"su-column-inner su-u-clearfix su-u-trim\">\n<div class=\"su-spacer\" style=\"height:20px\"><\/div>\n<a href=\"http:\/\/tinerimearomana.ro\/orchestra-romana-tineret\/wp-content\/uploads\/sites\/4\/2014\/11\/mcazacu-casino-sinaia.jpg\"><img fetchpriority=\"high\" decoding=\"async\" class=\"alignnone size-medium wp-image-147\" src=\"http:\/\/tinerimearomana.ro\/orchestra-romana-tineret\/wp-content\/uploads\/sites\/4\/2015\/01\/Marin-Cazacu2.jpg\" alt=\"mcazacu-casino-sinaia\" width=\"300\" height=\"300\" \/><\/a><\/div><\/div>\n<div class=\"su-column su-column-size-3-4\"><div class=\"su-column-inner su-u-clearfix su-u-trim\">\nMarin Cazacu a studiat violoncelul la Liceul de Muzic\u0103 din Bucure\u015fti cu profesorul Ion Urcan, apoi la Universitatea Na\u0163ional\u0103 de Muzic\u0103 din Bucure\u015fti,cu renumi\u0163ii profesori Serafim Antropov \u015fi Aurel Niculescu. S-a perfec\u0163ionat la Weimar cu profesorul Mez\u00f6 L\u00e1szlo \u015fi a fost asistentul maestrului Radu Aldulescu la cursuri de m\u0103iestrie. Marin Cazacu este laureat al concursurilor interna\u0163ionale de la Geneva, Markneukirchen, Leipzig, Bologna, Belgrad.<\/p>\n<p>Din 1983 este solist al Filarmonicii \u201eGeorge Enescu\u201c din Bucure\u015fti \u015fi desf\u0103\u015foar\u0103 o activitate intens\u0103 at\u00e2t \u00een Rom\u00e2nia, c\u00e2t \u015fi \u00een str\u0103in\u0103tate, sub bagheta unor mari dirijori: Ghenadi Rojdestvenski, Sergiu Comissiona, Lu Jin, Nanse Gum, Cristian Mandeal, Horia Andreescu, Antoni Ros Marba, Mendi Rodan, Misha Katz, Jean P\u00e9risson.<\/p>\n<p>A c\u00e2ntat al\u0103turi de arti\u015fti prestigio\u015fi ca Vladimir Orlov, Valentin Gheorghiu, Radu Aldulescu, Mihaela Martin, Mirel Iancovici, Ilia Grubert, Jeremy Menuhin \u015fi ca membru al forma\u0163iei \u201ePro Arte\u201c \u015fi colaborator al cvartetului \u201eVoces\u201c, precun \u015fi la mari festivaluri europene (M\u00fcnchen, Berlin, Milano, Vene\u0163ia, Valencia, Bratislava, Sofia).<\/p>\n<p>Din anul 1992 pred\u0103 violoncelul la Universitatea Na\u0163ional\u0103 de Muzic\u0103 din Bucure\u015fti. \u00cen 1998 a fondat cvartetul \u201eCellissimo\u201c \u2013 \u00eempreun\u0103 cu Alexandra Gu\u0163u, R\u0103zvan Suma \u015fi Olga M\u0103nescu \u2013 forma\u0163ie cu care a concertat la festivalurile de la Vene\u0163ia, Mateus (Portugalia), Macao, Singapore, Istanbul, Madrid \u015fi Rom\u00e2nia, iar cu studen\u0163ii s\u0103i sus\u0163ine recitaluri de la 8 la 12 violoncele \u00een forma\u0163ia \u201eVioloncellissimo\u201c. A \u00eenregistrat pentru \u201eElectrecord\u201c \u015fi \u201eOlympia\u201c.<br \/>\nIn anul 2006, Marin Cazacu a ob\u0163inut titlul de Doctor \u00een muzic\u0103 sub \u00eendrumarea prof. doctor Octavian Laz\u0103r Cosma.<\/p>\n<\/div><\/div>\n<\/div><\/div><\/div><div class=\"su-row\"><\/div>\n","protected":false},"excerpt":{"rendered":"","protected":false},"author":1,"featured_media":2047,"parent":6,"menu_order":0,"comment_status":"closed","ping_status":"closed","template":"","meta":{"_kad_post_transparent":"default","_kad_post_title":"default","_kad_post_layout":"default","_kad_post_sidebar_id":"","_kad_post_content_style":"default","_kad_post_vertical_padding":"default","_kad_post_feature":"","_kad_post_feature_position":"","_kad_post_header":false,"_kad_post_footer":false,"_kad_post_classname":"","footnotes":""},"class_list":["post-135","page","type-page","status-publish","has-post-thumbnail","hentry"],"_links":{"self":[{"href":"https:\/\/tinerimearomana.ro\/orchestra-romana-tineret\/wp-json\/wp\/v2\/pages\/135"}],"collection":[{"href":"https:\/\/tinerimearomana.ro\/orchestra-romana-tineret\/wp-json\/wp\/v2\/pages"}],"about":[{"href":"https:\/\/tinerimearomana.ro\/orchestra-romana-tineret\/wp-json\/wp\/v2\/types\/page"}],"author":[{"embeddable":true,"href":"https:\/\/tinerimearomana.ro\/orchestra-romana-tineret\/wp-json\/wp\/v2\/users\/1"}],"replies":[{"embeddable":true,"href":"https:\/\/tinerimearomana.ro\/orchestra-romana-tineret\/wp-json\/wp\/v2\/comments?post=135"}],"version-history":[{"count":13,"href":"https:\/\/tinerimearomana.ro\/orchestra-romana-tineret\/wp-json\/wp\/v2\/pages\/135\/revisions"}],"predecessor-version":[{"id":2881,"href":"https:\/\/tinerimearomana.ro\/orchestra-romana-tineret\/wp-json\/wp\/v2\/pages\/135\/revisions\/2881"}],"up":[{"embeddable":true,"href":"https:\/\/tinerimearomana.ro\/orchestra-romana-tineret\/wp-json\/wp\/v2\/pages\/6"}],"wp:featuredmedia":[{"embeddable":true,"href":"https:\/\/tinerimearomana.ro\/orchestra-romana-tineret\/wp-json\/wp\/v2\/media\/2047"}],"wp:attachment":[{"href":"https:\/\/tinerimearomana.ro\/orchestra-romana-tineret\/wp-json\/wp\/v2\/media?parent=135"}],"curies":[{"name":"wp","href":"https:\/\/api.w.org\/{rel}","templated":true}]}}