{"id":82,"date":"2018-05-31T07:58:28","date_gmt":"2018-05-31T07:58:28","guid":{"rendered":"http:\/\/tinerimearomana.ro\/orchestra-nationala-simfonica\/?page_id=82"},"modified":"2018-05-31T07:58:28","modified_gmt":"2018-05-31T07:58:28","slug":"despre-noi","status":"publish","type":"page","link":"https:\/\/tinerimearomana.ro\/orchestra-nationala-simfonica\/ro\/despre-noi\/","title":{"rendered":"DESPRE NOI"},"content":{"rendered":"<p><strong>Orchestra Na\u021bional\u0103 Simfonic\u0103 a Rom\u00e2niei, o istorie a succesului!<\/strong><\/p>\n<p>\u00cen 2008, violoncelistul \u0219i profesorul Marin Cazacu a format Orchestra Rom\u00e2n\u0103 de Tineret, forma\u021bie care a cunoscut\u00a0 \u00een foarte scurt timp un mare succes pe scene de prestigiu din Rom\u00e2nia \u0219i din Europa. Drept urmare, pentru a acoperi toate categoriile de v\u00e2rst\u0103, \u00een urm\u0103torii trei ani au fost formate\u00a0 Romanian Sinfonietta Orchestra \u0219i Orchestra Junior, toate trei form\u00e2nd Orchestrele Na\u021bionale de Tineret ale Rom\u00e2niei, cel mai amplu \u0219i important proiect educa\u021bional muzical din\u00a0 \u021bar\u0103.<\/p>\n<p>\u00cencep\u00e2nd cu prima genera\u021bie de \u201cabsolven\u021bi\u201d ai Orchestrelor Na\u021bionale de Tineret ale Rom\u00e2niei, tinerii muzicieni au dorit s\u0103 continue proiectul al\u0103turi de cei mai buni dintre colegii lor, form\u00e2nd astfel <strong>Orchestra Na\u021bional\u0103 Simfonic\u0103 a Rom\u00e2niei<\/strong>, cea mai valoroas\u0103 selec\u021bionat\u0103 a participan\u021bilor la acest proiect.<\/p>\n<p>Aceast\u0103 orchestr\u0103 a participat deja la numeroase proiecte interna\u021bionale de mare prestigiu \u00een spa\u021biul european \u00een \u021b\u0103ri precum Germania, Fran\u021ba, Bulgaria, Italia, Moldova \u0219i Elve\u021bia evolu\u00e2nd al\u0103turi de mari mae\u0219trii ai artei dirijorale \u0219i interpretative precum \u00a0Pinchas Zukerman, Cristian Macelaru, David Garrett, Sarah Chang, Cristian Mandeal, etc.<\/p>\n<p>Orchestra Na\u021bional\u0103 Simfonic\u0103 a Rom\u00e2niei a realizat, \u00een premier\u0103 pentru orchestrele simfonice rom\u00e2ne\u0219ti, apari\u021bii discografice la prestigioase case de discuri precum <em>Genuine<\/em> (CD-ul <em>Lauda Concertata<\/em> al\u0103turi de <em>Wave<\/em> Marimba Quartett, dirijor Cristian Mandeal) \u0219i <em>Larghetto<\/em> (\u00een cadrul unui dublu CD cu muzica de film compus\u0103 \u0219i dirijat\u0103 de Vladimir Cosma). \u00cen ultima parte a anului 2018, Orchestra Na\u021bional\u0103 Simfonic\u0103 a Rom\u00e2niei va fi de asemenea protagonista unui proiect discografic al casei de discuri <em>Sony<\/em>, al\u0103turi de t\u00e2n\u0103rul percu\u021bionist de talie interna\u021bional\u0103 Christoph Sietzen.<\/p>\n<p><strong>Orchestra Na\u021bional\u0103 Simfonic\u0103 a Rom\u00e2niei are ca principal\u0103 misiune punerea \u00een valoare \u00een plan na\u021bional \u0219i interna\u021bional a poten\u021bialului creativ al culturii rom\u00e2ne, prin arta tinerilor muzicieni din Rom\u00e2nia.<\/strong><\/p>\n","protected":false},"excerpt":{"rendered":"<p>Orchestra Na\u021bional\u0103 Simfonic\u0103 a Rom\u00e2niei, o istorie a succesului! \u00cen 2008, violoncelistul \u0219i profesorul Marin Cazacu a format Orchestra Rom\u00e2n\u0103 de Tineret, forma\u021bie care a cunoscut\u00a0 \u00een foarte scurt timp un mare succes pe scene de prestigiu din Rom\u00e2nia \u0219i din Europa. Drept urmare, pentru a acoperi toate categoriile de v\u00e2rst\u0103, \u00een urm\u0103torii trei ani&#8230;<\/p>\n","protected":false},"author":1,"featured_media":0,"parent":0,"menu_order":0,"comment_status":"closed","ping_status":"closed","template":"","meta":{"_kad_post_transparent":"","_kad_post_title":"","_kad_post_layout":"","_kad_post_sidebar_id":"","_kad_post_content_style":"","_kad_post_vertical_padding":"","_kad_post_feature":"","_kad_post_feature_position":"","_kad_post_header":false,"_kad_post_footer":false,"_kad_post_classname":"","footnotes":""},"class_list":["post-82","page","type-page","status-publish","hentry"],"_links":{"self":[{"href":"https:\/\/tinerimearomana.ro\/orchestra-nationala-simfonica\/wp-json\/wp\/v2\/pages\/82"}],"collection":[{"href":"https:\/\/tinerimearomana.ro\/orchestra-nationala-simfonica\/wp-json\/wp\/v2\/pages"}],"about":[{"href":"https:\/\/tinerimearomana.ro\/orchestra-nationala-simfonica\/wp-json\/wp\/v2\/types\/page"}],"author":[{"embeddable":true,"href":"https:\/\/tinerimearomana.ro\/orchestra-nationala-simfonica\/wp-json\/wp\/v2\/users\/1"}],"replies":[{"embeddable":true,"href":"https:\/\/tinerimearomana.ro\/orchestra-nationala-simfonica\/wp-json\/wp\/v2\/comments?post=82"}],"version-history":[{"count":2,"href":"https:\/\/tinerimearomana.ro\/orchestra-nationala-simfonica\/wp-json\/wp\/v2\/pages\/82\/revisions"}],"predecessor-version":[{"id":100,"href":"https:\/\/tinerimearomana.ro\/orchestra-nationala-simfonica\/wp-json\/wp\/v2\/pages\/82\/revisions\/100"}],"wp:attachment":[{"href":"https:\/\/tinerimearomana.ro\/orchestra-nationala-simfonica\/wp-json\/wp\/v2\/media?parent=82"}],"curies":[{"name":"wp","href":"https:\/\/api.w.org\/{rel}","templated":true}]}}