{"id":59,"date":"2018-05-31T07:40:14","date_gmt":"2018-05-31T07:40:14","guid":{"rendered":"http:\/\/tinerimearomana.ro\/orchestra-nationala-simfonica\/?page_id=59"},"modified":"2025-03-03T12:45:39","modified_gmt":"2025-03-03T12:45:39","slug":"prima-pagina","status":"publish","type":"page","link":"https:\/\/tinerimearomana.ro\/orchestra-nationala-simfonica\/ro\/prima-pagina\/","title":{"rendered":"PRIMA PAGINA"},"content":{"rendered":"    <video-js id=\"videojs69f9e18582fb6\" class=\"vjs-big-play-centered\" preload=\"auto\" autoplay loop muted playsinline data-setup='{\"fluid\": true}'>\r\n        <source src=\"http:\/\/tinerimearomana.ro\/wp-content\/uploads\/ONSR-ROM.mp4\" type=\"video\/mp4\" \/>\r\n    <\/video-js>\r\n            <style>\r\n        #videojs69f9e18582fb6 {\r\n            max-width:1200px;   \r\n        }\r\n        <\/style>       \n<p><strong>Orchestra Na\u021bional\u0103 Simfonic\u0103 a Rom\u00e2niei, o istorie a succesului!<\/strong><\/p>\n<p>\u00cen 2008, violoncelistul \u0219i profesorul Marin Cazacu a format Orchestra Rom\u00e2n\u0103 de Tineret, forma\u021bie care a cunoscut\u00a0 \u00een foarte scurt timp un mare succes pe scene de prestigiu din Rom\u00e2nia \u0219i din Europa. Drept urmare, pentru a acoperi toate categoriile de v\u00e2rst\u0103, \u00een urm\u0103torii trei ani au fost formate\u00a0 Romanian Sinfonietta Orchestra \u0219i Orchestra Junior, toate trei form\u00e2nd Orchestrele Na\u021bionale de Tineret ale Rom\u00e2niei, cel mai amplu \u0219i important proiect educa\u021bional muzical din\u00a0 \u021bar\u0103.<\/p>\n<p>\u00cencep\u00e2nd cu prima genera\u021bie de \u201cabsolven\u021bi\u201d ai Orchestrelor Na\u021bionale de Tineret ale Rom\u00e2niei, tinerii muzicieni au dorit s\u0103 continue proiectul al\u0103turi de cei mai buni dintre colegii lor, form\u00e2nd astfel <strong>Orchestra Na\u021bional\u0103 Simfonic\u0103 a Rom\u00e2niei<\/strong>, cea mai valoroas\u0103 selec\u021bionat\u0103 a participan\u021bilor la acest proiect.<\/p>\n<p><a href=\"http:\/\/tinerimearomana.ro\/orchestra-nationala-simfonica\/ro\/despre-noi\/\">Vezi mai mult despre noi aici<\/a><\/p>\n<p>&nbsp;<\/p>\n","protected":false},"excerpt":{"rendered":"<p>Orchestra Na\u021bional\u0103 Simfonic\u0103 a Rom\u00e2niei, o istorie a succesului! \u00cen 2008, violoncelistul \u0219i profesorul Marin Cazacu a format Orchestra Rom\u00e2n\u0103 de Tineret, forma\u021bie care a cunoscut\u00a0 \u00een foarte scurt timp un mare succes pe scene de prestigiu din Rom\u00e2nia \u0219i din Europa. Drept urmare, pentru a acoperi toate categoriile de v\u00e2rst\u0103, \u00een urm\u0103torii trei ani&#8230;<\/p>\n","protected":false},"author":1,"featured_media":0,"parent":0,"menu_order":0,"comment_status":"closed","ping_status":"closed","template":"","meta":{"_kad_post_transparent":"","_kad_post_title":"","_kad_post_layout":"","_kad_post_sidebar_id":"","_kad_post_content_style":"","_kad_post_vertical_padding":"","_kad_post_feature":"","_kad_post_feature_position":"","_kad_post_header":false,"_kad_post_footer":false,"_kad_post_classname":"","footnotes":""},"class_list":["post-59","page","type-page","status-publish","hentry"],"_links":{"self":[{"href":"https:\/\/tinerimearomana.ro\/orchestra-nationala-simfonica\/wp-json\/wp\/v2\/pages\/59"}],"collection":[{"href":"https:\/\/tinerimearomana.ro\/orchestra-nationala-simfonica\/wp-json\/wp\/v2\/pages"}],"about":[{"href":"https:\/\/tinerimearomana.ro\/orchestra-nationala-simfonica\/wp-json\/wp\/v2\/types\/page"}],"author":[{"embeddable":true,"href":"https:\/\/tinerimearomana.ro\/orchestra-nationala-simfonica\/wp-json\/wp\/v2\/users\/1"}],"replies":[{"embeddable":true,"href":"https:\/\/tinerimearomana.ro\/orchestra-nationala-simfonica\/wp-json\/wp\/v2\/comments?post=59"}],"version-history":[{"count":15,"href":"https:\/\/tinerimearomana.ro\/orchestra-nationala-simfonica\/wp-json\/wp\/v2\/pages\/59\/revisions"}],"predecessor-version":[{"id":330,"href":"https:\/\/tinerimearomana.ro\/orchestra-nationala-simfonica\/wp-json\/wp\/v2\/pages\/59\/revisions\/330"}],"wp:attachment":[{"href":"https:\/\/tinerimearomana.ro\/orchestra-nationala-simfonica\/wp-json\/wp\/v2\/media?parent=59"}],"curies":[{"name":"wp","href":"https:\/\/api.w.org\/{rel}","templated":true}]}}