{"id":55,"date":"2015-02-03T17:28:08","date_gmt":"2015-02-03T17:28:08","guid":{"rendered":"http:\/\/tinerimearomana.ro\/orchestra-junior\/?page_id=55"},"modified":"2022-09-22T22:49:51","modified_gmt":"2022-09-22T22:49:51","slug":"manager-artistic","status":"publish","type":"page","link":"https:\/\/tinerimearomana.ro\/orchestra-junior\/despre-noi\/manager-artistic\/","title":{"rendered":"MANAGER"},"content":{"rendered":"\t\t<div data-elementor-type=\"wp-page\" data-elementor-id=\"55\" class=\"elementor elementor-55\">\n\t\t\t\t\t\t<section class=\"elementor-section elementor-top-section elementor-element elementor-element-280ac1b9 elementor-section-boxed elementor-section-height-default elementor-section-height-default\" data-id=\"280ac1b9\" data-element_type=\"section\">\n\t\t\t\t\t\t<div class=\"elementor-container elementor-column-gap-default\">\n\t\t\t\t\t<div class=\"elementor-column elementor-col-100 elementor-top-column elementor-element elementor-element-10976c0e\" data-id=\"10976c0e\" data-element_type=\"column\">\n\t\t\t<div class=\"elementor-widget-wrap elementor-element-populated\">\n\t\t\t\t\t\t<div class=\"elementor-element elementor-element-1143663d elementor-widget elementor-widget-text-editor\" data-id=\"1143663d\" data-element_type=\"widget\" data-widget_type=\"text-editor.default\">\n\t\t\t\t<div class=\"elementor-widget-container\">\n\t\t\t\t\t\t\t\t\t<div class=\"su-animate\" style=\"opacity:0;-webkit-animation-duration:1.5s;-webkit-animation-delay:0.3s;animation-duration:1.5s;animation-delay:0.3s;\" data-animation=\"fadeInLeft\" data-duration=\"1.5\" data-delay=\"0.3\"><\/div> <div class=\"su-box su-box-style-default\" id=\"\" style=\"border-color:#cbbc79;border-radius:3px;\"><div class=\"su-box-title\" style=\"background-color:#feefac;color:#ab0000;border-top-left-radius:1px;border-top-right-radius:1px\"><strong>MARIN CAZACU<\/strong><\/div><div class=\"su-box-content su-u-clearfix su-u-trim\" style=\"border-bottom-left-radius:1px;border-bottom-right-radius:1px\"><\/div><\/div>\t\t\t\t\t\t\t\t<\/div>\n\t\t\t\t<\/div>\n\t\t\t\t\t<\/div>\n\t\t<\/div>\n\t\t\t\t\t<\/div>\n\t\t<\/section>\n\t\t\t\t<section class=\"elementor-section elementor-top-section elementor-element elementor-element-2afc620 elementor-section-boxed elementor-section-height-default elementor-section-height-default\" data-id=\"2afc620\" data-element_type=\"section\">\n\t\t\t\t\t\t<div class=\"elementor-container elementor-column-gap-default\">\n\t\t\t\t\t<div class=\"elementor-column elementor-col-33 elementor-top-column elementor-element elementor-element-6fa485a\" data-id=\"6fa485a\" data-element_type=\"column\">\n\t\t\t<div class=\"elementor-widget-wrap elementor-element-populated\">\n\t\t\t\t\t\t<div class=\"elementor-element elementor-element-c4910d4 elementor-widget elementor-widget-image\" data-id=\"c4910d4\" data-element_type=\"widget\" data-widget_type=\"image.default\">\n\t\t\t\t<div class=\"elementor-widget-container\">\n\t\t\t\t\t\t\t\t\t\t\t\t\t\t\t<img fetchpriority=\"high\" decoding=\"async\" width=\"674\" height=\"651\" src=\"https:\/\/tinerimearomana.ro\/orchestra-junior\/wp-content\/uploads\/sites\/7\/2015\/02\/Marin-Cazacu2.jpg\" class=\"attachment-large size-large wp-image-56\" alt=\"\" srcset=\"https:\/\/tinerimearomana.ro\/orchestra-junior\/wp-content\/uploads\/sites\/7\/2015\/02\/Marin-Cazacu2.jpg 674w, https:\/\/tinerimearomana.ro\/orchestra-junior\/wp-content\/uploads\/sites\/7\/2015\/02\/Marin-Cazacu2-300x289.jpg 300w\" sizes=\"(max-width: 674px) 100vw, 674px\" \/>\t\t\t\t\t\t\t\t\t\t\t\t\t\t\t<\/div>\n\t\t\t\t<\/div>\n\t\t\t\t\t<\/div>\n\t\t<\/div>\n\t\t\t\t<div class=\"elementor-column elementor-col-66 elementor-top-column elementor-element elementor-element-f481740\" data-id=\"f481740\" data-element_type=\"column\">\n\t\t\t<div class=\"elementor-widget-wrap elementor-element-populated\">\n\t\t\t\t\t\t<div class=\"elementor-element elementor-element-8399433 elementor-widget elementor-widget-text-editor\" data-id=\"8399433\" data-element_type=\"widget\" data-widget_type=\"text-editor.default\">\n\t\t\t\t<div class=\"elementor-widget-container\">\n\t\t\t\t\t\t\t\t\t<p>Marin Cazacu a studiat violoncelul la Liceul de Muzic\u0103 din Bucure\u015fti cu profesorul Ion Urcan, apoi la Universitatea Na\u0163ional\u0103 de Muzic\u0103 din Bucure\u015fti,cu renumi\u0163ii profesori Serafim Antropov \u015fi Aurel Niculescu. S-a perfec\u0163ionat la Weimar cu profesorul Mez\u00f6 L\u00e1szlo \u015fi a fost asistentul maestrului Radu Aldulescu la cursuri de m\u0103iestrie. Marin Cazacu este laureat al concursurilor interna\u0163ionale de la Geneva, Markneukirchen, Leipzig, Bologna, Belgrad.<\/p><p>Din 1983 este solist al Filarmonicii \u201eGeorge Enescu\u201c din Bucure\u015fti \u015fi desf\u0103\u015foar\u0103 o activitate intens\u0103 at\u00e2t \u00een Rom\u00e2nia, c\u00e2t \u015fi \u00een str\u0103in\u0103tate, sub bagheta unor mari dirijori: Ghenadi Rojdestvenski, Sergiu Comissiona, Lu Jin, Nanse Gum, Cristian Mandeal, Horia Andreescu, Antoni Ros Marba, Mendi Rodan, Misha Katz, Jean P\u00e9risson.<\/p><p>A c\u00e2ntat al\u0103turi de arti\u015fti prestigio\u015fi ca Vladimir Orlov, Valentin Gheorghiu, Radu Aldulescu, Mihaela Martin, Mirel Iancovici, Ilia Grubert, Jeremy Menuhin \u015fi ca membru al forma\u0163iei \u201ePro Arte\u201c \u015fi colaborator al cvartetului \u201eVoces\u201c, precum \u015fi la mari festivaluri europene (M\u00fcnchen, Berlin, Milano, Vene\u0163ia, Valencia, Bratislava, Sofia).<\/p><p>Din anul 1992 pred\u0103 violoncelul la Universitatea Na\u0163ional\u0103 de Muzic\u0103 din Bucure\u015fti. \u00cen 1998 a fondat cvartetul \u201eCellissimo\u201c \u2013 \u00eempreun\u0103 cu Alexandra Gu\u0163u, R\u0103zvan Suma \u015fi Olga M\u0103nescu \u2013 forma\u0163ie cu care a concertat la festivalurile de la Vene\u0163ia, Mateus (Portugalia), Macao, Singapore, Istanbul, Madrid \u015fi Rom\u00e2nia, iar cu studen\u0163ii s\u0103i sus\u0163ine recitaluri de la 8 la 12 violoncele \u00een forma\u0163ia \u201eVioloncellissimo\u201c. A \u00eenregistrat pentru \u201eElectrecord\u201c \u015fi \u201eOlympia\u201c.<br \/>In anul 2006, Marin Cazacu a ob\u0163inut titlul de Doctor \u00een muzic\u0103 sub \u00eendrumarea prof. doctor Octavian Laz\u0103r Cosma.<\/p>\t\t\t\t\t\t\t\t<\/div>\n\t\t\t\t<\/div>\n\t\t\t\t\t<\/div>\n\t\t<\/div>\n\t\t\t\t\t<\/div>\n\t\t<\/section>\n\t\t\t\t<\/div>\n\t\t","protected":false},"excerpt":{"rendered":"<p>Marin Cazacu a studiat violoncelul la Liceul de Muzic\u0103 din Bucure\u015fti cu profesorul Ion Urcan, apoi la Universitatea Na\u0163ional\u0103 de Muzic\u0103 din Bucure\u015fti,cu renumi\u0163ii profesori Serafim Antropov \u015fi Aurel Niculescu. S-a perfec\u0163ionat la Weimar cu profesorul Mez\u00f6 L\u00e1szlo \u015fi a fost asistentul maestrului Radu Aldulescu la cursuri de m\u0103iestrie. Marin Cazacu este laureat al concursurilor&#8230;<\/p>\n","protected":false},"author":1,"featured_media":144,"parent":13,"menu_order":0,"comment_status":"open","ping_status":"open","template":"","meta":{"_kad_post_transparent":"default","_kad_post_title":"default","_kad_post_layout":"default","_kad_post_sidebar_id":"","_kad_post_content_style":"default","_kad_post_vertical_padding":"default","_kad_post_feature":"","_kad_post_feature_position":"","_kad_post_header":false,"_kad_post_footer":false,"_kad_post_classname":"","footnotes":""},"class_list":["post-55","page","type-page","status-publish","has-post-thumbnail","hentry"],"_links":{"self":[{"href":"https:\/\/tinerimearomana.ro\/orchestra-junior\/wp-json\/wp\/v2\/pages\/55"}],"collection":[{"href":"https:\/\/tinerimearomana.ro\/orchestra-junior\/wp-json\/wp\/v2\/pages"}],"about":[{"href":"https:\/\/tinerimearomana.ro\/orchestra-junior\/wp-json\/wp\/v2\/types\/page"}],"author":[{"embeddable":true,"href":"https:\/\/tinerimearomana.ro\/orchestra-junior\/wp-json\/wp\/v2\/users\/1"}],"replies":[{"embeddable":true,"href":"https:\/\/tinerimearomana.ro\/orchestra-junior\/wp-json\/wp\/v2\/comments?post=55"}],"version-history":[{"count":10,"href":"https:\/\/tinerimearomana.ro\/orchestra-junior\/wp-json\/wp\/v2\/pages\/55\/revisions"}],"predecessor-version":[{"id":209,"href":"https:\/\/tinerimearomana.ro\/orchestra-junior\/wp-json\/wp\/v2\/pages\/55\/revisions\/209"}],"up":[{"embeddable":true,"href":"https:\/\/tinerimearomana.ro\/orchestra-junior\/wp-json\/wp\/v2\/pages\/13"}],"wp:featuredmedia":[{"embeddable":true,"href":"https:\/\/tinerimearomana.ro\/orchestra-junior\/wp-json\/wp\/v2\/media\/144"}],"wp:attachment":[{"href":"https:\/\/tinerimearomana.ro\/orchestra-junior\/wp-json\/wp\/v2\/media?parent=55"}],"curies":[{"name":"wp","href":"https:\/\/api.w.org\/{rel}","templated":true}]}}