{"id":859,"date":"2018-06-01T11:23:13","date_gmt":"2018-06-01T09:23:13","guid":{"rendered":"http:\/\/tinerimearomana.ro\/despre\/?page_id=859"},"modified":"2025-01-21T12:08:51","modified_gmt":"2025-01-21T10:08:51","slug":"activitate-2","status":"publish","type":"page","link":"https:\/\/tinerimearomana.ro\/despre\/ro\/activitate-2\/","title":{"rendered":"ACTIVITATE"},"content":{"rendered":"\t\t<div data-elementor-type=\"wp-page\" data-elementor-id=\"859\" class=\"elementor elementor-859\">\n\t\t\t\t\t\t<section class=\"elementor-section elementor-top-section elementor-element elementor-element-1266a10a elementor-section-boxed elementor-section-height-default elementor-section-height-default\" data-id=\"1266a10a\" data-element_type=\"section\">\n\t\t\t\t\t\t<div class=\"elementor-container elementor-column-gap-default\">\n\t\t\t\t\t<div class=\"elementor-column elementor-col-14 elementor-top-column elementor-element elementor-element-77bdab35\" data-id=\"77bdab35\" data-element_type=\"column\">\n\t\t\t<div class=\"elementor-widget-wrap elementor-element-populated\">\n\t\t\t\t\t\t<div class=\"elementor-element elementor-element-17d2152 elementor-widget elementor-widget-text-editor\" data-id=\"17d2152\" data-element_type=\"widget\" data-widget_type=\"text-editor.default\">\n\t\t\t\t<div class=\"elementor-widget-container\">\n\t\t\t\t\t\t\t\t\t<a href=\"https:\/\/tinerimearomana.ro\/corul-preludiu\/\"><img decoding=\"async\" class=\"alignnone wp-image-1519 size-full space-orchestra\" src=\" https:\/\/tinerimearomana.ro\/wp-content\/uploads\/2015\/01\/preludiu-tin.jpg\" alt=\"\" width=\"150\" height=\"67\" \/><\/a>\t\t\t\t\t\t\t\t<\/div>\n\t\t\t\t<\/div>\n\t\t\t\t\t<\/div>\n\t\t<\/div>\n\t\t\t\t<div class=\"elementor-column elementor-col-14 elementor-top-column elementor-element elementor-element-ece2b0e\" data-id=\"ece2b0e\" data-element_type=\"column\">\n\t\t\t<div class=\"elementor-widget-wrap elementor-element-populated\">\n\t\t\t\t\t\t<div class=\"elementor-element elementor-element-d7767f7 elementor-widget elementor-widget-text-editor\" data-id=\"d7767f7\" data-element_type=\"widget\" data-widget_type=\"text-editor.default\">\n\t\t\t\t<div class=\"elementor-widget-container\">\n\t\t\t\t\t\t\t\t\t<a href=\"https:\/\/tinerimearomana.ro\/cununa-carpatilor\/\"><img decoding=\"async\" class=\"alignnone wp-image-1520 size-full space-orchestra\" src=\" https:\/\/tinerimearomana.ro\/wp-content\/uploads\/2015\/01\/carpati-tin.jpg\" alt=\"\" width=\"150\" height=\"67\" \/><\/a>\t\t\t\t\t\t\t\t<\/div>\n\t\t\t\t<\/div>\n\t\t\t\t\t<\/div>\n\t\t<\/div>\n\t\t\t\t<div class=\"elementor-column elementor-col-14 elementor-top-column elementor-element elementor-element-8f1b333\" data-id=\"8f1b333\" data-element_type=\"column\">\n\t\t\t<div class=\"elementor-widget-wrap elementor-element-populated\">\n\t\t\t\t\t\t<div class=\"elementor-element elementor-element-86abcc8 elementor-widget elementor-widget-text-editor\" data-id=\"86abcc8\" data-element_type=\"widget\" data-widget_type=\"text-editor.default\">\n\t\t\t\t<div class=\"elementor-widget-container\">\n\t\t\t\t\t\t\t\t\t<a href=\"https:\/\/tinerimearomana.ro\/ansamblul-archaeus\/\"><img decoding=\"async\" class=\"alignnone wp-image-1518 size-full space-orchestra\" src=\" https:\/\/tinerimearomana.ro\/wp-content\/uploads\/2015\/01\/archaeus-tin.jpg\" alt=\"\" width=\"150\" height=\"67\" \/><\/a>\t\t\t\t\t\t\t\t<\/div>\n\t\t\t\t<\/div>\n\t\t\t\t\t<\/div>\n\t\t<\/div>\n\t\t\t\t<div class=\"elementor-column elementor-col-14 elementor-top-column elementor-element elementor-element-30ac2be\" data-id=\"30ac2be\" data-element_type=\"column\">\n\t\t\t<div class=\"elementor-widget-wrap elementor-element-populated\">\n\t\t\t\t\t\t<div class=\"elementor-element elementor-element-c12ffa1 elementor-widget elementor-widget-text-editor\" data-id=\"c12ffa1\" data-element_type=\"widget\" data-widget_type=\"text-editor.default\">\n\t\t\t\t<div class=\"elementor-widget-container\">\n\t\t\t\t\t\t\t\t\t<a href=\"https:\/\/tinerimearomana.ro\/orchestra-junior\/\"><img loading=\"lazy\" decoding=\"async\" class=\"alignnone wp-image-1516 size-full space-orchestra\" src=\" https:\/\/tinerimearomana.ro\/wp-content\/uploads\/2015\/01\/junior-tin.jpg\" alt=\"\" width=\"150\" height=\"67\" \/><\/a>\t\t\t\t\t\t\t\t<\/div>\n\t\t\t\t<\/div>\n\t\t\t\t\t<\/div>\n\t\t<\/div>\n\t\t\t\t<div class=\"elementor-column elementor-col-14 elementor-top-column elementor-element elementor-element-cdc1a74\" data-id=\"cdc1a74\" data-element_type=\"column\">\n\t\t\t<div class=\"elementor-widget-wrap elementor-element-populated\">\n\t\t\t\t\t\t<div class=\"elementor-element elementor-element-04ff80d elementor-widget elementor-widget-text-editor\" data-id=\"04ff80d\" data-element_type=\"widget\" data-widget_type=\"text-editor.default\">\n\t\t\t\t<div class=\"elementor-widget-container\">\n\t\t\t\t\t\t\t\t\t<a href=\"https:\/\/tinerimearomana.ro\/orchestra-sinfonietta\/\"><img loading=\"lazy\" decoding=\"async\" class=\"alignnone wp-image-1517 size-full space-orchestra\" src=\"https:\/\/tinerimearomana.ro\/orchestra-sinfonietta\/wp-content\/uploads\/sites\/5\/2016\/01\/logo-sinfonietta.jpg\" alt=\"\" width=\"150\" height=\"67\" \/><\/a>\t\t\t\t\t\t\t\t<\/div>\n\t\t\t\t<\/div>\n\t\t\t\t\t<\/div>\n\t\t<\/div>\n\t\t\t\t<div class=\"elementor-column elementor-col-14 elementor-top-column elementor-element elementor-element-7ab5176\" data-id=\"7ab5176\" data-element_type=\"column\">\n\t\t\t<div class=\"elementor-widget-wrap elementor-element-populated\">\n\t\t\t\t\t\t<div class=\"elementor-element elementor-element-89bb713 elementor-widget elementor-widget-text-editor\" data-id=\"89bb713\" data-element_type=\"widget\" data-widget_type=\"text-editor.default\">\n\t\t\t\t<div class=\"elementor-widget-container\">\n\t\t\t\t\t\t\t\t\t<a href=\"https:\/\/tinerimearomana.ro\/orchestra-romana-tineret\/\"><img loading=\"lazy\" decoding=\"async\" class=\"alignnone size-full wp-image-1506 space-orchestra\" src=\"https:\/\/tinerimearomana.ro\/wp-content\/uploads\/2014\/11\/Orchestra-mic1.jpg\" alt=\"Orchestra-mic1\" width=\"150\" height=\"67\" \/><\/a>\t\t\t\t\t\t\t\t<\/div>\n\t\t\t\t<\/div>\n\t\t\t\t\t<\/div>\n\t\t<\/div>\n\t\t\t\t<div class=\"elementor-column elementor-col-14 elementor-top-column elementor-element elementor-element-9bebce3\" data-id=\"9bebce3\" data-element_type=\"column\">\n\t\t\t<div class=\"elementor-widget-wrap elementor-element-populated\">\n\t\t\t\t\t\t<div class=\"elementor-element elementor-element-b6bfdca elementor-widget elementor-widget-text-editor\" data-id=\"b6bfdca\" data-element_type=\"widget\" data-widget_type=\"text-editor.default\">\n\t\t\t\t<div class=\"elementor-widget-container\">\n\t\t\t\t\t\t\t\t\t<p style=\"text-indent: 40px;\"><a style=\"font-family: var( --e-global-typography-text-font-family ), Sans-serif; font-weight: var( --e-global-typography-text-font-weight );\" href=\"https:\/\/tinerimearomana.ro\/corul-preludiu\/\">\n<img decoding=\"async\" class=\"alignnone wp-image-1519 size-full space-orchestra\" src=\" https:\/\/tinerimearomana.ro\/wp-content\/uploads\/2015\/01\/preludiu-tin.jpg\" alt=\"\" width=\"150\" height=\"67\" \/><\/a><\/p>\t\t\t\t\t\t\t\t<\/div>\n\t\t\t\t<\/div>\n\t\t\t\t\t<\/div>\n\t\t<\/div>\n\t\t\t\t\t<\/div>\n\t\t<\/section>\n\t\t\t\t<section class=\"elementor-section elementor-top-section elementor-element elementor-element-eabdfb6 elementor-section-boxed elementor-section-height-default elementor-section-height-default\" data-id=\"eabdfb6\" data-element_type=\"section\">\n\t\t\t\t\t\t<div class=\"elementor-container elementor-column-gap-default\">\n\t\t\t\t\t<div class=\"elementor-column elementor-col-100 elementor-top-column elementor-element elementor-element-cfaf1ee\" data-id=\"cfaf1ee\" data-element_type=\"column\">\n\t\t\t<div class=\"elementor-widget-wrap elementor-element-populated\">\n\t\t\t\t\t\t<div class=\"elementor-element elementor-element-2d66aafa elementor-widget elementor-widget-text-editor\" data-id=\"2d66aafa\" data-element_type=\"widget\" data-widget_type=\"text-editor.default\">\n\t\t\t\t<div class=\"elementor-widget-container\">\n\t\t\t\t\t\t\t\t\t<div style=\"padding: 20px 10px 20px 10px;\">\n<p style=\"text-indent: 40px;\"><strong>Centrul Na\u0163ional de Art\u0103 \u201eTinerimea Rom\u00e2n\u0103\u201d \u00ee\u015fi desf\u0103\u015foar\u0103 activitatea \u00een scopul:<\/strong><\/p>\n<p><strong>&#8211;&nbsp;<\/strong>promov\u0103rii pe plan na\u0163ional \u015fi interna\u0163ional a valorilor artistice autohtone \u015fi universale din domeniul artelor spectacolului;<\/p>\n<p><strong>&#8211;&nbsp;<\/strong>cre\u015fterii accesului publicului la spectacole \u015fi concerte;<\/p>\n<p><b>&#8211;&nbsp;<\/b>afirm\u0103rii identit\u0103\u0163ii culturale na\u0163ionale \u015fi a identit\u0103\u0163ilor culturale ale minorit\u0103\u0163ilor na\u0163ionale prin artele spectacolului;<\/p>\n<p><strong>&#8211;&nbsp;<\/strong>sus\u0163inerii ini\u0163iativei publice \u015fi \u00eencuraj\u0103rii celei private, \u00een vederea diversific\u0103rii \u015fi dezvolt\u0103rii artelor spectacolului.<\/p>\n<p style=\"text-indent: 40px;\">Principal obiect de activitate \u2013 realizarea de produc\u0163ii artistice, cum ar fi spectacolele, concertele \u015fi turneele artistice pentru toate genurile artistice, cu scop culatural, educativ \u015fi de divertisment; <b>Centrul Na\u0163ional de Art\u0103 \u201eTinerimea Rom\u00e2n\u0103\u201d<\/b> \u00ee\u015fi realizeaz\u0103 obiectul de activitate prin desf\u0103\u015furarea urm\u0103toarelor activit\u0103\u0163i principale:<\/p>\n<p>&#8211; organizeaz\u0103 \u015fi realizeaz\u0103 spectacole \u015fi concerte de muzic\u0103 (coral\u0103, cameral\u0103, contemporan\u0103, simfonic\u0103, instrumental\u0103, pop, jazz) \u015fi folclorice proprii sau \u00een colaborare cu alte entit\u0103\u0163i;<br>&#8211; organizeaz\u0103 \u015fi realizeaz\u0103 programe educa\u0163ionale;<br>&#8211; promoveaz\u0103 muzica coral\u0103 rom\u00e2neasc\u0103 \u015fi universal\u0103, clasic\u0103 \u015fi contemporan\u0103, folclorul rom\u00e2nesc autentic, muzica instrumental\u0103 rom\u00e2neasc\u0103 \u015fi universal\u0103, clasic\u0103 \u015fi contemporan\u0103, muzica contemporan\u0103 rom\u00e2neasc\u0103 \u015fi universal\u0103, muzica pop rom\u00e2neasc\u0103 \u015fi din repertoriul interna\u0163ional, muzica de jaz (blues, jazz tradi\u0163ional);<br>&#8211; desf\u0103\u015furarea activit\u0103\u0163ii de impresariat pentru propriile colective artistice;<br>&#8211; organizeaz\u0103 \u015fi realizeaz\u0103, \u00een sistem propriu sau \u00een colaborare cu al\u0163i parteneri, \u00eenregistr\u0103ri audio \u015fi video (\u00een orice format sau suport) necesare colectivelor artistice, pentru promovare, conservare sau valorificare;<br>&#8211; realizeaz\u0103 activit\u0103\u0163i publicitare pentru produc\u0163iile artistice proprii;<br>&#8211; organizeaz\u0103 ac\u0163iuni de documentare \u00een problemele specifice;<br>&#8211; presteaz\u0103 servicii de transport de persoane cu autovehiculele din dotarea sa, at\u00e2t \u00een interes propriu, c\u00e2t \u015fi pentru ter\u0163e persoane.<\/p>\n<p style=\"text-indent: 40px;\"><b>Centrul Na\u0163ional de Art\u0103 \u201eTinerimea Rom\u00e2n\u0103\u201d <\/b>presteaza de asemenea si servicii, sub forma de activitati conexe, catre terti, persoane fizice sau juridice, folosind baza tehnico &#8211; materiala si bunurile aflate \u00een administrarea sa.<\/p>\n<\/div>\t\t\t\t\t\t\t\t<\/div>\n\t\t\t\t<\/div>\n\t\t\t\t\t<\/div>\n\t\t<\/div>\n\t\t\t\t\t<\/div>\n\t\t<\/section>\n\t\t\t\t<\/div>\n\t\t","protected":false},"excerpt":{"rendered":"<p>Centrul Na\u0163ional de Art\u0103 \u201eTinerimea Rom\u00e2n\u0103\u201d \u00ee\u015fi desf\u0103\u015foar\u0103 activitatea \u00een scopul: &#8211;&nbsp;promov\u0103rii pe plan na\u0163ional \u015fi interna\u0163ional a valorilor artistice autohtone \u015fi universale din domeniul artelor spectacolului; &#8211;&nbsp;cre\u015fterii accesului publicului la spectacole \u015fi concerte; &#8211;&nbsp;afirm\u0103rii identit\u0103\u0163ii culturale na\u0163ionale \u015fi a identit\u0103\u0163ilor culturale ale minorit\u0103\u0163ilor na\u0163ionale prin artele spectacolului; &#8211;&nbsp;sus\u0163inerii ini\u0163iativei publice \u015fi \u00eencuraj\u0103rii celei private,&#8230;<\/p>\n","protected":false},"author":1,"featured_media":0,"parent":0,"menu_order":0,"comment_status":"open","ping_status":"closed","template":"","meta":{"_kadence_starter_templates_imported_post":false,"_kad_post_transparent":"","_kad_post_title":"","_kad_post_layout":"","_kad_post_sidebar_id":"","_kad_post_content_style":"","_kad_post_vertical_padding":"","_kad_post_feature":"","_kad_post_feature_position":"","_kad_post_header":false,"_kad_post_footer":false,"_kad_post_classname":"","footnotes":""},"class_list":["post-859","page","type-page","status-publish","hentry"],"_links":{"self":[{"href":"https:\/\/tinerimearomana.ro\/despre\/wp-json\/wp\/v2\/pages\/859"}],"collection":[{"href":"https:\/\/tinerimearomana.ro\/despre\/wp-json\/wp\/v2\/pages"}],"about":[{"href":"https:\/\/tinerimearomana.ro\/despre\/wp-json\/wp\/v2\/types\/page"}],"author":[{"embeddable":true,"href":"https:\/\/tinerimearomana.ro\/despre\/wp-json\/wp\/v2\/users\/1"}],"replies":[{"embeddable":true,"href":"https:\/\/tinerimearomana.ro\/despre\/wp-json\/wp\/v2\/comments?post=859"}],"version-history":[{"count":13,"href":"https:\/\/tinerimearomana.ro\/despre\/wp-json\/wp\/v2\/pages\/859\/revisions"}],"predecessor-version":[{"id":4593,"href":"https:\/\/tinerimearomana.ro\/despre\/wp-json\/wp\/v2\/pages\/859\/revisions\/4593"}],"wp:attachment":[{"href":"https:\/\/tinerimearomana.ro\/despre\/wp-json\/wp\/v2\/media?parent=859"}],"curies":[{"name":"wp","href":"https:\/\/api.w.org\/{rel}","templated":true}]}}