{"id":820,"date":"2018-06-01T10:57:19","date_gmt":"2018-06-01T08:57:19","guid":{"rendered":"http:\/\/tinerimearomana.ro\/despre\/?page_id=820"},"modified":"2025-08-19T17:52:19","modified_gmt":"2025-08-19T15:52:19","slug":"cine-suntem-2","status":"publish","type":"page","link":"https:\/\/tinerimearomana.ro\/despre\/ro\/cine-suntem-2\/","title":{"rendered":"CINE SUNTEM"},"content":{"rendered":"<div class=\"redred\" style=\"padding: 20px 10px 20px 10px;\">\n<p><strong>CENTRUL NATIONAL DE ARTA \u201eTINERIMEA ROM\u00c2NA\u201d<\/strong> func\u0163ioneaz\u0103 \u00een baza\u00a0<a href=\"http:\/\/legislatie.just.ro\/Public\/DetaliiDocument\/94487\" target=\"_blank\" rel=\"noopener noreferrer\">Hot\u0103r\u00e2rii Guvernului nr. 527\/1992<\/a>\u00a0de reorganizare a unor institu\u0163ii publice subordonate Ministerului Culturii, cu modific\u0103rile \u015fi complet\u0103rile ulterioare \u015fi a\u00a0<a href=\"http:\/\/legislatie.just.ro\/Public\/DetaliiDocumentAfis\/116380\" target=\"_blank\" rel=\"noopener noreferrer\">Hot\u0103r\u00e2rii Guvernului nr. 90\/2010<\/a>\u00a0privind organizarea \u015fi func\u0163ionarea Ministerului Culturii, cu modific\u0103rile \u015fi complet\u0103rile ulterioare.<\/p>\n<p><strong>Centrul Na\u0163ional de Art\u0103 \u201eTinerimea Rom\u00e2n\u0103\u201d<\/strong> este o institu\u0163ie de spectacole de repertoriu \u015fi de interes na\u0163ional prin obiectul s\u0103u de activitate, are personalitate juridic\u0103 \u015fi se afl\u0103 \u00een subordinea Ministerului Culturii.<\/p>\n<p><strong>Centrului Na\u021bional de Art\u0103 \u201dTinerimea Rom\u00e2n\u0103\u201d &#8211; CODUL ETIC \u015eI REGULILE DE CONDUIT\u0102 AL PERSONALULUI CONTRACTUAL<\/strong><\/p>\n<p><strong>Centrul Na\u0163ional de Art\u0103 \u201eTinerimea Rom\u00e2n\u0103\u201d \u00ee\u015fi desf\u0103\u015foar\u0103 activitatea \u00een scopul:<\/strong><\/p>\n<p>-promov\u0103rii pe plan na\u0163ional \u015fi interna\u0163ional a valorilor artistice autohtone \u015fi universale din domeniul artelor spectacolului;<br \/>\n-cre\u015fterii accesului publicului la spectacole \u015fi concerte;<br \/>\n-afirm\u0103rii identit\u0103\u0163ii culturale na\u0163ionale \u015fi a identit\u0103\u0163ilor culturale ale minorit\u0103\u0163ilor na\u0163ionale prin artele spectacolului;<br \/>\n-sus\u0163inerii ini\u0163iativei publice \u015fi \u00eencuraj\u0103rii celei private, \u00een vederea diversific\u0103rii \u015fi dezvolt\u0103rii artelor spectacolului. obiect de activitate<br \/>\n\u2013 realizarea de produc\u0163ii artistice, cum ar fi spectacolele, concertele \u015fi turneele artistice pentru toate genurile artistice, cu scop cultural, educativ \u015fi de divertisment.<\/p>\n<p><strong>Centrul Na\u0163ional de Art\u0103 \u201eTinerimea Rom\u00e2n\u0103\u201d \u00ee\u015fi realizeaz\u0103 obiectul de activitate prin desf\u0103\u015furarea urm\u0103toarelor activit\u0103\u0163i principale:<\/strong><\/p>\n<p>-organizeaz\u0103 \u015fi realizeaz\u0103 spectacole \u015fi concerte de muzic\u0103 (coral\u0103, cameral\u0103, contemporan\u0103, simfonic\u0103, instrumental\u0103, pop, jazz) \u015fi folclorice proprii sau \u00een colaborare cu alte entit\u0103\u0163i;<br \/>\n-organizeaz\u0103 \u015fi realizeaz\u0103 programe educa\u0163ionale;<br \/>\n-promoveaz\u0103 muzica coral\u0103 rom\u00e2neasc\u0103 \u015fi universal\u0103, clasic\u0103 \u015fi contemporan\u0103, folclorul rom\u00e2nesc autentic, muzica instrumental\u0103 rom\u00e2neasc\u0103 \u015fi universal\u0103, clasic\u0103 \u015fi contemporan\u0103, muzica contemporan\u0103 rom\u00e2neasc\u0103 \u015fi universal\u0103, muzica pop rom\u00e2neasc\u0103 \u015fi din repertoriul interna\u0163ional, muzica de jazz (blues, jazz tradi\u0163ional);<br \/>\n-desf\u0103\u015furarea activit\u0103\u0163ii de impresariat pentru propriile colective artistice;<br \/>\n-organizeaz\u0103 \u015fi realizeaz\u0103, \u00een sistem propriu sau \u00een colaborare cu al\u0163i parteneri, \u00eenregistr\u0103ri audio \u015fi video (\u00een orice format sau suport) necesare colectivelor artistice, pentru promovare, conservare sau valorificare;<br \/>\n-realizeaz\u0103 activit\u0103\u0163i publicitare pentru produc\u0163iile artistice proprii;<br \/>\n-organizeaz\u0103 ac\u0163iuni de documentare \u00een problemele specifice;<br \/>\n-presteaz\u0103 servicii de transport de persoane cu autovehiculele din dotarea sa, at\u00e2t \u00een interes propriu, c\u00e2t \u015fi pentru ter\u0163e persoane.<\/p>\n<div class=\"auto-scroll\"><\/div>\n<p><strong>Structura organizatoric\u0103 a Centrului este urm\u0103toarea:<\/strong><\/p>\n<p><strong>A \u2013 Compartimentele artistice:<\/strong><\/p>\n<p>Corul de camer\u0103 &#8220;Preludiu&#8221;<br \/>\nAnsamblul folcloric &#8220;Cununa Carpa\u0163ilor&#8221;<br \/>\nAnsamblul de muzic\u0103 contemporan\u0103 &#8220;Archaeus&#8221;<br \/>\nCvartetul de coarde &#8220;Arcadia&#8221;<br \/>\nOrchestra Rom\u00e2n\u0103 de Tineret<br \/>\nOrchestra Junior<br \/>\nOrchestra Sinfonietta<br \/>\nOrchestra Na\u021bional\u0103 simfonic\u0103 a Rom\u00e2niei<\/p>\n<p>Compartimentul programe \u015fi proiecte culturale, organizare spectacole \u015fi marketing.<\/p>\n<p><strong>B \u2013 Compartimentele suport:<\/strong><\/p>\n<p>Compartimentul juridic \u015fi rela\u0163ii publice<br \/>\nCompartimentul resurse umane<br \/>\nCompartimentul audit public intern<br \/>\nCompartimentul achizi\u0163ii publice<br \/>\nCompartimentul tehnic, administrativ<br \/>\nCompartimentul financiar-contabil.<\/p>\n<\/div>\n","protected":false},"excerpt":{"rendered":"<p>CENTRUL NATIONAL DE ARTA \u201eTINERIMEA ROM\u00c2NA\u201d func\u0163ioneaz\u0103 \u00een baza\u00a0Hot\u0103r\u00e2rii Guvernului nr. 527\/1992\u00a0de reorganizare a unor institu\u0163ii publice subordonate Ministerului Culturii, cu modific\u0103rile \u015fi complet\u0103rile ulterioare \u015fi a\u00a0Hot\u0103r\u00e2rii Guvernului nr. 90\/2010\u00a0privind organizarea \u015fi func\u0163ionarea Ministerului Culturii, cu modific\u0103rile \u015fi complet\u0103rile ulterioare. Centrul Na\u0163ional de Art\u0103 \u201eTinerimea Rom\u00e2n\u0103\u201d este o institu\u0163ie de spectacole de repertoriu \u015fi de&#8230;<\/p>\n","protected":false},"author":1,"featured_media":0,"parent":0,"menu_order":0,"comment_status":"open","ping_status":"closed","template":"","meta":{"_kadence_starter_templates_imported_post":false,"_kad_post_transparent":"default","_kad_post_title":"default","_kad_post_layout":"right","_kad_post_sidebar_id":"","_kad_post_content_style":"default","_kad_post_vertical_padding":"default","_kad_post_feature":"","_kad_post_feature_position":"","_kad_post_header":false,"_kad_post_footer":false,"_kad_post_classname":"","footnotes":""},"class_list":["post-820","page","type-page","status-publish","hentry"],"_links":{"self":[{"href":"https:\/\/tinerimearomana.ro\/despre\/wp-json\/wp\/v2\/pages\/820"}],"collection":[{"href":"https:\/\/tinerimearomana.ro\/despre\/wp-json\/wp\/v2\/pages"}],"about":[{"href":"https:\/\/tinerimearomana.ro\/despre\/wp-json\/wp\/v2\/types\/page"}],"author":[{"embeddable":true,"href":"https:\/\/tinerimearomana.ro\/despre\/wp-json\/wp\/v2\/users\/1"}],"replies":[{"embeddable":true,"href":"https:\/\/tinerimearomana.ro\/despre\/wp-json\/wp\/v2\/comments?post=820"}],"version-history":[{"count":12,"href":"https:\/\/tinerimearomana.ro\/despre\/wp-json\/wp\/v2\/pages\/820\/revisions"}],"predecessor-version":[{"id":4699,"href":"https:\/\/tinerimearomana.ro\/despre\/wp-json\/wp\/v2\/pages\/820\/revisions\/4699"}],"wp:attachment":[{"href":"https:\/\/tinerimearomana.ro\/despre\/wp-json\/wp\/v2\/media?parent=820"}],"curies":[{"name":"wp","href":"https:\/\/api.w.org\/{rel}","templated":true}]}}