{"id":804,"date":"2018-06-01T10:46:58","date_gmt":"2018-06-01T08:46:58","guid":{"rendered":"http:\/\/tinerimearomana.ro\/despre\/?page_id=804"},"modified":"2023-07-10T10:25:07","modified_gmt":"2023-07-10T08:25:07","slug":"istoric-2","status":"publish","type":"page","link":"https:\/\/tinerimearomana.ro\/despre\/ro\/istoric-2\/","title":{"rendered":"ISTORIC"},"content":{"rendered":"\t\t<div data-elementor-type=\"wp-page\" data-elementor-id=\"804\" class=\"elementor elementor-804\">\n\t\t\t\t\t\t<section class=\"elementor-section elementor-top-section elementor-element elementor-element-d18f1b9 elementor-section-full_width elementor-section-height-default elementor-section-height-default\" data-id=\"d18f1b9\" data-element_type=\"section\">\n\t\t\t\t\t\t<div class=\"elementor-container elementor-column-gap-default\">\n\t\t\t\t\t<div class=\"elementor-column elementor-col-100 elementor-top-column elementor-element elementor-element-4fbb7ae\" data-id=\"4fbb7ae\" data-element_type=\"column\">\n\t\t\t<div class=\"elementor-widget-wrap elementor-element-populated\">\n\t\t\t\t\t\t<div class=\"elementor-element elementor-element-a7b18ae elementor-widget elementor-widget-text-editor\" data-id=\"a7b18ae\" data-element_type=\"widget\" data-widget_type=\"text-editor.default\">\n\t\t\t\t<div class=\"elementor-widget-container\">\n\t\t\t\t\t\t\t\t\t<p>    <video-js id=\"videojs69ea2059973b2\" class=\"vjs-big-play-centered\" preload=\"auto\" autoplay loop playsinline data-setup='{\"fluid\": true}'>\r\n        <source src=\"https:\/\/tinerimearomana.ro\/wp-content\/uploads\/Istoric-Tinerimea.mp4\" type=\"video\/mp4\" \/>\r\n    <\/video-js>\r\n            <style>\r\n        #videojs69ea2059973b2 {\r\n            max-width:1200px;   \r\n        }\r\n        <\/style>       <\/p>\t\t\t\t\t\t\t\t<\/div>\n\t\t\t\t<\/div>\n\t\t\t\t\t<\/div>\n\t\t<\/div>\n\t\t\t\t\t<\/div>\n\t\t<\/section>\n\t\t\t\t<section class=\"elementor-section elementor-top-section elementor-element elementor-element-3f1ff41b elementor-section-full_width elementor-section-height-default elementor-section-height-default\" data-id=\"3f1ff41b\" data-element_type=\"section\">\n\t\t\t\t\t\t<div class=\"elementor-container elementor-column-gap-default\">\n\t\t\t\t\t<div class=\"elementor-column elementor-col-50 elementor-top-column elementor-element elementor-element-c5e9835\" data-id=\"c5e9835\" data-element_type=\"column\">\n\t\t\t<div class=\"elementor-widget-wrap elementor-element-populated\">\n\t\t\t\t\t\t<div class=\"elementor-element elementor-element-63eabcf3 elementor-widget elementor-widget-text-editor\" data-id=\"63eabcf3\" data-element_type=\"widget\" data-widget_type=\"text-editor.default\">\n\t\t\t\t<div class=\"elementor-widget-container\">\n\t\t\t\t\t\t\t\t\t<p><\/p>\n<p><strong style=\"font-size: 16px;\">CENTRUL NA\u0162IONAL DE ART\u0102 \u201eTINERIMEA ROM\u00c2N\u0102\u201d<\/strong><span style=\"font-size: 16px;\"> &#8211; <\/span><strong style=\"font-size: 16px;\">\u00ceMPLINIREA UNUI IDEAL<\/strong><\/p>\n<div class=\"redred\">\n<p>MOTTO<\/p>\n<p>O nou\u0103 educa\u0163ie a tinerimii e una din marile necesit\u0103\u0163i ale \u0163\u0103rii. Ea trebuie s\u0103 o fac\u0103 \u00een marginile cumin\u0163eniei, activ\u0103 \u015fi plin\u0103 de \u00eencredere \u00een ea.<\/p>\n<p>Dar primejdia st\u0103 \u00een aceea c\u0103, la v\u00e2rsta lor, tinerii confund\u0103 aceast\u0103 siguran\u0163\u0103 at\u00e2t de necesar\u0103, cu lipsa de respect \u015fi sfidare.<\/p>\n<p>Nimic nu poate \u00eenfr\u00e2na aceast\u0103 pornire dec\u00e2t o lectur\u0103 bun\u0103 d\u00e2nd contactul cu spiritele mari. Societatea aceasta, care le-a purtat at\u00e2ta grij\u0103, are \u00een aceast\u0103 direc\u0163ie un rol mare de \u00eendeplinit!<\/p>\n<p><i>Nicolae Iorga<\/i><\/p>\n<p><span style=\"color: var( --e-global-color-text ); font-family: var( --e-global-typography-text-font-family ), Sans-serif; font-weight: var( --e-global-typography-text-font-weight );\">Nu putem vorbi de prezentul Centrului Na\u0163ional de Art\u0103 \u201eTinerimea Rom\u00e2n\u0103\u201d ignor\u00e2ndu-i trecutul!\u2026Se \u015ftie c\u0103 anul 1877 a avut \u00een via\u0163a \u0163\u0103rii o \u00eensemn\u0103tate imens\u0103: Independen\u0163a Rom\u00e2niei.<\/span><br><\/p>\n<p>Evenimentul a produs o \u00eenviorare a neamului, o rede\u015fteptare a spiritului de jertf\u0103, un entuziasm de nedescris\u2026<\/p>\n<p>\u00cen leg\u0103tur\u0103 direct\u0103 cu aceast\u0103 atmosfer\u0103 a vremii, o m\u00e2n\u0103 de elevi interni ai Liceului bucure\u015ftean Matei Basarab printre care: Aurel \u015eeicaru, Dumitru Soreanu, fra\u0163ii Ol\u0103ne\u015fti, Alexandru Ionescu, Petre Popovici, Alim\u0103nescu \u015fi Nanu-Muscel, s-au \u00een\u0163eles \u00eentre ei ca s\u0103 \u00eenfiin\u0163eze o societate literar\u0103 \u015fi \u015ftiin\u0163ific\u0103 sub directa \u00eendrumare a \u015fcolii, care s\u0103 se preocupe de cre\u015fterea tineretului rom\u00e2n \u00een spiritul patriotic, cultural \u015fi cre\u015ftin.<\/p>\n<p>\u015ei &#8230; pentru c\u0103 trebuia s\u0103 aib\u0103 un nume, i-au spus \u201eTINERIMEA ROM\u00c2N\u0102\u201d.<\/p>\n<p>Odat\u0103 institu\u0163ia fondat\u0103 urma s\u0103-\u015fi \u00eenceap\u0103 \u015fi activitatea.<\/p>\n<p>Dar unde \u015fi mai ales \u00een ce mod? De unde s\u0103-\u015fi procure documentarea? Ideea salvatoare a venit de la unul dintre membri care \u00eent\u00e2mpl\u0103tor v\u0103zuse \u00een vitrina Libr\u0103riei Socec un manual \u015ftiin\u0163ific \u00een patru volume \u201eLes merveilles de la Science\u201d de Louis Figuier \u015fi care \u00een opinia lui \u00eei va ajuta \u00een munca \u00eenceput\u0103.<\/p>\n<p>Dup\u0103 mai multe tentative \u00een a-l procura (pre\u0163ul era de 40 de lei \u2013 sum\u0103 mare pentru acele timpuri) reu\u015fesc \u00een cele din urm\u0103 s\u0103-l achizi\u0163ioneze \u015fi mult dorita lucrare va fi tot restul vie\u0163ii lor, izvorul de consultan\u0163\u0103 \u015fi de documentare.<\/p>\n<p>Absolvind liceul \u015fi intr\u00e2nd la Universitate membrii Societ\u0103\u0163ii l\u0103sau \u00een urm\u0103 copil\u0103ria \u015fi intrau \u00een adolescen\u0163\u0103 urm\u00e2nd un drum frumos, dar anima\u0163i de acelea\u015fi dorin\u0163e. Un rol hot\u0103r\u00e2tor \u00een destinele \u201eTinerimii rom\u00e2ne\u201d l-a avut prof. Nae S. Dumitrescu \u2013 un iluminat, un om energic \u015fi de un entuziasm debordant, care o dat\u0103 devenit Pre\u015fedintele ei a condus-o cu dragoste \u015fi \u00eend\u00e2rjire timp de decenii\u2026 Obiectivul principal al Societ\u0103\u0163ii a fost stimularea elevilor merituo\u015fi. Pentru reliefarea calit\u0103\u0163ilor acestora s-au ini\u0163iat concursuri pe diferite ramuri de activitate acord\u00e2ndu-se premii \u015fi medalii.<\/p>\n<p>Ideea a venit de la Ion Zamoil (fost rector al Universit\u0103\u0163ii din Bucure\u015fti \u015fi membru onorific al societ\u0103\u0163ii). \u00cen 1885 au loc concursuri primare \u00eentre \u015fcolile din Bucure\u015fti, \u00een 1893 concursurile cuprind \u015fi \u015fcolile rurale \u015fi abia \u00een 1897 se organizeaz\u0103 \u015fi concursuri secundare. \u00cenc\u0103 din 1895 concursurile pur culturale se completeaz\u0103 cu acelea de lucru manual, iar din 1901 cu acelea sportive.<\/p>\n<p>Concursurile anuale \u2013 adev\u0103rate \u201eOlimpiade \u015fcolare ale Rom\u00e2niei\u201d \u2013 aveau un scop bine definit. Ele nu erau o simpl\u0103 verificare a cuno\u015ftin\u0163elor asimilate \u00een \u015fcoal\u0103, ci c\u0103utau s\u0103 pun\u0103 \u00een valoare \u00eensu\u015firile intelectuale sau artistice ale elevilor, \u00eenclin\u0103rile lor fire\u015fti spre cultivarea a tot ce-i rom\u00e2nesc. \u00cen anul 1897 are loc primul concurs de limba rom\u00e2n\u0103 din \u0163ar\u0103. Profesorul Gr. Tocilescu \u2013 cunoscutul istoric, scrie un raport din care<br>am spicuit: \u201e\u00cen alegerea subiectelor pentru concurs, comisia a fost condus\u0103 de convingerea c\u0103 prin \u015fcoal\u0103 \u015fi numai prin \u015fcoal\u0103 se poate de\u015ftepta, \u00eentre\u0163ine \u015fi conserva sim\u0163\u0103m\u00e2ntul na\u0163ional\u201d.<\/p>\n<p>O aten\u0163ie deosebit\u0103 se acorda lecturii. \u00cen sprijinul stimul\u0103rii ei societatea oferea c\u0103r\u0163i cu ajutorul unor editurii sau oameni de bine.<\/p>\n<p>Un alt obiectiv al s\u0103u erau excursiile la care participau at\u00e2t cadrele didactice, c\u00e2t \u015fi elevii. Premian\u0163ii beneficiau de o excursie la locurile istorice ale patriei.<\/p>\n<p>Memorabil\u0103 r\u0103m\u00e2ne excursia f\u0103cut\u0103 \u00een anul 1928 la C\u0103lug\u0103reni \u2013 loc ce evoc\u0103 vitejia osta\u015filor rom\u00e2ni \u00eempotriva o\u015ftirii otomane de la 23 august 1595. Un mod de expresie esen\u0163ial era organizarea de conferin\u0163e la care luau parte \u015fi \u0163ineau prelegeri mari personalit\u0103\u0163i ale culturii \u015fi \u015ftiin\u0163ei din acea vreme. \u00cen acest context la 24 ianuarie 1915 pe scena Ateneului rom\u00e2n (a c\u0103rui impresionant\u0103 fresc\u0103 ce reprezint\u0103 \u00eentreaga istorie a poporului rom\u00e2n a fost executat\u0103 de pictorul Costin Petrescu \u2013 el \u00eensu\u015fi membru al societ\u0103\u0163ii) Barbu \u015etef\u0103nescu-Delavrancea a rostit un discurs memorabil trat\u00e2nd problema patriotismului, Octavin Goga a recitat versuri, iar marele muzician George Enescu s-a aflat la pupitrul orchestrei. \u00cen perioada interbelic\u0103 \u201eTinerimea rom\u00e2n\u0103\u201d a organizat diferite activit\u0103\u0163i (care alegorice, expozi\u0163ii) cu scopul v\u0103dit de a da cinstire \u00eenainta\u015filor \u015fi de a antrena \u015fi mobiliza tineretul la o nou\u0103 via\u0163\u0103. Astfel, premian\u0163ii au participat printre altele la amplasarea unei troi\u0163e de lemn la \u201emorm\u00e2ntul\u201d lui Mihai Viteazu de la C\u00e2mpia Turzii \u015fi la dezvelirea bustului compozitorului \u015fi dirijorului Ion Vidu de la Lugoj.<\/p>\n<p>Omagiile anuale, la Morm\u00e2ntul Eroului necunoscut din Parcul Carol I din capital\u0103, rememor\u00e2nd faptele celor care s-au jertfit \u015fi au contribuit la \u00eenf\u0103ptuirea Marii Unirii din 1918 \u015fi ridicarea de monumente ale Eroilor \u00een \u00eentreaga \u0163ar\u0103 \u00eentregesc acest \u015fir de manifest\u0103ri.<\/p>\n<p>Din obiectul de activitate nu puteau lipsi desenul \u015fi muzica \u2013 ce ap\u0103rea \u00een mod frecvent ca tem\u0103 de \u00eentrecere de emula\u0163ie \u00eentre elevi, ca disciplin\u0103 de studiu \u00een \u015fcoal\u0103, precum \u015fi de propagare \u00een masele sociale. Concursurile de c\u00e2ntece \u015fi jocuri populare au sporit interesul \u015fi dragostea pentru comorile noastre de art\u0103 popular\u0103, iar cele de coruri \u015fi fanfare au avut un mare ecou. \u00centre anii 1888 \u2013 1944 Societatea a avut o revist\u0103 proprie \u00een care se reg\u0103seau cu predilec\u0163ie materiale ce \u0163ineau de activitatea sa, dar \u015fi informa\u0163ii din via\u0163a social\u0103. Unul dintre conduc\u0103torii ei a fost ilustrul profesor, Vasile P\u00e2rvan, fost premiant al societ\u0103\u0163ii.<\/p>\n<p>Neav\u00e2nd un sediu propriu \u2013 men\u0163ion\u0103m c\u0103 membrii societ\u0103\u0163ii \u015fi-au exprimat acest g\u00e2nd \u00eenc\u0103 din anul 1889, Prim\u0103ria Bucure\u015fti i-a oferit \u00een anul 1912 un teren de 547 m2 pentru rezolvarea acestei stringente probleme. La 25 mai 1924 a fost pus\u0103 piatra de temelie a cl\u0103dirii din str. Schitu M\u0103gureanu nr. 4 ce avea s\u0103 devin\u0103 \u201ePALATUL SOCIET\u0102\u0162II TINERIMEA ROM\u00c2N\u0102\u201d.<\/p>\n<p>Pentru proiectarea acestui edificiu s-a apelat la serviciile arhitectei Virginia Haret-Andreescu (prima femeie arhitect din lume) lucrarea fiind coordonat\u0103 de arh. Raul Negru \u015fi ing. Valer Paler.<\/p>\n<p>Edificiul era multifunc\u0163ional: la subsol o tipografie \u015fi o sal\u0103 de restaurant, la parter o banc\u0103 proprie \u015fi spa\u0163ii de \u00eenchiriat. Etajul I cuprindea sala de festivit\u0103\u0163i \u015fi anexele sale. La etajul al II-lea erau camere de dormit, iar la al III-lea, administra\u0163ia revistei. Etajul al IV-lea era compus din sala mare, un muzeu etnografic, biblioteca \u015fi administra\u0163ia societ\u0103\u0163ii.Ridicarea sa costa 32 milioane de lei \u015fi societatea n-avea \u00een vistierie dec\u00e2t suma de 300.000 lei! A\u015fa c\u0103 a fost nevoie de eforturi enorme \u015fi de g\u0103sirea unor solu\u0163ii.<\/p>\n<p>O parte din bani s-au procurat prin colect\u0103 public\u0103 (chiar Nicolae Iorga a donat o sum\u0103 important\u0103) iar o alta a fost procurat\u0103 prin \u00eemprumuturi ce aveau s\u0103 fie returnate dup\u0103 terminarea construc\u0163iei prin \u00eenchirierea spa\u0163iilor ini\u0163ial g\u00e2ndite.<\/p>\n<p>\u00cen anul 1928 Societatea \u201eTinerimea rom\u00e2n\u0103\u201d urma s\u0103 s\u0103rb\u0103toreasc\u0103 50 de ani de existen\u0163\u0103 \u015fi dorin\u0163a era ca evenimentul s\u0103 se petreac\u0103 \u00een noul sediu.<\/p>\n<p>Astfel c\u0103 la 15 septembrie 1927, pre\u015fedintele ei Nae S.Dumitrescu \u015fi secretarul s\u0103u N. Zlotescu, \u00een numele ini\u0163iatorilor f\u0103ceau un nou apel pentru str\u00e2ngerea de fonduri necesare finaliz\u0103rii construc\u0163iei \u00een acel an, dar inaugurarea a avut loc abia \u00een anul 1935 dup\u0103 o munc\u0103 tenace \u015fi de mare calitate.<\/p>\n<p>Cel de-al II-lea r\u0103zboi mondial a fost un alt prilej de suprem sacrificiu. Printre cei c\u0103zu\u0163i la datorie pentru \u0162ar\u0103 \u015fi Marile idealuri Na\u0163ionale s-au aflat \u015fi bravi osta\u015fi care au participat la activit\u0103\u0163ile \u201eTinerimii rom\u00e2ne\u201d. Dup\u0103 \u00eencheierea sa, aceast\u0103 \u201eapartenen\u0163\u0103\u201d a celor r\u0103ma\u015fi \u00een via\u0163\u0103 \u00een loc s\u0103 le aduc\u0103 aprecieri \u015fi de ce nu \u015fi avantaje, le-a adus multe necazuri aplicate de noul regim totalitar instaurat. Dar nu numai oamenii au avut de suferit, ci \u015fi cl\u0103direa \u00een sine! Treptat, prin ignoran\u0163\u0103 \u015fi proast\u0103 gospod\u0103rire s-a degradat moral \u015fi fizic. Ea a fost atribuit\u0103 U.T.M. mai apoi U.T.C. care avea ca sarcin\u0103 promovarea c\u00e2ntecului \u015fi jocului popular at\u00e2t \u00een \u0163ar\u0103, c\u00e2t \u015fi peste hotarele ei.<\/p>\n<p>De-a lungul anilor respectiva institu\u0163ie \u015fi-a l\u0103rgit sfera de activitate cuprinz\u00e2nd mai toate genurile artistice.<\/p>\n<p>Aici au activat importan\u0163i arti\u015fti ai Rom\u00e2niei, \u00eencep\u00e2nd cu anul 1947 c\u00e2nd s-a \u00eenfiin\u0163at \u201eAnsamblul Artistic al Tineretului\u201d \u015fi p\u00e2n\u0103 la Revolu\u0163ia din decembrie 1989. Dup\u0103 aceast\u0103 dat\u0103 conducerea Tinerimii Rom\u00e2ne a fost preluata de dirijorul Voicu En\u0103chescu care s-a luptat, precum predecesorii s\u0103i pentru ca institu\u0163ia s\u0103 reintre \u00een drepturi.<\/p>\n<p>A\u015fa se face c\u0103 \u00een anul 1991 pe c\u00e2nd \u00een fruntea Ministerului Culturii se afla Andrei Ple\u015fu, prin Hot\u0103r\u00e2re de Guvern \u00ee\u015fi recap\u0103t\u0103 numele de \u201eTinerimea rom\u00e2n\u0103\u201d \u015fi mai t\u00e2rziu \u015fi renumele \u2026 \u00cen prezent Centrul Na\u0163ional de Art\u0103 \u201eTinerimea Rom\u00e2n\u0103\u201d dup\u0103 mai mul\u0163i ani de consolidare, modernizare \u015fi restaurare cu fonduri alocate de Ministerul Culturii.<\/p>\n<\/div>\n<p><br><\/p>\t\t\t\t\t\t\t\t<\/div>\n\t\t\t\t<\/div>\n\t\t\t\t\t<\/div>\n\t\t<\/div>\n\t\t\t\t<div class=\"elementor-column elementor-col-50 elementor-top-column elementor-element elementor-element-cf02d8d\" data-id=\"cf02d8d\" data-element_type=\"column\">\n\t\t\t<div class=\"elementor-widget-wrap elementor-element-populated\">\n\t\t\t\t\t\t<div class=\"elementor-element elementor-element-f857d8c elementor-widget elementor-widget-image\" data-id=\"f857d8c\" data-element_type=\"widget\" data-widget_type=\"image.default\">\n\t\t\t\t<div class=\"elementor-widget-container\">\n\t\t\t\t\t\t\t\t\t\t\t\t\t\t\t\t<a href=\"https:\/\/tinerimearomana.ro\/despre\/wp-content\/uploads\/sites\/10\/2015\/03\/banner-istoric44.jpg\" data-elementor-open-lightbox=\"yes\" data-elementor-lightbox-title=\"banner-istoric44\" data-e-action-hash=\"#elementor-action%3Aaction%3Dlightbox%26settings%3DeyJpZCI6NDMsInVybCI6Imh0dHBzOlwvXC90aW5lcmltZWFyb21hbmEucm9cL2Rlc3ByZVwvd3AtY29udGVudFwvdXBsb2Fkc1wvc2l0ZXNcLzEwXC8yMDE1XC8wM1wvYmFubmVyLWlzdG9yaWM0NC5qcGcifQ%3D%3D\">\n\t\t\t\t\t\t\t<img fetchpriority=\"high\" decoding=\"async\" width=\"1024\" height=\"512\" src=\"https:\/\/tinerimearomana.ro\/despre\/wp-content\/uploads\/sites\/10\/2015\/03\/banner-istoric44-1024x512.jpg\" class=\"attachment-large size-large wp-image-43\" alt=\"\" srcset=\"https:\/\/tinerimearomana.ro\/despre\/wp-content\/uploads\/sites\/10\/2015\/03\/banner-istoric44-1024x512.jpg 1024w, https:\/\/tinerimearomana.ro\/despre\/wp-content\/uploads\/sites\/10\/2015\/03\/banner-istoric44-300x150.jpg 300w, https:\/\/tinerimearomana.ro\/despre\/wp-content\/uploads\/sites\/10\/2015\/03\/banner-istoric44.jpg 1200w\" sizes=\"(max-width: 1024px) 100vw, 1024px\" \/>\t\t\t\t\t\t\t\t<\/a>\n\t\t\t\t\t\t\t\t\t\t\t\t\t\t\t<\/div>\n\t\t\t\t<\/div>\n\t\t\t\t<div class=\"elementor-element elementor-element-d9ec948 elementor-widget elementor-widget-image\" data-id=\"d9ec948\" data-element_type=\"widget\" data-widget_type=\"image.default\">\n\t\t\t\t<div class=\"elementor-widget-container\">\n\t\t\t\t\t\t\t\t\t\t\t\t\t\t\t\t<a href=\"https:\/\/tinerimearomana.ro\/despre\/wp-content\/uploads\/sites\/10\/2015\/03\/banner-istoric33.jpg\" data-elementor-open-lightbox=\"yes\" data-elementor-lightbox-title=\"banner-istoric33\" data-e-action-hash=\"#elementor-action%3Aaction%3Dlightbox%26settings%3DeyJpZCI6NDIsInVybCI6Imh0dHBzOlwvXC90aW5lcmltZWFyb21hbmEucm9cL2Rlc3ByZVwvd3AtY29udGVudFwvdXBsb2Fkc1wvc2l0ZXNcLzEwXC8yMDE1XC8wM1wvYmFubmVyLWlzdG9yaWMzMy5qcGcifQ%3D%3D\">\n\t\t\t\t\t\t\t<img decoding=\"async\" width=\"1024\" height=\"512\" src=\"https:\/\/tinerimearomana.ro\/despre\/wp-content\/uploads\/sites\/10\/2015\/03\/banner-istoric33-1024x512.jpg\" class=\"attachment-large size-large wp-image-42\" alt=\"\" srcset=\"https:\/\/tinerimearomana.ro\/despre\/wp-content\/uploads\/sites\/10\/2015\/03\/banner-istoric33-1024x512.jpg 1024w, https:\/\/tinerimearomana.ro\/despre\/wp-content\/uploads\/sites\/10\/2015\/03\/banner-istoric33-300x150.jpg 300w, https:\/\/tinerimearomana.ro\/despre\/wp-content\/uploads\/sites\/10\/2015\/03\/banner-istoric33.jpg 1200w\" sizes=\"(max-width: 1024px) 100vw, 1024px\" \/>\t\t\t\t\t\t\t\t<\/a>\n\t\t\t\t\t\t\t\t\t\t\t\t\t\t\t<\/div>\n\t\t\t\t<\/div>\n\t\t\t\t<div class=\"elementor-element elementor-element-b15c107 elementor-widget elementor-widget-image\" data-id=\"b15c107\" data-element_type=\"widget\" data-widget_type=\"image.default\">\n\t\t\t\t<div class=\"elementor-widget-container\">\n\t\t\t\t\t\t\t\t\t\t\t\t\t\t\t\t<a href=\"https:\/\/tinerimearomana.ro\/despre\/wp-content\/uploads\/sites\/10\/2015\/03\/banner-istoric22.jpg\" data-elementor-open-lightbox=\"yes\" data-elementor-lightbox-title=\"banner-istoric22\" data-e-action-hash=\"#elementor-action%3Aaction%3Dlightbox%26settings%3DeyJpZCI6NDEsInVybCI6Imh0dHBzOlwvXC90aW5lcmltZWFyb21hbmEucm9cL2Rlc3ByZVwvd3AtY29udGVudFwvdXBsb2Fkc1wvc2l0ZXNcLzEwXC8yMDE1XC8wM1wvYmFubmVyLWlzdG9yaWMyMi5qcGcifQ%3D%3D\">\n\t\t\t\t\t\t\t<img decoding=\"async\" width=\"1024\" height=\"512\" src=\"https:\/\/tinerimearomana.ro\/despre\/wp-content\/uploads\/sites\/10\/2015\/03\/banner-istoric22-1024x512.jpg\" class=\"attachment-large size-large wp-image-41\" alt=\"\" srcset=\"https:\/\/tinerimearomana.ro\/despre\/wp-content\/uploads\/sites\/10\/2015\/03\/banner-istoric22-1024x512.jpg 1024w, https:\/\/tinerimearomana.ro\/despre\/wp-content\/uploads\/sites\/10\/2015\/03\/banner-istoric22-300x150.jpg 300w, https:\/\/tinerimearomana.ro\/despre\/wp-content\/uploads\/sites\/10\/2015\/03\/banner-istoric22.jpg 1200w\" sizes=\"(max-width: 1024px) 100vw, 1024px\" \/>\t\t\t\t\t\t\t\t<\/a>\n\t\t\t\t\t\t\t\t\t\t\t\t\t\t\t<\/div>\n\t\t\t\t<\/div>\n\t\t\t\t<div class=\"elementor-element elementor-element-6342004 elementor-widget elementor-widget-image\" data-id=\"6342004\" data-element_type=\"widget\" data-widget_type=\"image.default\">\n\t\t\t\t<div class=\"elementor-widget-container\">\n\t\t\t\t\t\t\t\t\t\t\t\t\t\t\t\t<a href=\"https:\/\/tinerimearomana.ro\/despre\/wp-content\/uploads\/sites\/10\/2015\/03\/banner-istoric11.jpg\" data-elementor-open-lightbox=\"yes\" data-elementor-lightbox-title=\"banner-istoric11\" data-e-action-hash=\"#elementor-action%3Aaction%3Dlightbox%26settings%3DeyJpZCI6NDAsInVybCI6Imh0dHBzOlwvXC90aW5lcmltZWFyb21hbmEucm9cL2Rlc3ByZVwvd3AtY29udGVudFwvdXBsb2Fkc1wvc2l0ZXNcLzEwXC8yMDE1XC8wM1wvYmFubmVyLWlzdG9yaWMxMS5qcGcifQ%3D%3D\">\n\t\t\t\t\t\t\t<img loading=\"lazy\" decoding=\"async\" width=\"1024\" height=\"512\" src=\"https:\/\/tinerimearomana.ro\/despre\/wp-content\/uploads\/sites\/10\/2015\/03\/banner-istoric11-1024x512.jpg\" class=\"attachment-large size-large wp-image-40\" alt=\"\" srcset=\"https:\/\/tinerimearomana.ro\/despre\/wp-content\/uploads\/sites\/10\/2015\/03\/banner-istoric11-1024x512.jpg 1024w, https:\/\/tinerimearomana.ro\/despre\/wp-content\/uploads\/sites\/10\/2015\/03\/banner-istoric11-300x150.jpg 300w, https:\/\/tinerimearomana.ro\/despre\/wp-content\/uploads\/sites\/10\/2015\/03\/banner-istoric11.jpg 1200w\" sizes=\"(max-width: 1024px) 100vw, 1024px\" \/>\t\t\t\t\t\t\t\t<\/a>\n\t\t\t\t\t\t\t\t\t\t\t\t\t\t\t<\/div>\n\t\t\t\t<\/div>\n\t\t\t\t\t<\/div>\n\t\t<\/div>\n\t\t\t\t\t<\/div>\n\t\t<\/section>\n\t\t\t\t<\/div>\n\t\t","protected":false},"excerpt":{"rendered":"<p>CENTRUL NA\u0162IONAL DE ART\u0102 \u201eTINERIMEA ROM\u00c2N\u0102\u201d &#8211; \u00ceMPLINIREA UNUI IDEAL MOTTO O nou\u0103 educa\u0163ie a tinerimii e una din marile necesit\u0103\u0163i ale \u0163\u0103rii. Ea trebuie s\u0103 o fac\u0103 \u00een marginile cumin\u0163eniei, activ\u0103 \u015fi plin\u0103 de \u00eencredere \u00een ea. Dar primejdia st\u0103 \u00een aceea c\u0103, la v\u00e2rsta lor, tinerii confund\u0103 aceast\u0103 siguran\u0163\u0103 at\u00e2t de necesar\u0103, cu&#8230;<\/p>\n","protected":false},"author":1,"featured_media":0,"parent":0,"menu_order":0,"comment_status":"open","ping_status":"open","template":"","meta":{"_kadence_starter_templates_imported_post":false,"_kad_post_transparent":"default","_kad_post_title":"default","_kad_post_layout":"normal","_kad_post_sidebar_id":"","_kad_post_content_style":"default","_kad_post_vertical_padding":"default","_kad_post_feature":"","_kad_post_feature_position":"","_kad_post_header":false,"_kad_post_footer":false,"_kad_post_classname":"","footnotes":""},"class_list":["post-804","page","type-page","status-publish","hentry"],"_links":{"self":[{"href":"https:\/\/tinerimearomana.ro\/despre\/wp-json\/wp\/v2\/pages\/804"}],"collection":[{"href":"https:\/\/tinerimearomana.ro\/despre\/wp-json\/wp\/v2\/pages"}],"about":[{"href":"https:\/\/tinerimearomana.ro\/despre\/wp-json\/wp\/v2\/types\/page"}],"author":[{"embeddable":true,"href":"https:\/\/tinerimearomana.ro\/despre\/wp-json\/wp\/v2\/users\/1"}],"replies":[{"embeddable":true,"href":"https:\/\/tinerimearomana.ro\/despre\/wp-json\/wp\/v2\/comments?post=804"}],"version-history":[{"count":31,"href":"https:\/\/tinerimearomana.ro\/despre\/wp-json\/wp\/v2\/pages\/804\/revisions"}],"predecessor-version":[{"id":4700,"href":"https:\/\/tinerimearomana.ro\/despre\/wp-json\/wp\/v2\/pages\/804\/revisions\/4700"}],"wp:attachment":[{"href":"https:\/\/tinerimearomana.ro\/despre\/wp-json\/wp\/v2\/media?parent=804"}],"curies":[{"name":"wp","href":"https:\/\/api.w.org\/{rel}","templated":true}]}}