{"id":584,"date":"2017-02-02T18:35:58","date_gmt":"2017-02-02T16:35:58","guid":{"rendered":"http:\/\/tinerimearomana.ro\/despre\/?page_id=584"},"modified":"2026-02-15T16:56:43","modified_gmt":"2026-02-15T14:56:43","slug":"bilanturi-contabile","status":"publish","type":"page","link":"https:\/\/tinerimearomana.ro\/despre\/ro\/bilanturi-contabile\/","title":{"rendered":"Bilanturi Contabile"},"content":{"rendered":"<p>Situa\u021bia drepturilor salariale brute pentru anul 2024 corespunz\u0103toare func\u021biilor prev\u0103zute \u00een structura organizatoric\u0103 a \u201dCentrului Na\u021bional de Art\u0103 Tinerimea Rom\u00e2n\u0103\u201d &#8211; <a href=\"https:\/\/tinerimearomana.ro\/despre\/wp-content\/uploads\/sites\/10\/2026\/02\/1.Bilant-la-31-Decembrie-2024_compressed.pdf\">descarc\u0103 de aici<\/a><\/p>\n<p>Situa\u021bia drepturilor salariale brute pentru anul 2023 corespunz\u0103toare func\u021biilor prev\u0103zute \u00een structura organizatoric\u0103 a \u201dCentrului Na\u021bional de Art\u0103 Tinerimea Rom\u00e2n\u0103\u201d &#8211; <a href=\"https:\/\/tinerimearomana.ro\/despre\/wp-content\/uploads\/sites\/10\/2026\/02\/2.Bilant-la-31-Decembrie-2023_compressed.pdf\">descarc\u0103 de aici<\/a><\/p>\n<p>Situa\u021bia drepturilor salariale brute pentru anul 2022 corespunz\u0103toare func\u021biilor prev\u0103zute \u00een structura organizatoric\u0103 a \u201dCentrului Na\u021bional de Art\u0103 Tinerimea Rom\u00e2n\u0103\u201d &#8211; <a href=\"https:\/\/tinerimearomana.ro\/despre\/wp-content\/uploads\/sites\/10\/2026\/02\/3.-Bilant-la-31-Decembrie-2022_compressed.pdf\">descarc\u0103 de aici<\/a><\/p>\n<p>Situa\u021bia drepturilor salariale brute pentru anul 2020 corespunz\u0103toare func\u021biilor prev\u0103zute \u00een structura organizatoric\u0103 a \u201dCentrului Na\u021bional de Art\u0103 Tinerimea Rom\u00e2n\u0103\u201d &#8211; <a href=\"http:\/\/tinerimearomana.ro\/despre\/wp-content\/uploads\/sites\/10\/2020\/02\/Situatia-dr.-salariale-la-01.01.2020.pdf\">descarc\u0103 de aici <\/a><\/p>\n<p>Situa\u021bia drepturilor salariale brute pentru anul 2017 corespunz\u0103toare func\u021biilor prev\u0103zute \u00een structura organizatoric\u0103 a \u201dCentrului Na\u021bional de Art\u0103 Tinerimea Rom\u00e2n\u0103\u201d &#8211; <a href=\"http:\/\/tinerimearomana.ro\/wp-content\/uploads\/docs\/situatie-drepturi-salariale2017.pdf\">descarc\u0103 de aici <\/a><\/p>\n<p>&nbsp;<\/p>\n<p>&nbsp;<\/p>\n","protected":false},"excerpt":{"rendered":"<p>Situa\u021bia drepturilor salariale brute pentru anul 2024 corespunz\u0103toare func\u021biilor prev\u0103zute \u00een structura organizatoric\u0103 a \u201dCentrului Na\u021bional de Art\u0103 Tinerimea Rom\u00e2n\u0103\u201d &#8211; descarc\u0103 de aici Situa\u021bia drepturilor salariale brute pentru anul 2023 corespunz\u0103toare func\u021biilor prev\u0103zute \u00een structura organizatoric\u0103 a \u201dCentrului Na\u021bional de Art\u0103 Tinerimea Rom\u00e2n\u0103\u201d &#8211; descarc\u0103 de aici Situa\u021bia drepturilor salariale brute pentru anul 2022&#8230;<\/p>\n","protected":false},"author":1,"featured_media":0,"parent":0,"menu_order":0,"comment_status":"closed","ping_status":"closed","template":"","meta":{"_kadence_starter_templates_imported_post":false,"_kad_post_transparent":"default","_kad_post_title":"default","_kad_post_layout":"right","_kad_post_sidebar_id":"","_kad_post_content_style":"default","_kad_post_vertical_padding":"default","_kad_post_feature":"","_kad_post_feature_position":"","_kad_post_header":false,"_kad_post_footer":false,"_kad_post_classname":"","footnotes":""},"class_list":["post-584","page","type-page","status-publish","hentry"],"_links":{"self":[{"href":"https:\/\/tinerimearomana.ro\/despre\/wp-json\/wp\/v2\/pages\/584"}],"collection":[{"href":"https:\/\/tinerimearomana.ro\/despre\/wp-json\/wp\/v2\/pages"}],"about":[{"href":"https:\/\/tinerimearomana.ro\/despre\/wp-json\/wp\/v2\/types\/page"}],"author":[{"embeddable":true,"href":"https:\/\/tinerimearomana.ro\/despre\/wp-json\/wp\/v2\/users\/1"}],"replies":[{"embeddable":true,"href":"https:\/\/tinerimearomana.ro\/despre\/wp-json\/wp\/v2\/comments?post=584"}],"version-history":[{"count":9,"href":"https:\/\/tinerimearomana.ro\/despre\/wp-json\/wp\/v2\/pages\/584\/revisions"}],"predecessor-version":[{"id":5025,"href":"https:\/\/tinerimearomana.ro\/despre\/wp-json\/wp\/v2\/pages\/584\/revisions\/5025"}],"wp:attachment":[{"href":"https:\/\/tinerimearomana.ro\/despre\/wp-json\/wp\/v2\/media?parent=584"}],"curies":[{"name":"wp","href":"https:\/\/api.w.org\/{rel}","templated":true}]}}