{"id":558,"date":"2017-02-02T17:23:07","date_gmt":"2017-02-02T15:23:07","guid":{"rendered":"http:\/\/tinerimearomana.ro\/despre\/?page_id=558"},"modified":"2022-04-30T00:22:38","modified_gmt":"2022-04-29T22:22:38","slug":"legislatie","status":"publish","type":"page","link":"https:\/\/tinerimearomana.ro\/despre\/ro\/legislatie\/","title":{"rendered":"Legislatie"},"content":{"rendered":"<div class=\"redred\" style=\"padding: 20px 10px 20px 10px;\">\n<p style=\"text-indent: 40px;\">CENTRUL NATIONAL DE ARTA \u201eTINERIMEA ROM\u00c2NA\u201d func\u0163ioneaz\u0103 \u00een baza <a href=\"http:\/\/legislatie.just.ro\/Public\/DetaliiDocument\/94487\" target=\"_blank\" rel=\"noopener noreferrer\">Hot\u0103r\u00e2rii Guvernului nr. 527\/1992<\/a> de reorganizare a unor institu\u0163ii publice subordonate Ministerului Culturii, cu modific\u0103rile \u015fi complet\u0103rile ulterioare \u015fi a <a href=\"http:\/\/legislatie.just.ro\/Public\/DetaliiDocumentAfis\/116380\" target=\"_blank\" rel=\"noopener noreferrer\">Hot\u0103r\u00e2rii Guvernului nr. 90\/2010<\/a> privind organizarea \u015fi func\u0163ionarea Ministerului Culturii, cu modific\u0103rile \u015fi complet\u0103rile ulterioare.<\/p>\n<div class=\"su-spacer\" style=\"height:180px\"><\/div>\n<\/div>\n<p>&nbsp;<\/p>\n","protected":false},"excerpt":{"rendered":"<p>CENTRUL NATIONAL DE ARTA \u201eTINERIMEA ROM\u00c2NA\u201d func\u0163ioneaz\u0103 \u00een baza Hot\u0103r\u00e2rii Guvernului nr. 527\/1992 de reorganizare a unor institu\u0163ii publice subordonate Ministerului Culturii, cu modific\u0103rile \u015fi complet\u0103rile ulterioare \u015fi a Hot\u0103r\u00e2rii Guvernului nr. 90\/2010 privind organizarea \u015fi func\u0163ionarea Ministerului Culturii, cu modific\u0103rile \u015fi complet\u0103rile ulterioare. &nbsp;<\/p>\n","protected":false},"author":1,"featured_media":0,"parent":0,"menu_order":0,"comment_status":"closed","ping_status":"closed","template":"","meta":{"_kadence_starter_templates_imported_post":false,"_kad_post_transparent":"default","_kad_post_title":"default","_kad_post_layout":"right","_kad_post_sidebar_id":"","_kad_post_content_style":"default","_kad_post_vertical_padding":"default","_kad_post_feature":"","_kad_post_feature_position":"","_kad_post_header":false,"_kad_post_footer":false,"_kad_post_classname":"","footnotes":""},"class_list":["post-558","page","type-page","status-publish","hentry"],"_links":{"self":[{"href":"https:\/\/tinerimearomana.ro\/despre\/wp-json\/wp\/v2\/pages\/558"}],"collection":[{"href":"https:\/\/tinerimearomana.ro\/despre\/wp-json\/wp\/v2\/pages"}],"about":[{"href":"https:\/\/tinerimearomana.ro\/despre\/wp-json\/wp\/v2\/types\/page"}],"author":[{"embeddable":true,"href":"https:\/\/tinerimearomana.ro\/despre\/wp-json\/wp\/v2\/users\/1"}],"replies":[{"embeddable":true,"href":"https:\/\/tinerimearomana.ro\/despre\/wp-json\/wp\/v2\/comments?post=558"}],"version-history":[{"count":10,"href":"https:\/\/tinerimearomana.ro\/despre\/wp-json\/wp\/v2\/pages\/558\/revisions"}],"predecessor-version":[{"id":2150,"href":"https:\/\/tinerimearomana.ro\/despre\/wp-json\/wp\/v2\/pages\/558\/revisions\/2150"}],"wp:attachment":[{"href":"https:\/\/tinerimearomana.ro\/despre\/wp-json\/wp\/v2\/media?parent=558"}],"curies":[{"name":"wp","href":"https:\/\/api.w.org\/{rel}","templated":true}]}}