{"id":4791,"date":"2026-01-20T10:29:49","date_gmt":"2026-01-20T08:29:49","guid":{"rendered":"https:\/\/tinerimearomana.ro\/despre\/?page_id=4791"},"modified":"2026-01-20T10:30:24","modified_gmt":"2026-01-20T08:30:24","slug":"formular-de-inscriere-auditie-pentru-orchestrele-romane-de-tineret-2026","status":"publish","type":"page","link":"https:\/\/tinerimearomana.ro\/despre\/ro\/formular-de-inscriere-auditie-pentru-orchestrele-romane-de-tineret-2026\/","title":{"rendered":"Formular de \u00eenscriere AUDI\u021aIE PENTRU ORCHESTRELE ROM\u00c2NE DE TINERET 2026"},"content":{"rendered":"\t\t<div data-elementor-type=\"wp-page\" data-elementor-id=\"4791\" class=\"elementor elementor-4791\">\n\t\t\t\t\t\t<section class=\"elementor-section elementor-top-section elementor-element elementor-element-0a5fad9 elementor-section-boxed elementor-section-height-default elementor-section-height-default\" data-id=\"0a5fad9\" data-element_type=\"section\">\n\t\t\t\t\t\t<div class=\"elementor-container elementor-column-gap-default\">\n\t\t\t\t\t<div class=\"elementor-column elementor-col-100 elementor-top-column elementor-element elementor-element-d976d2e\" data-id=\"d976d2e\" data-element_type=\"column\">\n\t\t\t<div class=\"elementor-widget-wrap elementor-element-populated\">\n\t\t\t\t\t\t<div class=\"elementor-element elementor-element-a7e9349 elementor-widget elementor-widget-shortcode\" data-id=\"a7e9349\" data-element_type=\"widget\" data-widget_type=\"shortcode.default\">\n\t\t\t\t<div class=\"elementor-widget-container\">\n\t\t\t\t\t\t\t<div class=\"elementor-shortcode\"><div class=\"forminator-ui forminator-custom-form forminator-custom-form-4784 forminator-design--default  forminator_ajax\" data-forminator-render=\"0\" data-form=\"forminator-module-4784\" data-uid=\"69ed9d0ce0ba1\"><br\/><\/div><form\n\t\t\t\tid=\"forminator-module-4784\"\n\t\t\t\tclass=\"forminator-ui forminator-custom-form forminator-custom-form-4784 forminator-design--default  forminator_ajax\"\n\t\t\t\tmethod=\"post\"\n\t\t\t\tdata-forminator-render=\"0\"\n\t\t\t\tdata-form-id=\"4784\"\n\t\t\t\t data-color-option=\"default\" data-design=\"default\" data-grid=\"open\" style=\"display: none;\"\n\t\t\t\tdata-uid=\"69ed9d0ce0ba1\"\n\t\t\t><div role=\"alert\" aria-live=\"polite\" class=\"forminator-response-message forminator-error\" aria-hidden=\"true\"><\/div><div class=\"forminator-row\"><div id=\"radio-1\" class=\"forminator-field-radio forminator-col forminator-col-12 \"><div role=\"radiogroup\" class=\"forminator-field\" aria-labelledby=\"forminator-radiogroup-radio-1-69ed9d0ce0ba1-label\"><span id=\"forminator-radiogroup-radio-1-69ed9d0ce0ba1-label\" class=\"forminator-label\">Doresc s\u0103 particip la audi\u021bie pentru: <span class=\"forminator-required\">*<\/span><\/span><label id=\"forminator-field-radio-1-label-1\" for=\"forminator-field-radio-1-1-69ed9d0ce0ba1\" class=\"forminator-radio\" title=\"Orchestra Junior\"><input type=\"radio\" name=\"radio-1\" value=\"one\" id=\"forminator-field-radio-1-1-69ed9d0ce0ba1\" aria-labelledby=\"forminator-field-radio-1-label-1\" data-calculation=\"0\"   data-hidden-behavior=\"zero\"\/><span class=\"forminator-radio-bullet\" aria-hidden=\"true\"><\/span><span class=\"forminator-radio-label\">Orchestra Junior<\/span><\/label><label id=\"forminator-field-radio-1-label-2\" for=\"forminator-field-radio-1-2-69ed9d0ce0ba1\" class=\"forminator-radio\" title=\"Orchestra Sinfonietta\"><input type=\"radio\" name=\"radio-1\" value=\"two\" id=\"forminator-field-radio-1-2-69ed9d0ce0ba1\" aria-labelledby=\"forminator-field-radio-1-label-2\" data-calculation=\"0\"   data-hidden-behavior=\"zero\"\/><span class=\"forminator-radio-bullet\" aria-hidden=\"true\"><\/span><span class=\"forminator-radio-label\">Orchestra Sinfonietta<\/span><\/label><label id=\"forminator-field-radio-1-label-3\" for=\"forminator-field-radio-1-3-69ed9d0ce0ba1\" class=\"forminator-radio\" title=\"Orchestra Rom\u00e2n\u0103 de Tineret\"><input type=\"radio\" name=\"radio-1\" value=\"Timi\u0219oara\" id=\"forminator-field-radio-1-3-69ed9d0ce0ba1\" aria-labelledby=\"forminator-field-radio-1-label-3\" data-calculation=\"0\"   data-hidden-behavior=\"zero\"\/><span class=\"forminator-radio-bullet\" aria-hidden=\"true\"><\/span><span class=\"forminator-radio-label\">Orchestra Rom\u00e2n\u0103 de Tineret<\/span><\/label><label id=\"forminator-field-radio-1-label-4\" for=\"forminator-field-radio-1-4-69ed9d0ce0ba1\" class=\"forminator-radio\" title=\"Concertmaestru pentru Orchestra Rom\u00e2n\u0103 de Tineret\"><input type=\"radio\" name=\"radio-1\" value=\"Ia\u0219i\" id=\"forminator-field-radio-1-4-69ed9d0ce0ba1\" aria-labelledby=\"forminator-field-radio-1-label-4\" data-calculation=\"0\"   data-hidden-behavior=\"zero\"\/><span class=\"forminator-radio-bullet\" aria-hidden=\"true\"><\/span><span class=\"forminator-radio-label\">Concertmaestru pentru Orchestra Rom\u00e2n\u0103 de Tineret<\/span><\/label><\/div><\/div><\/div><div class=\"forminator-row\"><div id=\"name-1\" class=\"forminator-field-name forminator-col forminator-col-12 \"><div class=\"forminator-row forminator-no-margin\" data-multiple=\"true\"><div class=\"forminator-col forminator-col-md-6\"><div class=\"forminator-field\"><label for=\"forminator-field-first-name-1_69ed9d0ce0ba1\" id=\"forminator-field-first-name-1_69ed9d0ce0ba1-label\" class=\"forminator-label\">Nume <span class=\"forminator-required\">*<\/span><\/label><input type=\"text\" name=\"name-1-first-name\" placeholder=\"Nume\" id=\"forminator-field-first-name-1_69ed9d0ce0ba1\" class=\"forminator-input\" aria-required=\"true\" data-multi=\"1\" autocomplete=\"given-name\" value=\"\" \/><\/div><\/div><div class=\"forminator-col forminator-col-md-6\"><div class=\"forminator-field\"><label for=\"forminator-field-last-name-1_69ed9d0ce0ba1\" id=\"forminator-field-last-name-1_69ed9d0ce0ba1-label\" class=\"forminator-label\">Prenume <span class=\"forminator-required\">*<\/span><\/label><input type=\"text\" name=\"name-1-last-name\" placeholder=\"Prenume\" id=\"forminator-field-last-name-1_69ed9d0ce0ba1\" class=\"forminator-input\" aria-required=\"true\" data-multi=\"1\" autocomplete=\"family-name\" value=\"\" \/><\/div><\/div><\/div><\/div><\/div><div class=\"forminator-row\"><div id=\"text-1\" class=\"forminator-field-text forminator-col forminator-col-6 \"><div class=\"forminator-field\"><label for=\"forminator-field-text-1_69ed9d0ce0ba1\" id=\"forminator-field-text-1_69ed9d0ce0ba1-label\" class=\"forminator-label\">INSTRUMENT <span class=\"forminator-required\">*<\/span><\/label><input type=\"text\" name=\"text-1\" value=\"\" placeholder=\"INSTRUMENT\" id=\"forminator-field-text-1_69ed9d0ce0ba1\" class=\"forminator-input forminator-name--field\" data-required=\"1\" \/><\/div><\/div><div id=\"text-2\" class=\"forminator-field-text forminator-col forminator-col-6 \"><div class=\"forminator-field\"><label for=\"forminator-field-text-2_69ed9d0ce0ba1\" id=\"forminator-field-text-2_69ed9d0ce0ba1-label\" class=\"forminator-label\">\u0218coala\/Universitatea <span class=\"forminator-required\">*<\/span><\/label><input type=\"text\" name=\"text-2\" value=\"\" placeholder=\"\u0218coala\/Universitatea\" id=\"forminator-field-text-2_69ed9d0ce0ba1\" class=\"forminator-input forminator-name--field\" data-required=\"1\" \/><\/div><\/div><\/div><div class=\"forminator-row\"><div id=\"text-3\" class=\"forminator-field-text forminator-col forminator-col-6 \"><div class=\"forminator-field\"><label for=\"forminator-field-text-3_69ed9d0ce0ba1\" id=\"forminator-field-text-3_69ed9d0ce0ba1-label\" class=\"forminator-label\">Clasa\/Anul <span class=\"forminator-required\">*<\/span><\/label><input type=\"text\" name=\"text-3\" value=\"\" placeholder=\"Clasa\/Anul\" id=\"forminator-field-text-3_69ed9d0ce0ba1\" class=\"forminator-input forminator-name--field\" data-required=\"1\" \/><\/div><\/div><div id=\"text-4\" class=\"forminator-field-text forminator-col forminator-col-6 \"><div class=\"forminator-field\"><label for=\"forminator-field-text-4_69ed9d0ce0ba1\" id=\"forminator-field-text-4_69ed9d0ce0ba1-label\" class=\"forminator-label\">Profesor <span class=\"forminator-required\">*<\/span><\/label><input type=\"text\" name=\"text-4\" value=\"\" placeholder=\"Profesor\" id=\"forminator-field-text-4_69ed9d0ce0ba1\" class=\"forminator-input forminator-name--field\" data-required=\"1\" \/><\/div><\/div><\/div><div class=\"forminator-row\"><div id=\"phone-1\" class=\"forminator-field-phone forminator-col forminator-col-6 \"><div class=\"forminator-field\"><label for=\"forminator-field-phone-1_69ed9d0ce0ba1\" id=\"forminator-field-phone-1_69ed9d0ce0ba1-label\" class=\"forminator-label\">Telefon <span class=\"forminator-required\">*<\/span><\/label><input type=\"text\" name=\"phone-1\" value=\"\" placeholder=\"Telefon\" id=\"forminator-field-phone-1_69ed9d0ce0ba1\" class=\"forminator-input forminator-field--phone\" data-required=\"1\" aria-required=\"true\" autocomplete=\"off\" \/><\/div><\/div><div id=\"email-1\" class=\"forminator-field-email forminator-col forminator-col-6 \"><div class=\"forminator-field\"><label for=\"forminator-field-email-1_69ed9d0ce0ba1\" id=\"forminator-field-email-1_69ed9d0ce0ba1-label\" class=\"forminator-label\">E-mail <span class=\"forminator-required\">*<\/span><\/label><input type=\"email\" name=\"email-1\" value=\"\" placeholder=\"Email\" id=\"forminator-field-email-1_69ed9d0ce0ba1\" class=\"forminator-input forminator-email--field\" data-required=\"true\" aria-required=\"true\" autocomplete=\"email\" \/><\/div><\/div><\/div><div class=\"forminator-row\"><div id=\"text-5\" class=\"forminator-field-text forminator-col forminator-col-12 \"><div class=\"forminator-field\"><label for=\"forminator-field-text-5_69ed9d0ce0ba1\" id=\"forminator-field-text-5_69ed9d0ce0ba1-label\" class=\"forminator-label\">Data Na\u0219terii <span class=\"forminator-required\">*<\/span><\/label><input type=\"text\" name=\"text-5\" value=\"\" placeholder=\"Data Na\u0219terii\" id=\"forminator-field-text-5_69ed9d0ce0ba1\" class=\"forminator-input forminator-name--field\" data-required=\"1\" \/><\/div><\/div><\/div><div class=\"forminator-row\"><div id=\"text-6\" class=\"forminator-field-text forminator-col forminator-col-12 \"><div class=\"forminator-field\"><label for=\"forminator-field-text-6_69ed9d0ce0ba1\" id=\"forminator-field-text-6_69ed9d0ce0ba1-label\" class=\"forminator-label\">Link VIDEO:<\/label><input type=\"text\" name=\"text-6\" value=\"\" placeholder=\"(Nume Compozitor, Titlu lucrare)\" id=\"forminator-field-text-6_69ed9d0ce0ba1\" class=\"forminator-input forminator-name--field\" data-required=\"\" \/><\/div><\/div><\/div><div class=\"forminator-row\"><div id=\"text-7\" class=\"forminator-field-text forminator-col forminator-col-12 \"><div class=\"forminator-field\"><label for=\"forminator-field-text-7_69ed9d0ce0ba1\" id=\"forminator-field-text-7_69ed9d0ce0ba1-label\" class=\"forminator-label\">Repertoriul propus pentru audi\u021bia LIVE: <span class=\"forminator-required\">*<\/span><\/label><input type=\"text\" name=\"text-7\" value=\"\" placeholder=\"(Nume Compozitor, Titlu lucrare)\" id=\"forminator-field-text-7_69ed9d0ce0ba1\" class=\"forminator-input forminator-name--field\" data-required=\"1\" \/><\/div><\/div><\/div><div class=\"forminator-row\"><div id=\"consent-2\" class=\"forminator-field-consent forminator-col forminator-col-12 \"><div class=\"forminator-field\"><label for=\"forminator-field-consent-2_69ed9d0ce0ba1\" id=\"forminator-field-consent-2_69ed9d0ce0ba1-label\" class=\"forminator-label\">Acord pentru Termeni \u0219i condi\u021bii <span class=\"forminator-required\">*<\/span><\/label><div class=\"forminator-checkbox__wrapper\"><label id=\"forminator-field-consent-2_69ed9d0ce0ba1__label\" class=\"forminator-checkbox forminator-consent\" aria-labelledby=\"forminator-field-consent-2_69ed9d0ce0ba1-label\"><input type=\"checkbox\" name=\"consent-2\" id=\"forminator-field-consent-2_69ed9d0ce0ba1\" value=\"checked\" aria-labelledby=\"forminator-field-consent-2_69ed9d0ce0ba1-label\" aria-describedby=\"forminator-field-consent-2_69ed9d0ce0ba1__description\" data-required=\"true\" aria-required=\"true\" \/><span class=\"forminator-checkbox-box\" aria-hidden=\"true\"><\/span><\/label><div id=\"forminator-field-consent-2_69ed9d0ce0ba1__description\" class=\"forminator-checkbox__label forminator-consent__label\"><p>Am citit \u0219i sunt de acord cu termenii \u0219i condi\u021biile care sunt men\u021bionate \u00een regulile \u0219i regulamentele care guverneaz\u0103 CNATR.<\/p><\/div><\/div><\/div><\/div><\/div><div class=\"forminator-row\"><div id=\"consent-1\" class=\"forminator-field-consent forminator-col forminator-col-12 \"><div class=\"forminator-field\"><label for=\"forminator-field-consent-1_69ed9d0ce0ba1\" id=\"forminator-field-consent-1_69ed9d0ce0ba1-label\" class=\"forminator-label\">GDPR Acord <span class=\"forminator-required\">*<\/span><\/label><div class=\"forminator-checkbox__wrapper\"><label id=\"forminator-field-consent-1_69ed9d0ce0ba1__label\" class=\"forminator-checkbox forminator-consent\" aria-labelledby=\"forminator-field-consent-1_69ed9d0ce0ba1-label\"><input type=\"checkbox\" name=\"consent-1\" id=\"forminator-field-consent-1_69ed9d0ce0ba1\" value=\"checked\" aria-labelledby=\"forminator-field-consent-1_69ed9d0ce0ba1-label\" aria-describedby=\"forminator-field-consent-1_69ed9d0ce0ba1__description\" data-required=\"true\" aria-required=\"true\" \/><span class=\"forminator-checkbox-box\" aria-hidden=\"true\"><\/span><\/label><div id=\"forminator-field-consent-1_69ed9d0ce0ba1__description\" class=\"forminator-checkbox__label forminator-consent__label\"><p>\u00cen conformitate cu prevederile GDPR, \u00een\u021beleg \u0219i sunt de acord s\u0103 bifez aceast\u0103 declara\u021bie, fiind de acord c\u0103 datele mele personale furnizate \u00een mod voluntar \u00een prezentul Acord de \u00eenregistrare vor fi prelucrate \u00een scopul \u00eenregistr\u0103rii \u0219i particip\u0103rii la activit\u0103\u021bile men\u021bionate mai sus desf\u0103\u0219urate \u00een audi\u021bia CNATR. De asemenea, pe parcursul proiectelor, sunt de acord ca fotografiile\/videoclipurile care vor fi realizate si la care particip sa fie folosite in scopuri promotionale ale institu\u021biei in toate media si social media.<\/p><\/div><\/div><\/div><\/div><\/div><input type=\"hidden\" name=\"referer_url\" value=\"\" \/><div class=\"forminator-row forminator-row-last\"><div class=\"forminator-col\"><div class=\"forminator-field\"><button class=\"forminator-button forminator-button-submit\">Trimite mesaj<\/button><\/div><\/div><\/div><input type=\"hidden\" id=\"forminator_nonce\" name=\"forminator_nonce\" value=\"5608f3a30b\" \/><input type=\"hidden\" name=\"_wp_http_referer\" value=\"\/despre\/wp-json\/wp\/v2\/pages\/4791\" \/><input type=\"hidden\" name=\"form_id\" value=\"4784\"><input type=\"hidden\" name=\"page_id\" value=\"4791\"><input type=\"hidden\" name=\"form_type\" value=\"default\"><input type=\"hidden\" name=\"current_url\" value=\"https:\/\/tinerimearomana.ro\/despre\/ro\/formular-de-inscriere-auditie-pentru-orchestrele-romane-de-tineret-2026\/\"><input type=\"hidden\" name=\"render_id\" value=\"0\"><input type=\"hidden\" name=\"action\" value=\"forminator_submit_form_custom-forms\"><\/form><\/div>\n\t\t\t\t\t\t<\/div>\n\t\t\t\t<\/div>\n\t\t\t\t\t<\/div>\n\t\t<\/div>\n\t\t\t\t\t<\/div>\n\t\t<\/section>\n\t\t\t\t<section class=\"elementor-section elementor-top-section elementor-element elementor-element-bfbd44d elementor-section-boxed elementor-section-height-default elementor-section-height-default\" data-id=\"bfbd44d\" data-element_type=\"section\">\n\t\t\t\t\t\t<div class=\"elementor-container elementor-column-gap-default\">\n\t\t\t\t\t<div class=\"elementor-column elementor-col-100 elementor-top-column elementor-element elementor-element-04b708d\" data-id=\"04b708d\" data-element_type=\"column\">\n\t\t\t<div class=\"elementor-widget-wrap elementor-element-populated\">\n\t\t\t\t\t\t<div class=\"elementor-element elementor-element-cd062e0 elementor-widget elementor-widget-text-editor\" data-id=\"cd062e0\" data-element_type=\"widget\" data-widget_type=\"text-editor.default\">\n\t\t\t\t<div class=\"elementor-widget-container\">\n\t\t\t\t\t\t\t\t\t<p><strong>Data limit\u0103<\/strong> pentru \u00eenscriere la audi\u0163ie este\u00a0 <span style=\"color: #ff0000;\"><b>6 februarie 2026<\/b>.\u00a0<\/span><span style=\"color: #000000;\"><strong>Nu se accept\u0103 \u00eenscrieri dup\u0103 data limit\u0103.<\/strong><\/span><\/p>\t\t\t\t\t\t\t\t<\/div>\n\t\t\t\t<\/div>\n\t\t\t\t\t<\/div>\n\t\t<\/div>\n\t\t\t\t\t<\/div>\n\t\t<\/section>\n\t\t\t\t<\/div>\n\t\t","protected":false},"excerpt":{"rendered":"<p>Data limit\u0103 pentru \u00eenscriere la audi\u0163ie este\u00a0 6 februarie 2026.\u00a0Nu se accept\u0103 \u00eenscrieri dup\u0103 data limit\u0103.<\/p>\n","protected":false},"author":1,"featured_media":0,"parent":0,"menu_order":0,"comment_status":"closed","ping_status":"closed","template":"","meta":{"_kadence_starter_templates_imported_post":false,"_kad_post_transparent":"default","_kad_post_title":"default","_kad_post_layout":"default","_kad_post_sidebar_id":"","_kad_post_content_style":"default","_kad_post_vertical_padding":"default","_kad_post_feature":"","_kad_post_feature_position":"","_kad_post_header":false,"_kad_post_footer":false,"_kad_post_classname":"","footnotes":""},"class_list":["post-4791","page","type-page","status-publish","hentry"],"_links":{"self":[{"href":"https:\/\/tinerimearomana.ro\/despre\/wp-json\/wp\/v2\/pages\/4791"}],"collection":[{"href":"https:\/\/tinerimearomana.ro\/despre\/wp-json\/wp\/v2\/pages"}],"about":[{"href":"https:\/\/tinerimearomana.ro\/despre\/wp-json\/wp\/v2\/types\/page"}],"author":[{"embeddable":true,"href":"https:\/\/tinerimearomana.ro\/despre\/wp-json\/wp\/v2\/users\/1"}],"replies":[{"embeddable":true,"href":"https:\/\/tinerimearomana.ro\/despre\/wp-json\/wp\/v2\/comments?post=4791"}],"version-history":[{"count":4,"href":"https:\/\/tinerimearomana.ro\/despre\/wp-json\/wp\/v2\/pages\/4791\/revisions"}],"predecessor-version":[{"id":4795,"href":"https:\/\/tinerimearomana.ro\/despre\/wp-json\/wp\/v2\/pages\/4791\/revisions\/4795"}],"wp:attachment":[{"href":"https:\/\/tinerimearomana.ro\/despre\/wp-json\/wp\/v2\/media?parent=4791"}],"curies":[{"name":"wp","href":"https:\/\/api.w.org\/{rel}","templated":true}]}}