{"id":4478,"date":"2024-04-11T15:02:07","date_gmt":"2024-04-11T13:02:07","guid":{"rendered":"https:\/\/tinerimearomana.ro\/despre\/?page_id=4478"},"modified":"2024-04-11T18:00:23","modified_gmt":"2024-04-11T16:00:23","slug":"programari-auditii-iasi","status":"publish","type":"page","link":"https:\/\/tinerimearomana.ro\/despre\/ro\/programari-auditii-iasi\/","title":{"rendered":"PROGRAM\u0102RI AUDI\u021aII IA\u0218I"},"content":{"rendered":"\t\t<div data-elementor-type=\"wp-page\" data-elementor-id=\"4478\" class=\"elementor elementor-4478\">\n\t\t\t\t\t\t<section class=\"elementor-section elementor-top-section elementor-element elementor-element-2952b88 elementor-section-boxed elementor-section-height-default elementor-section-height-default\" data-id=\"2952b88\" data-element_type=\"section\">\n\t\t\t\t\t\t<div class=\"elementor-container elementor-column-gap-default\">\n\t\t\t\t\t<div class=\"elementor-column elementor-col-25 elementor-top-column elementor-element elementor-element-b973b2b\" data-id=\"b973b2b\" data-element_type=\"column\">\n\t\t\t<div class=\"elementor-widget-wrap\">\n\t\t\t\t\t\t\t<\/div>\n\t\t<\/div>\n\t\t\t\t<div class=\"elementor-column elementor-col-50 elementor-top-column elementor-element elementor-element-a2ac726\" data-id=\"a2ac726\" data-element_type=\"column\">\n\t\t\t<div class=\"elementor-widget-wrap elementor-element-populated\">\n\t\t\t\t\t\t<div class=\"elementor-element elementor-element-d9a9dec elementor-widget elementor-widget-heading\" data-id=\"d9a9dec\" data-element_type=\"widget\" data-widget_type=\"heading.default\">\n\t\t\t\t<div class=\"elementor-widget-container\">\n\t\t\t\t\t<h2 class=\"elementor-heading-title elementor-size-default\">AUDI\u021aII PENTRU ORCHESTRELE ROM\u00c2NE DE TINERET - IA\u0218I<\/h2>\t\t\t\t<\/div>\n\t\t\t\t<\/div>\n\t\t\t\t<div class=\"elementor-element elementor-element-71a4712 elementor-widget elementor-widget-heading\" data-id=\"71a4712\" data-element_type=\"widget\" data-widget_type=\"heading.default\">\n\t\t\t\t<div class=\"elementor-widget-container\">\n\t\t\t\t\t<h2 class=\"elementor-heading-title elementor-size-default\">13 - 14 Aprilie 2024<\/h2>\t\t\t\t<\/div>\n\t\t\t\t<\/div>\n\t\t\t\t<div class=\"elementor-element elementor-element-44bb859 elementor-widget elementor-widget-heading\" data-id=\"44bb859\" data-element_type=\"widget\" data-widget_type=\"heading.default\">\n\t\t\t\t<div class=\"elementor-widget-container\">\n\t\t\t\t\t<h2 class=\"elementor-heading-title elementor-size-default\">Universitatea Na\u021bional\u0103 de Arte \u201eGeorge Enescu\u201d din Ia\u0219i,\nStrada Cuza Vod\u0103, nr. 29, Corp Casa Bal\u015f, Sala B II 4<\/h2>\t\t\t\t<\/div>\n\t\t\t\t<\/div>\n\t\t\t\t<div class=\"elementor-element elementor-element-ec6c35f elementor-widget elementor-widget-text-editor\" data-id=\"ec6c35f\" data-element_type=\"widget\" data-widget_type=\"text-editor.default\">\n\t\t\t\t<div class=\"elementor-widget-container\">\n\t\t\t\t\t\t\t\t\t<ul><li>V\u0103 rug\u0103m s\u0103 fi\u021bi prezen\u021bi cu (minim) cel pu\u021bin 30 de minute \u00eenainte de ora programat\u0103.<\/li><li>Comisia \u00ee\u0219i rezerv\u0103 dreptul de a opri candidatul \u00een timp ce c\u00e2nt\u0103.<\/li><li>Orice anulare trebuie anun\u021ba\u021b\u0103 cu cel pu\u021bin o zi \u00eenainte.<\/li><li>Orarul program\u0103rilor pentru audi\u021bii nu se mai poate modifica.<\/li><\/ul>\t\t\t\t\t\t\t\t<\/div>\n\t\t\t\t<\/div>\n\t\t\t\t<div class=\"elementor-element elementor-element-aa4ed2a elementor-widget elementor-widget-heading\" data-id=\"aa4ed2a\" data-element_type=\"widget\" data-widget_type=\"heading.default\">\n\t\t\t\t<div class=\"elementor-widget-container\">\n\t\t\t\t\t<h2 class=\"elementor-heading-title elementor-size-default\">Datori\u0103 reprogram\u0103rii audi\u021biilor, rezultatele for fi afi\u0219ate dup\u0103 data de 29 aprilie 2024.<\/h2>\t\t\t\t<\/div>\n\t\t\t\t<\/div>\n\t\t\t\t\t<\/div>\n\t\t<\/div>\n\t\t\t\t<div class=\"elementor-column elementor-col-25 elementor-top-column elementor-element elementor-element-6031e2f\" data-id=\"6031e2f\" data-element_type=\"column\">\n\t\t\t<div class=\"elementor-widget-wrap\">\n\t\t\t\t\t\t\t<\/div>\n\t\t<\/div>\n\t\t\t\t\t<\/div>\n\t\t<\/section>\n\t\t\t\t<section class=\"elementor-section elementor-top-section elementor-element elementor-element-41e022d elementor-section-boxed elementor-section-height-default elementor-section-height-default\" data-id=\"41e022d\" data-element_type=\"section\">\n\t\t\t\t\t\t<div class=\"elementor-container elementor-column-gap-default\">\n\t\t\t\t\t<div class=\"elementor-column elementor-col-100 elementor-top-column elementor-element elementor-element-ddf0c3f\" data-id=\"ddf0c3f\" data-element_type=\"column\">\n\t\t\t<div class=\"elementor-widget-wrap elementor-element-populated\">\n\t\t\t\t\t\t<div class=\"elementor-element elementor-element-4e01a68 elementor-widget elementor-widget-embedpress_pdf\" data-id=\"4e01a68\" data-element_type=\"widget\" data-widget_type=\"embedpress_pdf.default\">\n\t\t\t\t<div class=\"elementor-widget-container\">\n\t\t\t\t\t    <div class=\"embedpress-document-embed ep-doc-a80f77b06042acf07d712ee2e79d689f ose-document emebedpress-unit-px \" data-thememode=\"default\" data-customcolor=\"\" data-toolbar=\"yes\" data-toolbar-position=\"top\" data-open=\"no\" data-presentation-mode=\"yes\" data-download=\"yes\" data-copy=\"yes\" data-add-image=\"yes\" data-rotate=\"yes\" data-details=\"yes\" data-id=\"embedpress-pdf-4e01a68\" data-selection-tool=\"0\" data-scrolling=\"0\" data-spreads=\"-1\" style=\" max-width:100%; display: inline-block\">\n\n        \n                <div >\n\n                    <div id=\"ep-elementor-content-4e01a68\" class=\"ep-elementor-content  ep-fixed-width   ep-content-protection-disabled\">\n                        <div id=\"4e01a68\" class=\"ep-embed-content-wraper\">\n                            <div><iframe title=\"AUDI\u021aII pentru ORCHESTRELE ROM\u00c2NE DE TINERET IASI2\" class=\"embedpress-embed-document-pdf embedpress-pdf-4e01a68\" style=\"width: 1200px!important;height: 700px;; max-width:100%; display: inline-block\" src=\"https:\/\/tinerimearomana.ro\/despre\/wp-admin\/admin-ajax.php?action=get_viewer&#038;file=https%3A%2F%2Ftinerimearomana.ro%2Fdespre%2Fwp-content%2Fuploads%2Fsites%2F10%2F2024%2F04%2FAUDITII-pentru-ORCHESTRELE-ROMANE-DE-TINERET-IASI2.pdf&#038;scrolling=0&#038;selection_tool=0&#038;spreads=-1#key=dGhlbWVNb2RlPWRlZmF1bHQmdG9vbGJhcj10cnVlJnBvc2l0aW9uPXRvcCZwcmVzZW50YXRpb249dHJ1ZSZsYXp5TG9hZD1mYWxzZSZkb3dubG9hZD10cnVlJmNvcHlfdGV4dD10cnVlJmFkZF90ZXh0PXRydWUmZHJhdz10cnVlJmFkZF9pbWFnZT10cnVlJnBkZl9yb3RhdGlvbj10cnVlJnBkZl9kZXRhaWxzPXRydWUmem9vbV9pbj10cnVlJnpvb21fb3V0PXRydWUmZml0X3ZpZXc9dHJ1ZSZib29rbWFyaz10cnVlJnNvdW5kPXRydWUmZmxpcGJvb2tfdG9vbGJhcl9wb3NpdGlvbj1ib3R0b20mc2VsZWN0aW9uX3Rvb2w9MCZzY3JvbGxpbmc9MCZzcHJlYWRzPS0xJmlzX3Byb19hY3RpdmU9MA==&#038;zoom=auto\" class=\"embedpress-embed-document-pdf embedpress-pdf-4e01a68\" data-emid=\"embedpress-pdf-4e01a68\" data-embed-type=\"PDF\" frameborder=\"0\"><\/iframe><p class=\"embedpress-el-powered\">Powered By EmbedPress<\/p><\/div>                        <\/div>\n\n                    <\/div>\n\n\n                   \n                <\/div>\n            \n    <\/div>\n\n\t\t\t\t<\/div>\n\t\t\t\t<\/div>\n\t\t\t\t\t<\/div>\n\t\t<\/div>\n\t\t\t\t\t<\/div>\n\t\t<\/section>\n\t\t\t\t<section class=\"elementor-section elementor-top-section elementor-element elementor-element-ea2a9ea elementor-section-boxed elementor-section-height-default elementor-section-height-default\" data-id=\"ea2a9ea\" data-element_type=\"section\">\n\t\t\t\t\t\t<div class=\"elementor-container elementor-column-gap-default\">\n\t\t\t\t\t<div class=\"elementor-column elementor-col-100 elementor-top-column elementor-element elementor-element-0bd75d7\" data-id=\"0bd75d7\" data-element_type=\"column\">\n\t\t\t<div class=\"elementor-widget-wrap elementor-element-populated\">\n\t\t\t\t\t\t<div class=\"elementor-element elementor-element-046d0f6 elementor-widget elementor-widget-text-editor\" data-id=\"046d0f6\" data-element_type=\"widget\" data-widget_type=\"text-editor.default\">\n\t\t\t\t<div class=\"elementor-widget-container\">\n\t\t\t\t\t\t\t\t\t<p><strong><a href=\"https:\/\/tinerimearomana.ro\/despre\/wp-content\/uploads\/sites\/10\/2024\/04\/AUDITII-pentru-ORCHESTRELE-ROMANE-DE-TINERET-IASI2.pdf\">LINK DOWNLOAD PDF\u00a0<\/a><\/strong><\/p>\t\t\t\t\t\t\t\t<\/div>\n\t\t\t\t<\/div>\n\t\t\t\t\t<\/div>\n\t\t<\/div>\n\t\t\t\t\t<\/div>\n\t\t<\/section>\n\t\t\t\t<section class=\"elementor-section elementor-top-section elementor-element elementor-element-0837fa4 elementor-section-boxed elementor-section-height-default elementor-section-height-default\" data-id=\"0837fa4\" data-element_type=\"section\">\n\t\t\t\t\t\t<div class=\"elementor-container elementor-column-gap-default\">\n\t\t\t\t\t<div class=\"elementor-column elementor-col-100 elementor-top-column elementor-element elementor-element-7712435\" data-id=\"7712435\" data-element_type=\"column\">\n\t\t\t<div class=\"elementor-widget-wrap elementor-element-populated\">\n\t\t\t\t\t\t<div class=\"elementor-element elementor-element-3152c8d elementor-widget elementor-widget-image\" data-id=\"3152c8d\" data-element_type=\"widget\" data-widget_type=\"image.default\">\n\t\t\t\t<div class=\"elementor-widget-container\">\n\t\t\t\t\t\t\t\t\t\t\t\t\t\t\t<img decoding=\"async\" src=\"https:\/\/tinerimearomana.ro\/despre\/ro\/1-25-martie-cluj-junior\/\" title=\"\" alt=\"\" loading=\"lazy\" \/>\t\t\t\t\t\t\t\t\t\t\t\t\t\t\t<\/div>\n\t\t\t\t<\/div>\n\t\t\t\t\t<\/div>\n\t\t<\/div>\n\t\t\t\t\t<\/div>\n\t\t<\/section>\n\t\t\t\t<\/div>\n\t\t","protected":false},"excerpt":{"rendered":"<p>AUDI\u021aII PENTRU ORCHESTRELE ROM\u00c2NE DE TINERET &#8211; IA\u0218I 13 &#8211; 14 Aprilie 2024 Universitatea Na\u021bional\u0103 de Arte \u201eGeorge Enescu\u201d din Ia\u0219i, Strada Cuza Vod\u0103, nr. 29, Corp Casa Bal\u015f, Sala B II 4 V\u0103 rug\u0103m s\u0103 fi\u021bi prezen\u021bi cu (minim) cel pu\u021bin 30 de minute \u00eenainte de ora programat\u0103. Comisia \u00ee\u0219i rezerv\u0103 dreptul de a&#8230;<\/p>\n","protected":false},"author":1,"featured_media":0,"parent":0,"menu_order":0,"comment_status":"closed","ping_status":"closed","template":"","meta":{"_kadence_starter_templates_imported_post":false,"_kad_post_transparent":"default","_kad_post_title":"hide","_kad_post_layout":"fullwidth","_kad_post_sidebar_id":"","_kad_post_content_style":"unboxed","_kad_post_vertical_padding":"hide","_kad_post_feature":"hide","_kad_post_feature_position":"","_kad_post_header":false,"_kad_post_footer":false,"_kad_post_classname":"","footnotes":""},"class_list":["post-4478","page","type-page","status-publish","hentry"],"_links":{"self":[{"href":"https:\/\/tinerimearomana.ro\/despre\/wp-json\/wp\/v2\/pages\/4478"}],"collection":[{"href":"https:\/\/tinerimearomana.ro\/despre\/wp-json\/wp\/v2\/pages"}],"about":[{"href":"https:\/\/tinerimearomana.ro\/despre\/wp-json\/wp\/v2\/types\/page"}],"author":[{"embeddable":true,"href":"https:\/\/tinerimearomana.ro\/despre\/wp-json\/wp\/v2\/users\/1"}],"replies":[{"embeddable":true,"href":"https:\/\/tinerimearomana.ro\/despre\/wp-json\/wp\/v2\/comments?post=4478"}],"version-history":[{"count":16,"href":"https:\/\/tinerimearomana.ro\/despre\/wp-json\/wp\/v2\/pages\/4478\/revisions"}],"predecessor-version":[{"id":4503,"href":"https:\/\/tinerimearomana.ro\/despre\/wp-json\/wp\/v2\/pages\/4478\/revisions\/4503"}],"wp:attachment":[{"href":"https:\/\/tinerimearomana.ro\/despre\/wp-json\/wp\/v2\/media?parent=4478"}],"curies":[{"name":"wp","href":"https:\/\/api.w.org\/{rel}","templated":true}]}}