{"id":4459,"date":"2024-03-21T11:36:07","date_gmt":"2024-03-21T09:36:07","guid":{"rendered":"https:\/\/tinerimearomana.ro\/despre\/?page_id=4459"},"modified":"2026-02-09T20:22:12","modified_gmt":"2026-02-09T18:22:12","slug":"rapoarte-anuale-incidente-integritate","status":"publish","type":"page","link":"https:\/\/tinerimearomana.ro\/despre\/ro\/rapoarte-anuale-incidente-integritate\/","title":{"rendered":"Rapoarte Anuale Incidente Integritate"},"content":{"rendered":"<p>V\u0103 inform\u0103m faptul c\u0103 pute\u021bi sesiza nereguli \u0219i \/ sau fapte de corup\u021bie la adresa de e-mail: integritate@tinerimearomana.ro<\/p>\n<p><a href=\"https:\/\/tinerimearomana.ro\/despre\/wp-content\/uploads\/sites\/10\/2026\/02\/2.Raportul-anual-de-evaluare-a-incidentelor-de-integritate-2024.docx\">Raportul anual de evaluare a incidentelor de integritate 2024<\/a><br \/>\n<a href=\"https:\/\/tinerimearomana.ro\/despre\/wp-content\/uploads\/sites\/10\/2026\/02\/1.-Raportul-anual-de-evaluare-a-incidentelor-de-integritate-2023.docx\">Raportul anual de evaluare a incidentelor de integritate 2023<\/a><br \/>\n<a href=\"https:\/\/tinerimearomana.ro\/despre\/wp-content\/uploads\/sites\/10\/2026\/02\/3.Raportul-anual-de-evaluare-a-incidentelor-de-integritate-2022.docx\" target=\"_blank\" rel=\"noopener\">Raportul anual de evaluare a incidentelor de integritate 2022<\/a><\/p>\n","protected":false},"excerpt":{"rendered":"<p>V\u0103 inform\u0103m faptul c\u0103 pute\u021bi sesiza nereguli \u0219i \/ sau fapte de corup\u021bie la adresa de e-mail: integritate@tinerimearomana.ro Raportul anual de evaluare a incidentelor de integritate 2024 Raportul anual de evaluare a incidentelor de integritate 2023 Raportul anual de evaluare a incidentelor de integritate 2022<\/p>\n","protected":false},"author":1,"featured_media":0,"parent":0,"menu_order":0,"comment_status":"closed","ping_status":"closed","template":"","meta":{"_kadence_starter_templates_imported_post":false,"_kad_post_transparent":"default","_kad_post_title":"default","_kad_post_layout":"default","_kad_post_sidebar_id":"","_kad_post_content_style":"default","_kad_post_vertical_padding":"default","_kad_post_feature":"","_kad_post_feature_position":"","_kad_post_header":false,"_kad_post_footer":false,"_kad_post_classname":"","footnotes":""},"class_list":["post-4459","page","type-page","status-publish","hentry"],"_links":{"self":[{"href":"https:\/\/tinerimearomana.ro\/despre\/wp-json\/wp\/v2\/pages\/4459"}],"collection":[{"href":"https:\/\/tinerimearomana.ro\/despre\/wp-json\/wp\/v2\/pages"}],"about":[{"href":"https:\/\/tinerimearomana.ro\/despre\/wp-json\/wp\/v2\/types\/page"}],"author":[{"embeddable":true,"href":"https:\/\/tinerimearomana.ro\/despre\/wp-json\/wp\/v2\/users\/1"}],"replies":[{"embeddable":true,"href":"https:\/\/tinerimearomana.ro\/despre\/wp-json\/wp\/v2\/comments?post=4459"}],"version-history":[{"count":7,"href":"https:\/\/tinerimearomana.ro\/despre\/wp-json\/wp\/v2\/pages\/4459\/revisions"}],"predecessor-version":[{"id":4945,"href":"https:\/\/tinerimearomana.ro\/despre\/wp-json\/wp\/v2\/pages\/4459\/revisions\/4945"}],"wp:attachment":[{"href":"https:\/\/tinerimearomana.ro\/despre\/wp-json\/wp\/v2\/media?parent=4459"}],"curies":[{"name":"wp","href":"https:\/\/api.w.org\/{rel}","templated":true}]}}