{"id":396,"date":"2016-05-10T10:08:29","date_gmt":"2016-05-10T08:08:29","guid":{"rendered":"http:\/\/tinerimearomana.ro\/despre\/?page_id=396"},"modified":"2018-06-01T12:53:02","modified_gmt":"2018-06-01T10:53:02","slug":"rezultatul-contestatiei","status":"publish","type":"page","link":"https:\/\/tinerimearomana.ro\/despre\/ro\/rezultatul-contestatiei\/","title":{"rendered":"Rezultatul contestatiei"},"content":{"rendered":"[:ro]<div class=\"su-spacer\" style=\"height:30px\"><\/div>\n[infobox style=&#8217;info&#8217; static=&#8217;1&#8242;]\n<p>Rezultatul contesta\u0163iei depus\u0103 de dl. Iorga Bogdan \u00een data de 06.05.2016 a fost urm\u0103torul:<\/p>\n<p>Comisia de solu\u0163ionare a contesta\u0163iei depus\u0103 de dl. Iorga Bogdan, \u00eentrunit\u0103 \u00een data de 09.05.2016, a acordat un punctaj final de 70 puncte.<\/p>\n<p>Pre\u015fedinte comisia de concurs,<br \/>\nCazacu Marin<\/p>\n<div class=\"su-spacer\" style=\"height:120px\"><\/div>\n[\/infobox][:]\n","protected":false},"excerpt":{"rendered":"<p>[:ro] [infobox style=&#8217;info&#8217; static=&#8217;1&#8242;] Rezultatul contesta\u0163iei depus\u0103 de dl. Iorga Bogdan \u00een data de 06.05.2016 a fost urm\u0103torul: Comisia de solu\u0163ionare a contesta\u0163iei depus\u0103 de dl. Iorga Bogdan, \u00eentrunit\u0103 \u00een data de 09.05.2016, a acordat un punctaj final de 70 puncte. Pre\u015fedinte comisia de concurs, Cazacu Marin [\/infobox][:]<\/p>\n","protected":false},"author":1,"featured_media":0,"parent":0,"menu_order":0,"comment_status":"closed","ping_status":"closed","template":"","meta":{"_kadence_starter_templates_imported_post":false,"_kad_post_transparent":"","_kad_post_title":"","_kad_post_layout":"","_kad_post_sidebar_id":"","_kad_post_content_style":"","_kad_post_vertical_padding":"","_kad_post_feature":"","_kad_post_feature_position":"","_kad_post_header":false,"_kad_post_footer":false,"_kad_post_classname":"","footnotes":""},"class_list":["post-396","page","type-page","status-publish","hentry"],"_links":{"self":[{"href":"https:\/\/tinerimearomana.ro\/despre\/wp-json\/wp\/v2\/pages\/396"}],"collection":[{"href":"https:\/\/tinerimearomana.ro\/despre\/wp-json\/wp\/v2\/pages"}],"about":[{"href":"https:\/\/tinerimearomana.ro\/despre\/wp-json\/wp\/v2\/types\/page"}],"author":[{"embeddable":true,"href":"https:\/\/tinerimearomana.ro\/despre\/wp-json\/wp\/v2\/users\/1"}],"replies":[{"embeddable":true,"href":"https:\/\/tinerimearomana.ro\/despre\/wp-json\/wp\/v2\/comments?post=396"}],"version-history":[{"count":4,"href":"https:\/\/tinerimearomana.ro\/despre\/wp-json\/wp\/v2\/pages\/396\/revisions"}],"predecessor-version":[{"id":934,"href":"https:\/\/tinerimearomana.ro\/despre\/wp-json\/wp\/v2\/pages\/396\/revisions\/934"}],"wp:attachment":[{"href":"https:\/\/tinerimearomana.ro\/despre\/wp-json\/wp\/v2\/media?parent=396"}],"curies":[{"name":"wp","href":"https:\/\/api.w.org\/{rel}","templated":true}]}}