{"id":3639,"date":"2023-03-31T00:42:33","date_gmt":"2023-03-30T22:42:33","guid":{"rendered":"https:\/\/tinerimearomana.ro\/despre\/?page_id=3639"},"modified":"2023-12-27T13:56:03","modified_gmt":"2023-12-27T11:56:03","slug":"codul-etic-de-conduita","status":"publish","type":"page","link":"https:\/\/tinerimearomana.ro\/despre\/ro\/codul-etic-de-conduita\/","title":{"rendered":"CODUL ETIC DE CONDUITA"},"content":{"rendered":"<p>Codul de etic\u0103 \u0219i conduit\u0103 profesional\u0103 al Centrul Na\u021bional de Art\u0103 &#8220;Tinerimea Rom\u00e2n\u0103&#8221;,\u00a0denumit\u00a0\u00een continuare Cod de etic\u0103 \u0219i conduit\u0103 profesional\u0103, reglementeaz\u0103 \u0219i stabile\u0219te principii \u0219i reguli\u00a0morale \u0219i profesionale la care ader\u0103 \u00eentregul personal al CNATR, \u00eencadrat \u00een baza Legii nr.\u00a053\/2003 \u2013\u00a0Codul Muncii.<\/p>\n<p>Rolul Codului de etic\u0103 \u0219i conduit\u0103 profesional\u0103 este de a ghida comportamentul moral\u00a0\u0219i profesional al personalului CNATR, at\u00e2t \u00een timpul activit\u0103\u021bii profesionale, c\u00e2t \u0219i \u00een afara\u00a0acesteia.<\/p>\n<p><a href=\"https:\/\/tinerimearomana.ro\/despre\/wp-content\/uploads\/sites\/10\/2023\/12\/Codul-de-etica-si-conduita-CNATR.docx\">Codul de etic\u0103 \u0219i conduit\u0103 profesional\u0103 al Centrul Na\u021bional de Art\u0103 &#8220;Tinerimea Rom\u00e2n\u0103&#8221; &#8211; CLICK AICI<\/a><\/p>\n","protected":false},"excerpt":{"rendered":"<p>Codul de etic\u0103 \u0219i conduit\u0103 profesional\u0103 al Centrul Na\u021bional de Art\u0103 &#8220;Tinerimea Rom\u00e2n\u0103&#8221;,\u00a0denumit\u00a0\u00een continuare Cod de etic\u0103 \u0219i conduit\u0103 profesional\u0103, reglementeaz\u0103 \u0219i stabile\u0219te principii \u0219i reguli\u00a0morale \u0219i profesionale la care ader\u0103 \u00eentregul personal al CNATR, \u00eencadrat \u00een baza Legii nr.\u00a053\/2003 \u2013\u00a0Codul Muncii. Rolul Codului de etic\u0103 \u0219i conduit\u0103 profesional\u0103 este de a ghida comportamentul moral\u00a0\u0219i&#8230;<\/p>\n","protected":false},"author":1,"featured_media":0,"parent":0,"menu_order":0,"comment_status":"closed","ping_status":"closed","template":"","meta":{"_kadence_starter_templates_imported_post":false,"_kad_post_transparent":"default","_kad_post_title":"default","_kad_post_layout":"default","_kad_post_sidebar_id":"","_kad_post_content_style":"default","_kad_post_vertical_padding":"default","_kad_post_feature":"","_kad_post_feature_position":"","_kad_post_header":false,"_kad_post_footer":false,"_kad_post_classname":"","footnotes":""},"class_list":["post-3639","page","type-page","status-publish","hentry"],"_links":{"self":[{"href":"https:\/\/tinerimearomana.ro\/despre\/wp-json\/wp\/v2\/pages\/3639"}],"collection":[{"href":"https:\/\/tinerimearomana.ro\/despre\/wp-json\/wp\/v2\/pages"}],"about":[{"href":"https:\/\/tinerimearomana.ro\/despre\/wp-json\/wp\/v2\/types\/page"}],"author":[{"embeddable":true,"href":"https:\/\/tinerimearomana.ro\/despre\/wp-json\/wp\/v2\/users\/1"}],"replies":[{"embeddable":true,"href":"https:\/\/tinerimearomana.ro\/despre\/wp-json\/wp\/v2\/comments?post=3639"}],"version-history":[{"count":3,"href":"https:\/\/tinerimearomana.ro\/despre\/wp-json\/wp\/v2\/pages\/3639\/revisions"}],"predecessor-version":[{"id":4027,"href":"https:\/\/tinerimearomana.ro\/despre\/wp-json\/wp\/v2\/pages\/3639\/revisions\/4027"}],"wp:attachment":[{"href":"https:\/\/tinerimearomana.ro\/despre\/wp-json\/wp\/v2\/media?parent=3639"}],"curies":[{"name":"wp","href":"https:\/\/api.w.org\/{rel}","templated":true}]}}