{"id":3626,"date":"2023-03-31T00:35:01","date_gmt":"2023-03-30T22:35:01","guid":{"rendered":"https:\/\/tinerimearomana.ro\/despre\/?page_id=3626"},"modified":"2023-04-05T15:23:16","modified_gmt":"2023-04-05T13:23:16","slug":"protectia-datelor-cu-caracter-personal","status":"publish","type":"page","link":"https:\/\/tinerimearomana.ro\/despre\/ro\/protectia-datelor-cu-caracter-personal\/","title":{"rendered":"PROTECTIA DATELOR CU CARACTER PERSONAL"},"content":{"rendered":"<p>Echipa responsabilului cu protec\u021bia datelor cu caracter personal constituit\u0103 la nivelul Secretariatului General al Guvernului (OSGG nr.202\/22.02.2023 pentru modificarea Anexei nr.1 la OSGG nr.1335\/2019):<\/p>\n<p><strong>Contact:\u00a0office@tinerimearomana.ro<\/strong><\/p>\n<p>Alte adrese de contact pot fi accesate la\u00a0<a href=\"https:\/\/tinerimearomana.ro\/despre\/ro\/contact-2\/\">https:\/\/tinerimearomana.ro\/despre\/ro\/contact-2\/<\/a><\/p>\n<p><strong>Activitatea de protec\u0163ie a datelor cu caracter personal \u00een cadrul CENTRULUI NA\u021aIONAL DE ART\u0102 \u201eTINERIMEA ROM\u00c2NA\u201d<\/strong><\/p>\n<p>Materialul de informare public\u0103 poate fi accesat aici: <a href=\"https:\/\/tinerimearomana.ro\/despre\/ro\/protectia-datelor\/\">https:\/\/tinerimearomana.ro\/despre\/ro\/protectia-datelor\/<\/a><\/p>\n<p><strong><a href=\"https:\/\/eur-lex.europa.eu\/legal-content\/RO\/TXT\/PDF\/?uri=CELEX:32016R0679&amp;from=EL\">Regulamentul nr. 679 al Parlamentului European \u015fi al Consiliului din 27 aprilie 2016 privind protec\u0163ia persoanelor fizice \u00een ceea ce prive\u015fte prelucrarea datelor cu caracter personal \u015fi privind libera circula\u0163ie a acestor date \u015fi de abrogare a Directivei 95\/46\/CE<\/a>\u00a0<\/strong>(Regulamentul general privind protec\u0163ia datelor)<\/p>\n","protected":false},"excerpt":{"rendered":"<p>Echipa responsabilului cu protec\u021bia datelor cu caracter personal constituit\u0103 la nivelul Secretariatului General al Guvernului (OSGG nr.202\/22.02.2023 pentru modificarea Anexei nr.1 la OSGG nr.1335\/2019): Contact:\u00a0office@tinerimearomana.ro Alte adrese de contact pot fi accesate la\u00a0https:\/\/tinerimearomana.ro\/despre\/ro\/contact-2\/ Activitatea de protec\u0163ie a datelor cu caracter personal \u00een cadrul CENTRULUI NA\u021aIONAL DE ART\u0102 \u201eTINERIMEA ROM\u00c2NA\u201d Materialul de informare public\u0103 poate fi&#8230;<\/p>\n","protected":false},"author":1,"featured_media":0,"parent":0,"menu_order":0,"comment_status":"closed","ping_status":"closed","template":"","meta":{"_kadence_starter_templates_imported_post":false,"_kad_post_transparent":"default","_kad_post_title":"default","_kad_post_layout":"default","_kad_post_sidebar_id":"","_kad_post_content_style":"default","_kad_post_vertical_padding":"default","_kad_post_feature":"","_kad_post_feature_position":"","_kad_post_header":false,"_kad_post_footer":false,"_kad_post_classname":"","footnotes":""},"class_list":["post-3626","page","type-page","status-publish","hentry"],"_links":{"self":[{"href":"https:\/\/tinerimearomana.ro\/despre\/wp-json\/wp\/v2\/pages\/3626"}],"collection":[{"href":"https:\/\/tinerimearomana.ro\/despre\/wp-json\/wp\/v2\/pages"}],"about":[{"href":"https:\/\/tinerimearomana.ro\/despre\/wp-json\/wp\/v2\/types\/page"}],"author":[{"embeddable":true,"href":"https:\/\/tinerimearomana.ro\/despre\/wp-json\/wp\/v2\/users\/1"}],"replies":[{"embeddable":true,"href":"https:\/\/tinerimearomana.ro\/despre\/wp-json\/wp\/v2\/comments?post=3626"}],"version-history":[{"count":3,"href":"https:\/\/tinerimearomana.ro\/despre\/wp-json\/wp\/v2\/pages\/3626\/revisions"}],"predecessor-version":[{"id":3829,"href":"https:\/\/tinerimearomana.ro\/despre\/wp-json\/wp\/v2\/pages\/3626\/revisions\/3829"}],"wp:attachment":[{"href":"https:\/\/tinerimearomana.ro\/despre\/wp-json\/wp\/v2\/media?parent=3626"}],"curies":[{"name":"wp","href":"https:\/\/api.w.org\/{rel}","templated":true}]}}