{"id":337,"date":"2016-03-29T18:28:59","date_gmt":"2016-03-29T16:28:59","guid":{"rendered":"http:\/\/tinerimearomana.ro\/despre\/?page_id=337"},"modified":"2018-06-01T12:52:31","modified_gmt":"2018-06-01T10:52:31","slug":"rezultate-finale-concurs-28-03-2016","status":"publish","type":"page","link":"https:\/\/tinerimearomana.ro\/despre\/ro\/rezultate-finale-concurs-28-03-2016\/","title":{"rendered":"Rezultate Finale concurs 28.03.2016"},"content":{"rendered":"[:ro]<div class=\"su-spacer\" style=\"height:30px\"><\/div>\n[infobox style=&#8217;info&#8217; static=&#8217;1&#8242;]\n<strong>Rezultate Finale concurs 28.03.2016 <\/strong><br \/>\n<div class=\"su-spacer\" style=\"height:30px\"><\/div>\n<div class=\"su-tabs su-tabs-style-default su-tabs-mobile-stack my-custom-tabs\" data-active=\"1\" data-scroll-offset=\"0\" data-anchor-in-url=\"no\"><div class=\"su-tabs-nav\"><span class=\"\" data-url=\"\" data-target=\"blank\" tabindex=\"0\" role=\"button\">Dansuri Populare<\/span><\/div><div class=\"su-tabs-panes\"><div class=\"su-tabs-pane su-u-clearfix su-u-trim\" data-title=\"Dansuri Populare\">\n<div class=\"su-row\">\n<div class=\"su-column su-column-size-3-4\"><div class=\"su-column-inner su-u-clearfix su-u-trim\">\n<div class=\"su-table su-table-alternate\">\n<table>\n<tbody>\n<tr>\n<th>Nr<\/th>\n<th>Nume<\/th>\n<th>Observatii<\/th>\n<\/tr>\n<tr>\n<td>1.<\/td>\n<td>Caragea Florentina<\/td>\n<td>Admis<\/td>\n<\/tr>\n<tr>\n<td>2.<\/td>\n<td>Colib\u0103\u015feanu Ionu\u0163<\/td>\n<td>Respins<\/td>\n<\/tr>\n<tr>\n<td>3.<\/td>\n<td>D\u0103nila Bogdan<\/td>\n<td>Admis<\/td>\n<\/tr>\n<tr>\n<td>4.<\/td>\n<td>Dr\u0103goescu Nicoleta<\/td>\n<td>Absent<\/td>\n<\/tr>\n<tr>\n<td>5.<\/td>\n<td>Engster Nicoleta<\/td>\n<td>Admis<\/td>\n<\/tr>\n<tr>\n<td>6.<\/td>\n<td>Iancu Andrei<\/td>\n<td>Admis<\/td>\n<\/tr>\n<tr>\n<td>7.<\/td>\n<td>Iorga Bogdan<\/td>\n<td>Admis<\/td>\n<\/tr>\n<tr>\n<td>8.<\/td>\n<td>Leas\u0103 Cristina<\/td>\n<td>Respins<\/td>\n<\/tr>\n<tr>\n<td>9.<\/td>\n<td>Leas\u0103 Simona<\/td>\n<td>Respins<\/td>\n<\/tr>\n<tr>\n<td>10.<\/td>\n<td>Mircea Mariel<\/td>\n<td>Respins<\/td>\n<\/tr>\n<tr>\n<td>11.<\/td>\n<td>Negoi\u0163\u0103 Alexandra<\/td>\n<td>Admis<\/td>\n<\/tr>\n<tr>\n<td>12.<\/td>\n<td>Negoi\u0163\u0103 Gabriela<\/td>\n<td>Admis<\/td>\n<\/tr>\n<tr>\n<td>13.<\/td>\n<td>Nicolae Domnica<\/td>\n<td>Admis<\/td>\n<\/tr>\n<tr>\n<td>14.<\/td>\n<td>Noroc Andreea<\/td>\n<td>Admis<\/td>\n<\/tr>\n<tr>\n<td>15.<\/td>\n<td>Osepciuc \u015etefan<\/td>\n<td>Admis<\/td>\n<\/tr>\n<tr>\n<td>16.<\/td>\n<td>Popa Alina<\/td>\n<td>Admis<\/td>\n<\/tr>\n<tr>\n<td>17.<\/td>\n<td>Simion Alina<\/td>\n<td>Admis<\/td>\n<\/tr>\n<tr>\n<td>18.<\/td>\n<td>SImionescu Manuela<\/td>\n<td>Respins<\/td>\n<\/tr>\n<tr>\n<td>19.<\/td>\n<td>Simulescu Vl\u0103du\u0163<\/td>\n<td>Admis<\/td>\n<\/tr>\n<tr>\n<td>20.<\/td>\n<td>S\u00eerghi Alexandru<\/td>\n<td>Respins<\/td>\n<\/tr>\n<tr>\n<td>21.<\/td>\n<td>Staicu Claudiu<\/td>\n<td>Admis<\/td>\n<\/tr>\n<tr>\n<td>22.<\/td>\n<td>Stoicescu Cornelia<\/td>\n<td>Absent<\/td>\n<\/tr>\n<tr>\n<td>23.<\/td>\n<td>T\u0103nase Costin<\/td>\n<td>Admis<\/td>\n<\/tr>\n<tr>\n<td>24.<\/td>\n<td>T\u0103nase Petru\u0163<\/td>\n<td>Admis<\/td>\n<\/tr>\n<tr>\n<td>25.<\/td>\n<td>Surcel Marian<\/td>\n<td>Admis<\/td>\n<\/tr>\n<tr>\n<td>26.<\/td>\n<td>Vasile Florian<\/td>\n<td>Respins<\/td>\n<\/tr>\n<tr>\n<td>27.<\/td>\n<td>Vasile Florentina<\/td>\n<td>Respins<\/td>\n<\/tr>\n<tr>\n<td>28.<\/td>\n<td>Voinea Ion<\/td>\n<td>Admis<\/td>\n<\/tr>\n<\/tbody>\n<\/table>\n<\/div>\n<\/div><\/div>\n<div class=\"su-column su-column-size-1-4\"><div class=\"su-column-inner su-u-clearfix su-u-trim\">\n<\/div><\/div>\n<div class=\"su-column su-column-size-1-4\"><div class=\"su-column-inner su-u-clearfix su-u-trim\"><\/div><\/div>\n<\/div>\n<\/div><\/div><\/div>\n[\/infobox][:]\n","protected":false},"excerpt":{"rendered":"<p>[:ro] [infobox style=&#8217;info&#8217; static=&#8217;1&#8242;] Rezultate Finale concurs 28.03.2016 [\/infobox][:]<\/p>\n","protected":false},"author":1,"featured_media":0,"parent":0,"menu_order":0,"comment_status":"closed","ping_status":"closed","template":"","meta":{"_kadence_starter_templates_imported_post":false,"_kad_post_transparent":"","_kad_post_title":"","_kad_post_layout":"","_kad_post_sidebar_id":"","_kad_post_content_style":"","_kad_post_vertical_padding":"","_kad_post_feature":"","_kad_post_feature_position":"","_kad_post_header":false,"_kad_post_footer":false,"_kad_post_classname":"","footnotes":""},"class_list":["post-337","page","type-page","status-publish","hentry"],"_links":{"self":[{"href":"https:\/\/tinerimearomana.ro\/despre\/wp-json\/wp\/v2\/pages\/337"}],"collection":[{"href":"https:\/\/tinerimearomana.ro\/despre\/wp-json\/wp\/v2\/pages"}],"about":[{"href":"https:\/\/tinerimearomana.ro\/despre\/wp-json\/wp\/v2\/types\/page"}],"author":[{"embeddable":true,"href":"https:\/\/tinerimearomana.ro\/despre\/wp-json\/wp\/v2\/users\/1"}],"replies":[{"embeddable":true,"href":"https:\/\/tinerimearomana.ro\/despre\/wp-json\/wp\/v2\/comments?post=337"}],"version-history":[{"count":6,"href":"https:\/\/tinerimearomana.ro\/despre\/wp-json\/wp\/v2\/pages\/337\/revisions"}],"predecessor-version":[{"id":930,"href":"https:\/\/tinerimearomana.ro\/despre\/wp-json\/wp\/v2\/pages\/337\/revisions\/930"}],"wp:attachment":[{"href":"https:\/\/tinerimearomana.ro\/despre\/wp-json\/wp\/v2\/media?parent=337"}],"curies":[{"name":"wp","href":"https:\/\/api.w.org\/{rel}","templated":true}]}}