{"id":316,"date":"2016-03-21T19:05:45","date_gmt":"2016-03-21T17:05:45","guid":{"rendered":"http:\/\/tinerimearomana.ro\/despre\/?page_id=316"},"modified":"2018-06-01T12:50:38","modified_gmt":"2018-06-01T10:50:38","slug":"rezultat-final-concurs-17-03-2016","status":"publish","type":"page","link":"https:\/\/tinerimearomana.ro\/despre\/ro\/rezultat-final-concurs-17-03-2016\/","title":{"rendered":"Rezultat Final concurs 17.03.2016"},"content":{"rendered":"[:ro]<div class=\"su-spacer\" style=\"height:30px\"><\/div>\n[infobox style=&#8217;info&#8217; static=&#8217;1&#8242;]\n<p><strong>Rezultaul final al concursului de ocupare a posturilor vacante din data de 17.03.2016 a fost urm\u0103torul:<\/strong><\/p>\n<p>1. Bokor Gabriela admis<\/p>\n<p>2. R\u0103d\u0103cin\u0103 Viorel absent<\/p>\n<p>3. Budu Daniel-Lucian admis<\/p>\n<p>4. Perian Margareta admis<\/p>\n<p>5. Fr\u0103\u0163il\u0103 Florin-Mircea admis<\/p>\n<p>6. Patrichi Eugen absent<\/p>\n[\/infobox][:]\n","protected":false},"excerpt":{"rendered":"<p>[:ro] [infobox style=&#8217;info&#8217; static=&#8217;1&#8242;] Rezultaul final al concursului de ocupare a posturilor vacante din data de 17.03.2016 a fost urm\u0103torul: 1. Bokor Gabriela admis 2. R\u0103d\u0103cin\u0103 Viorel absent 3. Budu Daniel-Lucian admis 4. Perian Margareta admis 5. Fr\u0103\u0163il\u0103 Florin-Mircea admis 6. Patrichi Eugen absent [\/infobox][:]<\/p>\n","protected":false},"author":1,"featured_media":0,"parent":0,"menu_order":0,"comment_status":"closed","ping_status":"closed","template":"","meta":{"_kadence_starter_templates_imported_post":false,"_kad_post_transparent":"","_kad_post_title":"","_kad_post_layout":"","_kad_post_sidebar_id":"","_kad_post_content_style":"","_kad_post_vertical_padding":"","_kad_post_feature":"","_kad_post_feature_position":"","_kad_post_header":false,"_kad_post_footer":false,"_kad_post_classname":"","footnotes":""},"class_list":["post-316","page","type-page","status-publish","hentry"],"_links":{"self":[{"href":"https:\/\/tinerimearomana.ro\/despre\/wp-json\/wp\/v2\/pages\/316"}],"collection":[{"href":"https:\/\/tinerimearomana.ro\/despre\/wp-json\/wp\/v2\/pages"}],"about":[{"href":"https:\/\/tinerimearomana.ro\/despre\/wp-json\/wp\/v2\/types\/page"}],"author":[{"embeddable":true,"href":"https:\/\/tinerimearomana.ro\/despre\/wp-json\/wp\/v2\/users\/1"}],"replies":[{"embeddable":true,"href":"https:\/\/tinerimearomana.ro\/despre\/wp-json\/wp\/v2\/comments?post=316"}],"version-history":[{"count":3,"href":"https:\/\/tinerimearomana.ro\/despre\/wp-json\/wp\/v2\/pages\/316\/revisions"}],"predecessor-version":[{"id":919,"href":"https:\/\/tinerimearomana.ro\/despre\/wp-json\/wp\/v2\/pages\/316\/revisions\/919"}],"wp:attachment":[{"href":"https:\/\/tinerimearomana.ro\/despre\/wp-json\/wp\/v2\/media?parent=316"}],"curies":[{"name":"wp","href":"https:\/\/api.w.org\/{rel}","templated":true}]}}