{"id":295,"date":"2016-03-07T13:23:04","date_gmt":"2016-03-07T11:23:04","guid":{"rendered":"http:\/\/tinerimearomana.ro\/despre\/?page_id=295"},"modified":"2018-06-01T12:53:16","modified_gmt":"2018-06-01T10:53:16","slug":"rezultatul-selectarii-dosarelor-depuse-in-data-de-03-03-2016","status":"publish","type":"page","link":"https:\/\/tinerimearomana.ro\/despre\/ro\/rezultatul-selectarii-dosarelor-depuse-in-data-de-03-03-2016\/","title":{"rendered":"Rezultatul select\u0103rii dosarelor depuse \u00een data de 03.03.2016"},"content":{"rendered":"[:ro]<div class=\"su-spacer\" style=\"height:30px\"><\/div>\n[infobox style=&#8217;info&#8217; static=&#8217;1&#8242;]\n<p><strong>Rezultatul select\u0103rii dosarelor depuse \u00een data de 03.03.2016<\/strong><\/p>\n<p>1. Bokor Gabriela admis<\/p>\n<p>2. R\u0103d\u0103cin\u0103 Viorel admis<\/p>\n<p>3. Budu Daniel-Lucian admis<\/p>\n<p>4. Perian Margareta admis<\/p>\n<p>5. Fr\u0103\u0163il\u0103 Florin-Mircea admis<\/p>\n<p>6. Patrichi Eugen admis<\/p>\n[\/infobox][:]\n","protected":false},"excerpt":{"rendered":"<p>[:ro] [infobox style=&#8217;info&#8217; static=&#8217;1&#8242;] Rezultatul select\u0103rii dosarelor depuse \u00een data de 03.03.2016 1. Bokor Gabriela admis 2. R\u0103d\u0103cin\u0103 Viorel admis 3. Budu Daniel-Lucian admis 4. Perian Margareta admis 5. Fr\u0103\u0163il\u0103 Florin-Mircea admis 6. Patrichi Eugen admis [\/infobox][:]<\/p>\n","protected":false},"author":1,"featured_media":0,"parent":0,"menu_order":0,"comment_status":"closed","ping_status":"closed","template":"","meta":{"_kadence_starter_templates_imported_post":false,"_kad_post_transparent":"","_kad_post_title":"","_kad_post_layout":"","_kad_post_sidebar_id":"","_kad_post_content_style":"","_kad_post_vertical_padding":"","_kad_post_feature":"","_kad_post_feature_position":"","_kad_post_header":false,"_kad_post_footer":false,"_kad_post_classname":"","footnotes":""},"class_list":["post-295","page","type-page","status-publish","hentry"],"_links":{"self":[{"href":"https:\/\/tinerimearomana.ro\/despre\/wp-json\/wp\/v2\/pages\/295"}],"collection":[{"href":"https:\/\/tinerimearomana.ro\/despre\/wp-json\/wp\/v2\/pages"}],"about":[{"href":"https:\/\/tinerimearomana.ro\/despre\/wp-json\/wp\/v2\/types\/page"}],"author":[{"embeddable":true,"href":"https:\/\/tinerimearomana.ro\/despre\/wp-json\/wp\/v2\/users\/1"}],"replies":[{"embeddable":true,"href":"https:\/\/tinerimearomana.ro\/despre\/wp-json\/wp\/v2\/comments?post=295"}],"version-history":[{"count":4,"href":"https:\/\/tinerimearomana.ro\/despre\/wp-json\/wp\/v2\/pages\/295\/revisions"}],"predecessor-version":[{"id":936,"href":"https:\/\/tinerimearomana.ro\/despre\/wp-json\/wp\/v2\/pages\/295\/revisions\/936"}],"wp:attachment":[{"href":"https:\/\/tinerimearomana.ro\/despre\/wp-json\/wp\/v2\/media?parent=295"}],"curies":[{"name":"wp","href":"https:\/\/api.w.org\/{rel}","templated":true}]}}