{"id":290,"date":"2016-01-28T22:54:03","date_gmt":"2016-01-28T20:54:03","guid":{"rendered":"http:\/\/tinerimearomana.ro\/despre\/?page_id=290"},"modified":"2022-05-01T00:48:43","modified_gmt":"2022-04-30T22:48:43","slug":"agenda-2016","status":"publish","type":"page","link":"https:\/\/tinerimearomana.ro\/despre\/ro\/agenda-2016\/","title":{"rendered":"AGENDA 2016"},"content":{"rendered":"<p><strong>30 ianuarie 2016, Ateneul Rom\u00e2n, ora 19<\/strong><\/p>\n<p><strong>Orchestra Rom\u00e2n\u0103 de Tineret <\/strong><\/p>\n<p>Dirijor &#8211; Cristian Mandeal<\/p>\n<p>Ansamblul Violoncellissimo, Marin Cazacu<\/p>\n<p>Soli\u0219ti &#8211; soprana Paula Iancic, baritonul \u0218erban Vasile, violoni\u0219tii Rafael Butaru \u0219i Radu Dunca.<\/p>\n<p>Program: Gioacchino Rossini \u2013 Uvertura operei \u201eCo\u021bofoana hoa\u021b\u0103\u201d, Piotr Ilici Ceaikovski &#8211; Meditatie pentru vioara si orchestra, op. 42, nr. 1, Wolfgang Amadeus Mozart \u2013 Aria\u201eDeh, vienni alla finestra\u201d din opera Don Giovanni, Duetul \u201eLa ci darem la mano\u201d din opera Don Giovanni, Uvertura operei \u201eNunta lui Figaro\u201d, Aria \u201ePorgi amor\u201d din opera Nunta lui Figaro, Aria \u201eHai gia vinto la causa\u201d din opera Nunta lui Figaro, Duetul \u201e Cinque\u2026dieci\u2026.venti\u2026.\u201d din opera Nunta lui Figaro, Grigora\u0219 Dinicu\/Vladigherov \u2013 Hora staccato, Franz Waxman \u2013 Fantezia Carmen pentru vioar\u0103 \u0219i orchestr\u0103, Georges Bizet &#8211; Ariile \u201eJe dis que rien ne m\u2019epouvante\u201d, \u201eVotre toast je peux vous le rendre\u201d \u0219i \u201eToreadorul\u201d din opera Carmen.<\/p>\n<p><strong>15 ianuarie 2016, Palatul Tinerimea Rom\u00e2n\u0103, ora 19<\/strong><\/p>\n<p><strong> \u201dDor de Eminescu\u201d Spectacol de muzic\u0103 \u0219i poezie <\/strong><\/p>\n<p>Corul de camer\u0103 Preludiu, dirijor Voicu En\u0103chescu<\/p>\n<p>Ansamblul Violoncellissimo, Marin Cazacu<\/p>\n<p>Actorii Alexandra Velniciuc \u015fi Adrian P\u0103duraru<\/p>\n<p>\u00cen program: I.D. Chirescu, Vasile Sp\u0103t\u0103relu, Vasile Popovici, Dan Buciu, Felicia Donceanu, Tudor Flondor, Cornelia T\u0103utu, Sabin P\u0103utza, Constantin Dimitrescu, W.A. Mozart \u015fi A. Piazzolla<\/p>\n","protected":false},"excerpt":{"rendered":"<p>30 ianuarie 2016, Ateneul Rom\u00e2n, ora 19 Orchestra Rom\u00e2n\u0103 de Tineret Dirijor &#8211; Cristian Mandeal Ansamblul Violoncellissimo, Marin Cazacu Soli\u0219ti &#8211; soprana Paula Iancic, baritonul \u0218erban Vasile, violoni\u0219tii Rafael Butaru \u0219i Radu Dunca. Program: Gioacchino Rossini \u2013 Uvertura operei \u201eCo\u021bofoana hoa\u021b\u0103\u201d, Piotr Ilici Ceaikovski &#8211; Meditatie pentru vioara si orchestra, op. 42, nr. 1, Wolfgang&#8230;<\/p>\n","protected":false},"author":1,"featured_media":0,"parent":0,"menu_order":0,"comment_status":"closed","ping_status":"closed","template":"","meta":{"_kadence_starter_templates_imported_post":false,"_kad_post_transparent":"default","_kad_post_title":"default","_kad_post_layout":"default","_kad_post_sidebar_id":"","_kad_post_content_style":"default","_kad_post_vertical_padding":"default","_kad_post_feature":"","_kad_post_feature_position":"","_kad_post_header":false,"_kad_post_footer":false,"_kad_post_classname":"","footnotes":""},"class_list":["post-290","page","type-page","status-publish","hentry"],"_links":{"self":[{"href":"https:\/\/tinerimearomana.ro\/despre\/wp-json\/wp\/v2\/pages\/290"}],"collection":[{"href":"https:\/\/tinerimearomana.ro\/despre\/wp-json\/wp\/v2\/pages"}],"about":[{"href":"https:\/\/tinerimearomana.ro\/despre\/wp-json\/wp\/v2\/types\/page"}],"author":[{"embeddable":true,"href":"https:\/\/tinerimearomana.ro\/despre\/wp-json\/wp\/v2\/users\/1"}],"replies":[{"embeddable":true,"href":"https:\/\/tinerimearomana.ro\/despre\/wp-json\/wp\/v2\/comments?post=290"}],"version-history":[{"count":5,"href":"https:\/\/tinerimearomana.ro\/despre\/wp-json\/wp\/v2\/pages\/290\/revisions"}],"predecessor-version":[{"id":2163,"href":"https:\/\/tinerimearomana.ro\/despre\/wp-json\/wp\/v2\/pages\/290\/revisions\/2163"}],"wp:attachment":[{"href":"https:\/\/tinerimearomana.ro\/despre\/wp-json\/wp\/v2\/media?parent=290"}],"curies":[{"name":"wp","href":"https:\/\/api.w.org\/{rel}","templated":true}]}}