{"id":5,"date":"2015-05-12T11:32:25","date_gmt":"2015-05-12T11:32:25","guid":{"rendered":"http:\/\/tinerimearomana.ro\/cvartetul-arcadia\/?page_id=5"},"modified":"2022-09-24T11:22:50","modified_gmt":"2022-09-24T09:22:50","slug":"prima-pagina","status":"publish","type":"page","link":"https:\/\/tinerimearomana.ro\/cvartetul-arcadia\/","title":{"rendered":"PRIMA PAGINA"},"content":{"rendered":"\t\t<div data-elementor-type=\"wp-page\" data-elementor-id=\"5\" class=\"elementor elementor-5\">\n\t\t\t\t\t\t<section class=\"elementor-section elementor-top-section elementor-element elementor-element-5dc5d03 elementor-section-full_width elementor-section-height-default elementor-section-height-default\" data-id=\"5dc5d03\" data-element_type=\"section\">\n\t\t\t\t\t\t<div class=\"elementor-container elementor-column-gap-default\">\n\t\t\t\t\t<div class=\"elementor-column elementor-col-100 elementor-top-column elementor-element elementor-element-1704ee3\" data-id=\"1704ee3\" data-element_type=\"column\">\n\t\t\t<div class=\"elementor-widget-wrap elementor-element-populated\">\n\t\t\t\t\t\t<div class=\"elementor-element elementor-element-e96f882 elementor-widget elementor-widget-text-editor\" data-id=\"e96f882\" data-element_type=\"widget\" data-widget_type=\"text-editor.default\">\n\t\t\t\t<div class=\"elementor-widget-container\">\n\t\t\t\t\t\t\t\t\t<div id=\"metaslider-id-26\" style=\"max-width: 1200px; margin: 0 auto;\" class=\"ml-slider-3-106-0 metaslider metaslider-nivo metaslider-26 ml-slider ms-theme-default\" role=\"region\" aria-label=\"Diapozitiv Nou\" data-height=\"650\" data-width=\"1200\">\n    <div id=\"metaslider_container_26\">\n        <div class='slider-wrapper theme-default'><div class='ribbon'><\/div><div id='metaslider_26' class='nivoSlider'><img fetchpriority=\"high\" decoding=\"async\" src=\"https:\/\/tinerimearomana.ro\/cvartetul-arcadia\/wp-content\/uploads\/sites\/11\/2015\/05\/cvartet-arcadia2-1200x650.jpg\" height=\"650\" width=\"1200\" alt=\"\" class=\"slider-26 slide-28 msDefaultImage\" \/><img decoding=\"async\" src=\"https:\/\/tinerimearomana.ro\/cvartetul-arcadia\/wp-content\/uploads\/sites\/11\/2015\/05\/cvartet-arcadia3-1200x650.jpg\" height=\"650\" width=\"1200\" alt=\"\" class=\"slider-26 slide-29 msDefaultImage\" \/><img decoding=\"async\" src=\"https:\/\/tinerimearomana.ro\/cvartetul-arcadia\/wp-content\/uploads\/sites\/11\/2015\/05\/cvartet-arcadia1-1200x650.jpg\" height=\"650\" width=\"1200\" alt=\"\" class=\"slider-26 slide-27 msDefaultImage\" \/><img loading=\"lazy\" decoding=\"async\" src=\"https:\/\/tinerimearomana.ro\/cvartetul-arcadia\/wp-content\/uploads\/sites\/11\/2015\/05\/cvartetul-arcadia7-1100x595.jpg\" height=\"650\" width=\"1200\" alt=\"\" class=\"slider-26 slide-88 msDefaultImage\" \/><img loading=\"lazy\" decoding=\"async\" src=\"https:\/\/tinerimearomana.ro\/cvartetul-arcadia\/wp-content\/uploads\/sites\/11\/2015\/05\/cvartetul-arcadia2-1156x626.jpg\" height=\"650\" width=\"1200\" alt=\"\" class=\"slider-26 slide-87 msDefaultImage\" \/><\/div><\/div>\n        \n    <\/div>\n<\/div>\t\t\t\t\t\t\t\t<\/div>\n\t\t\t\t<\/div>\n\t\t\t\t\t<\/div>\n\t\t<\/div>\n\t\t\t\t\t<\/div>\n\t\t<\/section>\n\t\t\t\t<section class=\"elementor-section elementor-top-section elementor-element elementor-element-8b0150c elementor-section-boxed elementor-section-height-default elementor-section-height-default\" data-id=\"8b0150c\" data-element_type=\"section\">\n\t\t\t\t\t\t<div class=\"elementor-container elementor-column-gap-default\">\n\t\t\t\t\t<div class=\"elementor-column elementor-col-50 elementor-top-column elementor-element elementor-element-bb68b33\" data-id=\"bb68b33\" data-element_type=\"column\">\n\t\t\t<div class=\"elementor-widget-wrap elementor-element-populated\">\n\t\t\t\t\t\t<div class=\"elementor-element elementor-element-f501771 elementor-widget elementor-widget-text-editor\" data-id=\"f501771\" data-element_type=\"widget\" data-widget_type=\"text-editor.default\">\n\t\t\t\t<div class=\"elementor-widget-container\">\n\t\t\t\t\t\t\t\t\t<p><em><strong>\u201einterpretarea lor are o asemenea \u00eenc\u0103rc\u0103tur\u0103&#8230; rezultatul fiind un asalt asupra sim\u021burilor, str\u0103pung\u00e2nd inima acestei muzici tulbur\u0103toare\u201d<\/strong>\u00a0<\/em>&#8211; Financial Times<\/p><p>\u00a0 \u00a0 \u00a0 \u00a0 \u00a0 \u00a0C\u00e2\u0219tig\u0103torii concursurilor The 8th Osaka International Chamber Music Competition &amp; Festa \u00een 2014, Wigmore Hall London International String Quartet Competition \u00een 2012, Almere International Chamber Music Competition \u00een 2011 \u0219i International Chamber Music Competition Hamburg \u00een 2009, Cvartetul Arcadia se impune cu rapiditate ca unul din cele mai impresionante ansambluri ale genera\u021biei lor.<\/p><p>Format \u00een 2006 \u00een anii studen\u021biei la Academia de Muzic\u0103 \u201eGheorghe Dima\u201d din Rom\u00e2nia, cvartetul a avut reprezenta\u021bii \u00een lumea \u00eentreag\u0103, printre care se num\u0103r\u0103 concertele de la Budapest Spring Festival, Festivalul Interna\u021bional George Enescu, Cit\u00e9 International des Arts (Paris), Alte Oper Frankfurt, Pollack Hall (Montreal), Amsterdam Concertgebouw, Wigmore Hall, Salle Gaveau (Paris), Festivalul Q\u2019arto Mondi din Polonia, Tel-Aviv, Portugalia, Festivalul Mecklenburg Vorpommern, Festivalul Kammermusiktage Mettlach, Festivalul Zeist Music Days din Olanda, Beijing \u0219i turnee extensive \u00een Regatul Unit al Marii Britanii.<\/p>\t\t\t\t\t\t\t\t<\/div>\n\t\t\t\t<\/div>\n\t\t\t\t\t<\/div>\n\t\t<\/div>\n\t\t\t\t<div class=\"elementor-column elementor-col-50 elementor-top-column elementor-element elementor-element-6d87815\" data-id=\"6d87815\" data-element_type=\"column\">\n\t\t\t<div class=\"elementor-widget-wrap elementor-element-populated\">\n\t\t\t\t\t\t<div class=\"elementor-element elementor-element-6e76006 elementor-widget elementor-widget-text-editor\" data-id=\"6e76006\" data-element_type=\"widget\" data-widget_type=\"text-editor.default\">\n\t\t\t\t<div class=\"elementor-widget-container\">\n\t\t\t\t\t\t\t\t\t<p>Sezonul 2014\/2015 include un turneu de 12 concerte \u00een Japonia \u0219i multe apari\u021bii pe scenele europene \u0219i nu numai, printre care Wigmore Hall, Musikverein Viena, Festivalul Aldeburgh, Festivalul Grafenegg, Festivalul Silver Lyre din Sankt Petersburg, Konzerthaus Berlin, Festivalul Norwich, Festivalul Enescu, \u0219i la Madrid. Cvartetul debuteaz\u0103 la postul de radio BBC3 cu o transmisiune \u00een direct de pe scena Wigmore Hall \u00een Martie 2015, iar din luna Aprilie 2015 ob\u021bine titulatura de cvartet de coarde sub auspiciile Centrului Na\u021bional de Art\u0103 \u201eTinerimea Rom\u00e2n\u0103\u201d din Bucure\u0219ti.<\/p>\t\t\t\t\t\t\t\t<\/div>\n\t\t\t\t<\/div>\n\t\t\t\t<div class=\"elementor-element elementor-element-be52cf8 elementor-widget elementor-widget-image\" data-id=\"be52cf8\" data-element_type=\"widget\" data-widget_type=\"image.default\">\n\t\t\t\t<div class=\"elementor-widget-container\">\n\t\t\t\t\t\t\t\t\t\t\t\t\t\t\t<img loading=\"lazy\" decoding=\"async\" width=\"1024\" height=\"683\" src=\"https:\/\/tinerimearomana.ro\/cvartetul-arcadia\/wp-content\/uploads\/sites\/11\/2015\/05\/cvartet-arcadia1-1024x683.jpg\" class=\"attachment-large size-large wp-image-27\" alt=\"\" srcset=\"https:\/\/tinerimearomana.ro\/cvartetul-arcadia\/wp-content\/uploads\/sites\/11\/2015\/05\/cvartet-arcadia1-1024x683.jpg 1024w, https:\/\/tinerimearomana.ro\/cvartetul-arcadia\/wp-content\/uploads\/sites\/11\/2015\/05\/cvartet-arcadia1-300x200.jpg 300w, https:\/\/tinerimearomana.ro\/cvartetul-arcadia\/wp-content\/uploads\/sites\/11\/2015\/05\/cvartet-arcadia1.jpg 1200w\" sizes=\"(max-width: 1024px) 100vw, 1024px\" \/>\t\t\t\t\t\t\t\t\t\t\t\t\t\t\t<\/div>\n\t\t\t\t<\/div>\n\t\t\t\t\t<\/div>\n\t\t<\/div>\n\t\t\t\t\t<\/div>\n\t\t<\/section>\n\t\t\t\t<section class=\"elementor-section elementor-top-section elementor-element elementor-element-fe17484 elementor-section-boxed elementor-section-height-default elementor-section-height-default\" data-id=\"fe17484\" data-element_type=\"section\">\n\t\t\t\t\t\t<div class=\"elementor-container elementor-column-gap-default\">\n\t\t\t\t\t<div class=\"elementor-column elementor-col-100 elementor-top-column elementor-element elementor-element-3bab5ff\" data-id=\"3bab5ff\" data-element_type=\"column\">\n\t\t\t<div class=\"elementor-widget-wrap elementor-element-populated\">\n\t\t\t\t\t\t<div class=\"elementor-element elementor-element-a4c55ec elementor-widget elementor-widget-text-editor\" data-id=\"a4c55ec\" data-element_type=\"widget\" data-widget_type=\"text-editor.default\">\n\t\t\t\t<div class=\"elementor-widget-container\">\n\t\t\t\t\t\t\t\t\t<p>Discul de debut al Cvartetului Arcadia con\u021bine opusuri de Mendelssohn \u0219i Brahms, \u0219i a fost lansat de Fontenay Classics International (Hamburg) \u00een 2009, atr\u0103g\u00e2nd aten\u021bia criticilor muzicali de pretutindeni. Revista Ensemble Magazin a scris despre \u201einterpretarea lor intim\u0103\u201d, \u201esonoritatea lor excep\u021bional\u0103\u201d \u0219i \u201eputerea expresiv\u0103 care las\u0103 o ad\u00e2nc\u0103 impresie asupra ascult\u0103torului\u201d. \u00cenregistrarea Cvartetelor lui Leo\u0161 Jan\u00e1\u010dek, Nr. 1 \u0219i Nr. 2 a fost lansat\u0103 \u00een Octombrie 2013 de casa de discuri Orchid Classics (Londra). Sunday Times a scris despre \u201eo frumuse\u021be care \u00ee\u021bi str\u0103punge inima\u201d, \u0219i c\u0103 \u201eambele lucr\u0103ri sunt interpretate cu o intensitate uluitoare\u201d. \u00cen Financial Times s-a scris c\u0103 cvartetul \u201ea creat o stare t\u0103ioas\u0103 de expresionism care, \u00een v\u00e2ltoarea violent\u0103 de mi\u0219c\u0103ri \u0219i cromatisme, este \u0219ocant de direct\u0103 \u0219i dramatic\u0103, ca \u00eentr-un spectacol de oper\u0103 &#8211; sau \u00eentr-un co\u0219mar\u201d, care \u201eare ca rezultat un atac asupra sim\u021burilor, str\u0103pung\u00e2nd inima acestei muzici tulbur\u0103toare\u201d.<\/p>\t\t\t\t\t\t\t\t<\/div>\n\t\t\t\t<\/div>\n\t\t\t\t\t<\/div>\n\t\t<\/div>\n\t\t\t\t\t<\/div>\n\t\t<\/section>\n\t\t\t\t<\/div>\n\t\t","protected":false},"excerpt":{"rendered":"<p>\u201einterpretarea lor are o asemenea \u00eenc\u0103rc\u0103tur\u0103&#8230; rezultatul fiind un asalt asupra sim\u021burilor, str\u0103pung\u00e2nd inima acestei muzici tulbur\u0103toare\u201d\u00a0&#8211; Financial Times \u00a0 \u00a0 \u00a0 \u00a0 \u00a0 \u00a0C\u00e2\u0219tig\u0103torii concursurilor The 8th Osaka International Chamber Music Competition &amp; Festa \u00een 2014, Wigmore Hall London International String Quartet Competition \u00een 2012, Almere International Chamber Music Competition \u00een 2011 \u0219i International&#8230;<\/p>\n","protected":false},"author":1,"featured_media":0,"parent":0,"menu_order":0,"comment_status":"open","ping_status":"open","template":"","meta":{"_kad_post_transparent":"default","_kad_post_title":"hide","_kad_post_layout":"default","_kad_post_sidebar_id":"","_kad_post_content_style":"default","_kad_post_vertical_padding":"default","_kad_post_feature":"","_kad_post_feature_position":"","_kad_post_header":false,"_kad_post_footer":false,"_kad_post_classname":"","footnotes":""},"class_list":["post-5","page","type-page","status-publish","hentry"],"_links":{"self":[{"href":"https:\/\/tinerimearomana.ro\/cvartetul-arcadia\/wp-json\/wp\/v2\/pages\/5"}],"collection":[{"href":"https:\/\/tinerimearomana.ro\/cvartetul-arcadia\/wp-json\/wp\/v2\/pages"}],"about":[{"href":"https:\/\/tinerimearomana.ro\/cvartetul-arcadia\/wp-json\/wp\/v2\/types\/page"}],"author":[{"embeddable":true,"href":"https:\/\/tinerimearomana.ro\/cvartetul-arcadia\/wp-json\/wp\/v2\/users\/1"}],"replies":[{"embeddable":true,"href":"https:\/\/tinerimearomana.ro\/cvartetul-arcadia\/wp-json\/wp\/v2\/comments?post=5"}],"version-history":[{"count":51,"href":"https:\/\/tinerimearomana.ro\/cvartetul-arcadia\/wp-json\/wp\/v2\/pages\/5\/revisions"}],"predecessor-version":[{"id":562,"href":"https:\/\/tinerimearomana.ro\/cvartetul-arcadia\/wp-json\/wp\/v2\/pages\/5\/revisions\/562"}],"wp:attachment":[{"href":"https:\/\/tinerimearomana.ro\/cvartetul-arcadia\/wp-json\/wp\/v2\/media?parent=5"}],"curies":[{"name":"wp","href":"https:\/\/api.w.org\/{rel}","templated":true}]}}