{"id":8,"date":"2014-11-11T16:55:26","date_gmt":"2014-11-11T16:55:26","guid":{"rendered":"http:\/\/tinerimearomana.ro\/cununa-carpatilor\/?page_id=8"},"modified":"2022-09-22T09:36:41","modified_gmt":"2022-09-22T09:36:41","slug":"despre-noi","status":"publish","type":"page","link":"https:\/\/tinerimearomana.ro\/cununa-carpatilor\/despre-noi\/","title":{"rendered":"DESPRE NOI"},"content":{"rendered":"\t\t<div data-elementor-type=\"wp-page\" data-elementor-id=\"8\" class=\"elementor elementor-8\">\n\t\t\t\t\t\t<section class=\"elementor-section elementor-top-section elementor-element elementor-element-5835afd elementor-section-boxed elementor-section-height-default elementor-section-height-default\" data-id=\"5835afd\" data-element_type=\"section\">\n\t\t\t\t\t\t<div class=\"elementor-container elementor-column-gap-default\">\n\t\t\t\t\t<div class=\"elementor-column elementor-col-33 elementor-top-column elementor-element elementor-element-9a365a0\" data-id=\"9a365a0\" data-element_type=\"column\">\n\t\t\t<div class=\"elementor-widget-wrap elementor-element-populated\">\n\t\t\t\t\t\t<div class=\"elementor-element elementor-element-c904233 elementor-widget elementor-widget-image\" data-id=\"c904233\" data-element_type=\"widget\" data-widget_type=\"image.default\">\n\t\t\t\t<div class=\"elementor-widget-container\">\n\t\t\t\t\t\t\t\t\t\t\t\t\t\t\t<img fetchpriority=\"high\" decoding=\"async\" width=\"1024\" height=\"550\" src=\"https:\/\/tinerimearomana.ro\/cununa-carpatilor\/wp-content\/uploads\/sites\/6\/2022\/09\/cununa-carpatilor-1024x550.jpg\" class=\"attachment-large size-large wp-image-505\" alt=\"\" srcset=\"https:\/\/tinerimearomana.ro\/cununa-carpatilor\/wp-content\/uploads\/sites\/6\/2022\/09\/cununa-carpatilor-1024x550.jpg 1024w, https:\/\/tinerimearomana.ro\/cununa-carpatilor\/wp-content\/uploads\/sites\/6\/2022\/09\/cununa-carpatilor-300x161.jpg 300w, https:\/\/tinerimearomana.ro\/cununa-carpatilor\/wp-content\/uploads\/sites\/6\/2022\/09\/cununa-carpatilor-768x413.jpg 768w, https:\/\/tinerimearomana.ro\/cununa-carpatilor\/wp-content\/uploads\/sites\/6\/2022\/09\/cununa-carpatilor-1536x825.jpg 1536w, https:\/\/tinerimearomana.ro\/cununa-carpatilor\/wp-content\/uploads\/sites\/6\/2022\/09\/cununa-carpatilor.jpg 2048w\" sizes=\"(max-width: 1024px) 100vw, 1024px\" \/>\t\t\t\t\t\t\t\t\t\t\t\t\t\t\t<\/div>\n\t\t\t\t<\/div>\n\t\t\t\t\t<\/div>\n\t\t<\/div>\n\t\t\t\t<div class=\"elementor-column elementor-col-66 elementor-top-column elementor-element elementor-element-3fe0c15\" data-id=\"3fe0c15\" data-element_type=\"column\">\n\t\t\t<div class=\"elementor-widget-wrap elementor-element-populated\">\n\t\t\t\t\t\t<div class=\"elementor-element elementor-element-4647ad1 elementor-widget elementor-widget-heading\" data-id=\"4647ad1\" data-element_type=\"widget\" data-widget_type=\"heading.default\">\n\t\t\t\t<div class=\"elementor-widget-container\">\n\t\t\t\t\t<h2 class=\"elementor-heading-title elementor-size-default\">Ansamblul Folcloric \u201eCununa Carpa\u021bilor\u201d<\/h2>\t\t\t\t<\/div>\n\t\t\t\t<\/div>\n\t\t\t\t<div class=\"elementor-element elementor-element-10c49aa elementor-widget-divider--separator-type-pattern elementor-widget-divider--view-line elementor-widget elementor-widget-divider\" data-id=\"10c49aa\" data-element_type=\"widget\" data-widget_type=\"divider.default\">\n\t\t\t\t<div class=\"elementor-widget-container\">\n\t\t\t\t\t\t\t<div class=\"elementor-divider\" style=\"--divider-pattern-url: url(&quot;data:image\/svg+xml,%3Csvg xmlns=&#039;http:\/\/www.w3.org\/2000\/svg&#039; preserveAspectRatio=&#039;none&#039; overflow=&#039;visible&#039; height=&#039;100%&#039; viewBox=&#039;0 0 24 24&#039; fill=&#039;none&#039; stroke=&#039;black&#039; stroke-width=&#039;3&#039; stroke-linecap=&#039;square&#039; stroke-miterlimit=&#039;10&#039;%3E%3Cpolyline points=&#039;0,18 12,6 24,18 &#039;\/%3E%3C\/svg%3E&quot;);\">\n\t\t\t<span class=\"elementor-divider-separator\">\n\t\t\t\t\t\t<\/span>\n\t\t<\/div>\n\t\t\t\t\t\t<\/div>\n\t\t\t\t<\/div>\n\t\t\t\t<div class=\"elementor-element elementor-element-b5c3034 elementor-widget elementor-widget-text-editor\" data-id=\"b5c3034\" data-element_type=\"widget\" data-widget_type=\"text-editor.default\">\n\t\t\t\t<div class=\"elementor-widget-container\">\n\t\t\t\t\t\t\t\t\t<p><em>Ansamblul Folcloric Profesionist \u201eCununa Carpa\u021bilor\u201d<\/em>&nbsp; peste 70 de ani de activitate pe scenele lumii \u0219i are \u00een componen\u0163a sa arti\u015fti&nbsp;<em>\u2013&nbsp;<\/em>instrumenti\u015fti, dansatori \u2013 care, sub conducerea competent\u0103 a unor speciali\u015fti, au preg\u0103tit \u015fi prezentat pe parcursul anilor, numeroase spectacole de o \u0163inut\u0103 artistic\u0103 deosebit\u0103. Calitatea spectacolelor, varietatea repertorial\u0103, cromatica costumelor, m\u0103iestria interpretativ\u0103 au f\u0103cut ca acest ansamblu s\u0103 reprezinte cu succes folclorul rom\u00e2nesc \u00een formele cele mai autentice, pe scenele interna\u021bionale.&nbsp;<\/p><p>Cu un repertoriu muzical deosebit, care cuprinde c\u00e2ntece \u015fi jocuri populare autentice, din toate zonele etnofolclorice ale \u0163\u0103rii,&nbsp;<em><b>Ansamblul Cununa Carpa\u021bilor<\/b><\/em>&nbsp;realizeaz\u0103 stagiuni de spectacole, urm\u0103rind, \u00een principal, promovarea bog\u0103\u0163iilor spirituale rom\u00e2ne\u015fti, cultivarea valorilor \u015fi autenticit\u0103\u0163ii crea\u0163iei populare \u015fi a artei interpretative profesioniste, criterii ce au stat la baza prezent\u0103rii a mii de spectacole de referin\u0163\u0103 a c\u0103ror complexitate \u015fi frumuse\u0163e de execu\u0163ie, au adus aprecierile elogioase ale speciali\u015ftilor \u015fi aplauzele spectatorilor.<\/p>\t\t\t\t\t\t\t\t<\/div>\n\t\t\t\t<\/div>\n\t\t\t\t\t<\/div>\n\t\t<\/div>\n\t\t\t\t\t<\/div>\n\t\t<\/section>\n\t\t\t\t<\/div>\n\t\t","protected":false},"excerpt":{"rendered":"<p>Ansamblul Folcloric \u201eCununa Carpa\u021bilor\u201d Ansamblul Folcloric Profesionist \u201eCununa Carpa\u021bilor\u201d&nbsp; peste 70 de ani de activitate pe scenele lumii \u0219i are \u00een componen\u0163a sa arti\u015fti&nbsp;\u2013&nbsp;instrumenti\u015fti, dansatori \u2013 care, sub conducerea competent\u0103 a unor speciali\u015fti, au preg\u0103tit \u015fi prezentat pe parcursul anilor, numeroase spectacole de o \u0163inut\u0103 artistic\u0103 deosebit\u0103. Calitatea spectacolelor, varietatea repertorial\u0103, cromatica costumelor, m\u0103iestria interpretativ\u0103&#8230;<\/p>\n","protected":false},"author":1,"featured_media":0,"parent":0,"menu_order":0,"comment_status":"open","ping_status":"open","template":"","meta":{"_kad_post_transparent":"","_kad_post_title":"hide","_kad_post_layout":"fullwidth","_kad_post_sidebar_id":"","_kad_post_content_style":"unboxed","_kad_post_vertical_padding":"hide","_kad_post_feature":"hide","_kad_post_feature_position":"","_kad_post_header":false,"_kad_post_footer":false,"_kad_post_classname":"","footnotes":""},"class_list":["post-8","page","type-page","status-publish","hentry"],"_links":{"self":[{"href":"https:\/\/tinerimearomana.ro\/cununa-carpatilor\/wp-json\/wp\/v2\/pages\/8"}],"collection":[{"href":"https:\/\/tinerimearomana.ro\/cununa-carpatilor\/wp-json\/wp\/v2\/pages"}],"about":[{"href":"https:\/\/tinerimearomana.ro\/cununa-carpatilor\/wp-json\/wp\/v2\/types\/page"}],"author":[{"embeddable":true,"href":"https:\/\/tinerimearomana.ro\/cununa-carpatilor\/wp-json\/wp\/v2\/users\/1"}],"replies":[{"embeddable":true,"href":"https:\/\/tinerimearomana.ro\/cununa-carpatilor\/wp-json\/wp\/v2\/comments?post=8"}],"version-history":[{"count":6,"href":"https:\/\/tinerimearomana.ro\/cununa-carpatilor\/wp-json\/wp\/v2\/pages\/8\/revisions"}],"predecessor-version":[{"id":511,"href":"https:\/\/tinerimearomana.ro\/cununa-carpatilor\/wp-json\/wp\/v2\/pages\/8\/revisions\/511"}],"wp:attachment":[{"href":"https:\/\/tinerimearomana.ro\/cununa-carpatilor\/wp-json\/wp\/v2\/media?parent=8"}],"curies":[{"name":"wp","href":"https:\/\/api.w.org\/{rel}","templated":true}]}}