{"id":88,"date":"2015-01-27T22:50:33","date_gmt":"2015-01-27T22:50:33","guid":{"rendered":"http:\/\/tinerimearomana.ro\/corul-preludiu\/?page_id=88"},"modified":"2024-12-12T14:22:41","modified_gmt":"2024-12-12T14:22:41","slug":"muzicieni","status":"publish","type":"page","link":"https:\/\/tinerimearomana.ro\/corul-preludiu\/muzicieni\/","title":{"rendered":"MUZICIENI"},"content":{"rendered":"<div class=\"redred\" style=\"padding: 30px;\">\n<p style=\"text-align: left;\"><strong>DIRIJOR<\/strong><br \/>\n<strong>EN\u0102CHESCU Voicu<\/strong><\/p>\n<div class=\"su-row\"><div class=\"su-column su-column-size-1-4\"><div class=\"su-column-inner su-u-clearfix su-u-trim\"><div class=\"su-box su-box-style-default\" id=\"\" style=\"border-color:#cbbc79;border-radius:3px;\"><div class=\"su-box-title\" style=\"background-color:#feefac;color:#ab0000;border-top-left-radius:1px;border-top-right-radius:1px\">Soprane<\/div><div class=\"su-box-content su-u-clearfix su-u-trim\" style=\"border-bottom-left-radius:1px;border-bottom-right-radius:1px\">\nARGHIR Cristina<br \/>\nBOSOVICI Alina<br \/>\nBUHAL\u0162EANU Mioara<br \/>\nCALOMFIRESCU Ozana<br \/>\nGU\u0162ANU Lumini\u0163a<br \/>\nHRIOR Ioana<br \/>\nIONESCU IRINA<br \/>\nM\u0102DINC\u0102 Gabriela<br \/>\nMIRCEA Floren\u0163a<br \/>\nP\u0102UN Ramona<br \/>\nSTOICA Raluca<br \/>\n<\/div><\/div><\/div><\/div>\n<div class=\"su-column su-column-size-1-4\"><div class=\"su-column-inner su-u-clearfix su-u-trim\"><div class=\"su-box su-box-style-default\" id=\"\" style=\"border-color:#cbbc79;border-radius:3px;\"><div class=\"su-box-title\" style=\"background-color:#feefac;color:#ab0000;border-top-left-radius:1px;border-top-right-radius:1px\">Altiste<\/div><div class=\"su-box-content su-u-clearfix su-u-trim\" style=\"border-bottom-left-radius:1px;border-bottom-right-radius:1px\">\nBOJOGA Rebeca Simona<br \/>\nDAMIAN Gabriela<br \/>\nENESCU Carmen<br \/>\nIORD\u0102CHESCU Camelia<br \/>\nPOPESCU Dana<br \/>\nPUIU Ana-Maria<br \/>\n<div class=\"su-spacer\" style=\"height:90px\"><\/div>\n<\/div><\/div><\/div><\/div>\n<div class=\"su-column su-column-size-1-4\"><div class=\"su-column-inner su-u-clearfix su-u-trim\"><div class=\"su-box su-box-style-default\" id=\"\" style=\"border-color:#cbbc79;border-radius:3px;\"><div class=\"su-box-title\" style=\"background-color:#feefac;color:#ab0000;border-top-left-radius:1px;border-top-right-radius:1px\">Tenori<\/div><div class=\"su-box-content su-u-clearfix su-u-trim\" style=\"border-bottom-left-radius:1px;border-bottom-right-radius:1px\">\nCRI\u015eAN Claudia<br \/>\nMARDARE Ciprian<br \/>\nMARICA Gabriel<br \/>\nNEAGOE Florin<br \/>\nPA\u0162\u0102 Cristian<br \/>\nPE\u0162U Liviu C\u0103t\u0103lin<br \/>\nR\u0102DOS R\u0103zvan<br \/>\nT\u0102NASE Tudor<br \/>\nTURCU Paul<br \/>\n<div class=\"su-spacer\" style=\"height:35px\"><\/div>\n<\/div><\/div><\/div><\/div>\n<div class=\"su-column su-column-size-1-4\"><div class=\"su-column-inner su-u-clearfix su-u-trim\"><div class=\"su-box su-box-style-default\" id=\"\" style=\"border-color:#cbbc79;border-radius:3px;\"><div class=\"su-box-title\" style=\"background-color:#feefac;color:#ab0000;border-top-left-radius:1px;border-top-right-radius:1px\">Ba\u015fi<\/div><div class=\"su-box-content su-u-clearfix su-u-trim\" style=\"border-bottom-left-radius:1px;border-bottom-right-radius:1px\">\nCONSTANTINESCU Cristian<br \/>\nIS\u0102CESCU Radu<br \/>\nMELINTE Cosmin<br \/>\nNINE Marius<br \/>\nNOVAC Remus<br \/>\nVASILACHE Alin<br \/>\n<div class=\"su-spacer\" style=\"height:70px\"><\/div>\n<\/div><\/div><\/div><\/div>\n<\/div>\n<\/div>\n<div class=\"redred\" style=\"padding: 30px;\">\n<p style=\"text-align: left;\"><strong>DIRIJOR<\/strong><br \/>\n<strong>EN\u0102CHESCU Voicu<\/strong><\/p>\n<div class=\"su-row\"><div class=\"su-column su-column-size-1-4\"><div class=\"su-column-inner su-u-clearfix su-u-trim\"><div class=\"su-box su-box-style-default\" id=\"\" style=\"border-color:#cbbc79;border-radius:3px;\"><div class=\"su-box-title\" style=\"background-color:#feefac;color:#ab0000;border-top-left-radius:1px;border-top-right-radius:1px\">Soprane<\/div><div class=\"su-box-content su-u-clearfix su-u-trim\" style=\"border-bottom-left-radius:1px;border-bottom-right-radius:1px\">\nARGHIR Cristina<br \/>\nBOSOVICI Alina<br \/>\nBUHAL\u0162EANU Mioara<br \/>\nCALOMFIRESCU Ozana<br \/>\nGU\u0162ANU Lumini\u0163a<br \/>\nHRIOR Ioana<br \/>\nIONESCU IRINA<br \/>\nM\u0102DINC\u0102 Gabriela<br \/>\nMIRCEA Floren\u0163a<br \/>\nP\u0102UN Ramona<br \/>\nSTOICA Raluca<br \/>\n<\/div><\/div><\/div><\/div>\n<div class=\"su-column su-column-size-1-4\"><div class=\"su-column-inner su-u-clearfix su-u-trim\"><div class=\"su-box su-box-style-default\" id=\"\" style=\"border-color:#cbbc79;border-radius:3px;\"><div class=\"su-box-title\" style=\"background-color:#feefac;color:#ab0000;border-top-left-radius:1px;border-top-right-radius:1px\">Alto<\/div><div class=\"su-box-content su-u-clearfix su-u-trim\" style=\"border-bottom-left-radius:1px;border-bottom-right-radius:1px\">\nBOJOGA Rebeca Simona<br \/>\nDAMIAN Gabriela<br \/>\nENESCU Carmen<br \/>\nIORD\u0102CHESCU Camelia<br \/>\nPOPESCU Dana<br \/>\nPUIU Ana-Maria<br \/>\n<div class=\"su-spacer\" style=\"height:90px\"><\/div>\n<\/div><\/div><\/div><\/div>\n<div class=\"su-column su-column-size-1-4\"><div class=\"su-column-inner su-u-clearfix su-u-trim\"><div class=\"su-box su-box-style-default\" id=\"\" style=\"border-color:#cbbc79;border-radius:3px;\"><div class=\"su-box-title\" style=\"background-color:#feefac;color:#ab0000;border-top-left-radius:1px;border-top-right-radius:1px\">Tenors<\/div><div class=\"su-box-content su-u-clearfix su-u-trim\" style=\"border-bottom-left-radius:1px;border-bottom-right-radius:1px\">\nCRI\u015eAN Claudia<br \/>\nMARDARE Ciprian<br \/>\nMARICA Gabriel<br \/>\nNEAGOE Florin<br \/>\nPA\u0162\u0102 Cristian<br \/>\nPE\u0162U Liviu C\u0103t\u0103lin<br \/>\nR\u0102DOS R\u0103zvan<br \/>\nT\u0102NASE Tudor<br \/>\nTURCU Paul<br \/>\n<div class=\"su-spacer\" style=\"height:35px\"><\/div>\n<\/div><\/div><\/div><\/div>\n<div class=\"su-column su-column-size-1-4\"><div class=\"su-column-inner su-u-clearfix su-u-trim\"><div class=\"su-box su-box-style-default\" id=\"\" style=\"border-color:#cbbc79;border-radius:3px;\"><div class=\"su-box-title\" style=\"background-color:#feefac;color:#ab0000;border-top-left-radius:1px;border-top-right-radius:1px\">Ba\u015fi<\/div><div class=\"su-box-content su-u-clearfix su-u-trim\" style=\"border-bottom-left-radius:1px;border-bottom-right-radius:1px\">\nCONSTANTINESCU Cristian<br \/>\nIS\u0102CESCU Radu<br \/>\nMELINTE Cosmin<br \/>\nNINE Marius<br \/>\nNOVAC Remus<br \/>\nVASILACHE Alin<br \/>\n<div class=\"su-spacer\" style=\"height:70px\"><\/div>\n<\/div><\/div><\/div><\/div>\n<\/div>\n<\/div>\n","protected":false},"excerpt":{"rendered":"<p>DIRIJOR EN\u0102CHESCU Voicu DIRIJOR EN\u0102CHESCU Voicu<\/p>\n","protected":false},"author":1,"featured_media":0,"parent":0,"menu_order":0,"comment_status":"closed","ping_status":"closed","template":"","meta":{"_kadence_starter_templates_imported_post":false,"_kad_post_transparent":"default","_kad_post_title":"default","_kad_post_layout":"default","_kad_post_sidebar_id":"","_kad_post_content_style":"default","_kad_post_vertical_padding":"default","_kad_post_feature":"","_kad_post_feature_position":"","_kad_post_header":false,"_kad_post_footer":false,"_kad_post_classname":"","footnotes":""},"class_list":["post-88","page","type-page","status-publish","hentry"],"_links":{"self":[{"href":"https:\/\/tinerimearomana.ro\/corul-preludiu\/wp-json\/wp\/v2\/pages\/88"}],"collection":[{"href":"https:\/\/tinerimearomana.ro\/corul-preludiu\/wp-json\/wp\/v2\/pages"}],"about":[{"href":"https:\/\/tinerimearomana.ro\/corul-preludiu\/wp-json\/wp\/v2\/types\/page"}],"author":[{"embeddable":true,"href":"https:\/\/tinerimearomana.ro\/corul-preludiu\/wp-json\/wp\/v2\/users\/1"}],"replies":[{"embeddable":true,"href":"https:\/\/tinerimearomana.ro\/corul-preludiu\/wp-json\/wp\/v2\/comments?post=88"}],"version-history":[{"count":17,"href":"https:\/\/tinerimearomana.ro\/corul-preludiu\/wp-json\/wp\/v2\/pages\/88\/revisions"}],"predecessor-version":[{"id":782,"href":"https:\/\/tinerimearomana.ro\/corul-preludiu\/wp-json\/wp\/v2\/pages\/88\/revisions\/782"}],"wp:attachment":[{"href":"https:\/\/tinerimearomana.ro\/corul-preludiu\/wp-json\/wp\/v2\/media?parent=88"}],"curies":[{"name":"wp","href":"https:\/\/api.w.org\/{rel}","templated":true}]}}